{"id":36130,"date":"2024-08-21T13:37:49","date_gmt":"2024-08-21T18:37:49","guid":{"rendered":"https:\/\/coqhcyt.qroo.gob.mx\/?page_id=36130"},"modified":"2024-08-21T13:37:51","modified_gmt":"2024-08-21T18:37:51","slug":"mision-vision-y-objetivos","status":"publish","type":"page","link":"https:\/\/coqhcyt.qroo.gob.mx\/index.php\/mision-vision-y-objetivos\/","title":{"rendered":"Misi\u00f3n, Visi\u00f3n y Objetivos"},"content":{"rendered":"\n<p class=\"has-text-align-left\"><strong>Misi\u00f3n<\/strong><br>Formular y conducir la pol\u00edtica estatal en materia de Humanidades, Ciencias, Tecnolog\u00edas e Innovaci\u00f3n, mediante mecanismos e  instrumentos p\u00fablicos de fomento y apoyo, en beneficio de la poblaci\u00f3n quintanarroense, para garantizar el derecho humano a los<br>beneficios de la ciencia y el acceso universal al conocimiento<\/p>\n\n\n\n<p><strong>Visi\u00f3n<\/strong><br>Ser el organismo p\u00fablico de referencia en el Sureste de M\u00e9xico que articula el Sistema Estatal de Humanidades, Ciencias, Tecnolog\u00edas e Innovaci\u00f3n y conduce la pol\u00edtica Estatal a trav\u00e9s de mecanismos e instrumentos p\u00fablicos de fomento y apoyo con justicia, equidad, inclusi\u00f3n e integridad, garantizando el derecho humano a los beneficios de la ciencia y el acceso universal al conocimiento de la poblaci\u00f3n, contribuyendo al desarrollo sustentable y sostenible <\/p>\n\n\n\n<p><strong>Valores<\/strong><br><strong>HONESTIDAD<\/strong>.- Cumplimos de manera integral, responsable y en un ambiente sano y seguro, que garantice la igualdad de oportunidades, nuestras obligaciones y compromisos, buscando la consistencia entre lo que decimos y hacemos.<\/p>\n\n\n\n<p><br><strong>RESPONSABILIDAD<\/strong>.- El valor de la responsabilidad reside en cumplir con respeto y equidad de g\u00e9nero con nuestros deberes en tiempo y forma.<\/p>\n\n\n\n<p><br><strong>COLABORACI\u00d3N<\/strong>.- Es un valor que permite obtener mejores propuestas, acciones y resultados a trav\u00e9s de la promoci\u00f3n de igualdad<br>de oportunidades, la no discriminaci\u00f3n y respeto. <\/p>\n\n\n\n<p><br><strong>ORIENTACI\u00d3N DE SERVICIO AL USUARIO<\/strong>.- Actitud para Identificar las necesidades del usuario, tanto interno como externo generando<br>acciones necesarias para satisfacerlas.<\/p>\n","protected":false},"excerpt":{"rendered":"<p>Misi\u00f3nFormular y conducir la pol\u00edtica estatal en materia de Humanidades, Ciencias, Tecnolog\u00edas e Innovaci\u00f3n, mediante mecanismos e instrumentos p\u00fablicos de fomento y apoyo, en beneficio de la poblaci\u00f3n quintanarroense, para garantizar el derecho humano a losbeneficios de la ciencia y el acceso universal al conocimiento Visi\u00f3nSer el organismo p\u00fablico de referencia en el Sureste de &#8230; <a title=\"Misi\u00f3n, Visi\u00f3n y Objetivos\" class=\"read-more\" href=\"https:\/\/coqhcyt.qroo.gob.mx\/index.php\/mision-vision-y-objetivos\/\" aria-label=\"Leer m\u00e1s sobre Misi\u00f3n, Visi\u00f3n y Objetivos\">Leer m\u00e1s<\/a><\/p>\n","protected":false},"author":4,"featured_media":0,"parent":0,"menu_order":0,"comment_status":"closed","ping_status":"closed","template":"","meta":{"_eb_attr":"","footnotes":""},"class_list":["post-36130","page","type-page","status-publish"],"yoast_head":"<!-- This site is optimized with the Yoast SEO plugin v27.6 - https:\/\/yoast.com\/product\/yoast-seo-wordpress\/ -->\n<title>Misi\u00f3n, Visi\u00f3n y Objetivos - Consejo Quintanarroense de Humanidades, Ciencias y Tecnolog\u00edas<\/title>\n<meta name=\"robots\" content=\"index, follow, max-snippet:-1, max-image-preview:large, max-video-preview:-1\" \/>\n<link rel=\"canonical\" href=\"https:\/\/coqhcyt.qroo.gob.mx\/index.php\/mision-vision-y-objetivos\/\" \/>\n<meta property=\"og:locale\" content=\"es_MX\" \/>\n<meta property=\"og:type\" content=\"article\" \/>\n<meta property=\"og:title\" content=\"Misi\u00f3n, Visi\u00f3n y Objetivos - Consejo Quintanarroense de Humanidades, Ciencias y Tecnolog\u00edas\" \/>\n<meta property=\"og:description\" content=\"Misi\u00f3nFormular y conducir la pol\u00edtica estatal en materia de Humanidades, Ciencias, Tecnolog\u00edas e Innovaci\u00f3n, mediante mecanismos e instrumentos p\u00fablicos de fomento y apoyo, en beneficio de la poblaci\u00f3n quintanarroense, para garantizar el derecho humano a losbeneficios de la ciencia y el acceso universal al conocimiento Visi\u00f3nSer el organismo p\u00fablico de referencia en el Sureste de ... Leer m\u00e1s\" \/>\n<meta property=\"og:url\" content=\"https:\/\/coqhcyt.qroo.gob.mx\/index.php\/mision-vision-y-objetivos\/\" \/>\n<meta property=\"og:site_name\" content=\"Consejo Quintanarroense de Humanidades, Ciencias y Tecnolog\u00edas\" \/>\n<meta property=\"article:modified_time\" content=\"2024-08-21T18:37:51+00:00\" \/>\n<meta name=\"twitter:card\" content=\"summary_large_image\" \/>\n<meta name=\"twitter:label1\" content=\"Tiempo de lectura\" \/>\n\t<meta name=\"twitter:data1\" content=\"2 minutos\" \/>\n<script type=\"application\/ld+json\" class=\"yoast-schema-graph\">{\"@context\":\"https:\\\/\\\/schema.org\",\"@graph\":[{\"@type\":\"WebPage\",\"@id\":\"https:\\\/\\\/coqhcyt.qroo.gob.mx\\\/index.php\\\/mision-vision-y-objetivos\\\/\",\"url\":\"https:\\\/\\\/coqhcyt.qroo.gob.mx\\\/index.php\\\/mision-vision-y-objetivos\\\/\",\"name\":\"Misi\u00f3n, Visi\u00f3n y Objetivos - Consejo Quintanarroense de Humanidades, Ciencias y Tecnolog\u00edas\",\"isPartOf\":{\"@id\":\"https:\\\/\\\/coqhcyt.qroo.gob.mx\\\/#website\"},\"datePublished\":\"2024-08-21T18:37:49+00:00\",\"dateModified\":\"2024-08-21T18:37:51+00:00\",\"breadcrumb\":{\"@id\":\"https:\\\/\\\/coqhcyt.qroo.gob.mx\\\/index.php\\\/mision-vision-y-objetivos\\\/#breadcrumb\"},\"inLanguage\":\"es\",\"potentialAction\":[{\"@type\":\"ReadAction\",\"target\":[\"https:\\\/\\\/coqhcyt.qroo.gob.mx\\\/index.php\\\/mision-vision-y-objetivos\\\/\"]}]},{\"@type\":\"BreadcrumbList\",\"@id\":\"https:\\\/\\\/coqhcyt.qroo.gob.mx\\\/index.php\\\/mision-vision-y-objetivos\\\/#breadcrumb\",\"itemListElement\":[{\"@type\":\"ListItem\",\"position\":1,\"name\":\"Inicio\",\"item\":\"https:\\\/\\\/coqhcyt.qroo.gob.mx\\\/\"},{\"@type\":\"ListItem\",\"position\":2,\"name\":\"Misi\u00f3n, Visi\u00f3n y Objetivos\"}]},{\"@type\":\"WebSite\",\"@id\":\"https:\\\/\\\/coqhcyt.qroo.gob.mx\\\/#website\",\"url\":\"https:\\\/\\\/coqhcyt.qroo.gob.mx\\\/\",\"name\":\"Consejo Quintanarroense de Humanidades, Ciencias y Tecnolog\u00edas\",\"description\":\"COQHCYT, anteriormente conocida como COQCYT Quintana Roo atendemos los estudios de las humanidades, ciencia y tecnolog\u00eda del estado de Quintana Roo\",\"publisher\":{\"@id\":\"https:\\\/\\\/coqhcyt.qroo.gob.mx\\\/#organization\"},\"potentialAction\":[{\"@type\":\"SearchAction\",\"target\":{\"@type\":\"EntryPoint\",\"urlTemplate\":\"https:\\\/\\\/coqhcyt.qroo.gob.mx\\\/?s={search_term_string}\"},\"query-input\":{\"@type\":\"PropertyValueSpecification\",\"valueRequired\":true,\"valueName\":\"search_term_string\"}}],\"inLanguage\":\"es\"},{\"@type\":\"Organization\",\"@id\":\"https:\\\/\\\/coqhcyt.qroo.gob.mx\\\/#organization\",\"name\":\"Consejo Quintanarroense de Humanidades, Ciencias y Tecnolog\u00edas\",\"url\":\"https:\\\/\\\/coqhcyt.qroo.gob.mx\\\/\",\"logo\":{\"@type\":\"ImageObject\",\"inLanguage\":\"es\",\"@id\":\"https:\\\/\\\/coqhcyt.qroo.gob.mx\\\/#\\\/schema\\\/logo\\\/image\\\/\",\"url\":\"https:\\\/\\\/coqhcyt.qroo.gob.mx\\\/wp-content\\\/uploads\\\/2024\\\/08\\\/cropped-LOGO-COQHCYT-e1724120083330.png\",\"contentUrl\":\"https:\\\/\\\/coqhcyt.qroo.gob.mx\\\/wp-content\\\/uploads\\\/2024\\\/08\\\/cropped-LOGO-COQHCYT-e1724120083330.png\",\"width\":6127,\"height\":1863,\"caption\":\"Consejo Quintanarroense de Humanidades, Ciencias y Tecnolog\u00edas\"},\"image\":{\"@id\":\"https:\\\/\\\/coqhcyt.qroo.gob.mx\\\/#\\\/schema\\\/logo\\\/image\\\/\"}}]}<\/script>\n<!-- \/ Yoast SEO plugin. -->","yoast_head_json":{"title":"Misi\u00f3n, Visi\u00f3n y Objetivos - Consejo Quintanarroense de Humanidades, Ciencias y Tecnolog\u00edas","robots":{"index":"index","follow":"follow","max-snippet":"max-snippet:-1","max-image-preview":"max-image-preview:large","max-video-preview":"max-video-preview:-1"},"canonical":"https:\/\/coqhcyt.qroo.gob.mx\/index.php\/mision-vision-y-objetivos\/","og_locale":"es_MX","og_type":"article","og_title":"Misi\u00f3n, Visi\u00f3n y Objetivos - Consejo Quintanarroense de Humanidades, Ciencias y Tecnolog\u00edas","og_description":"Misi\u00f3nFormular y conducir la pol\u00edtica estatal en materia de Humanidades, Ciencias, Tecnolog\u00edas e Innovaci\u00f3n, mediante mecanismos e instrumentos p\u00fablicos de fomento y apoyo, en beneficio de la poblaci\u00f3n quintanarroense, para garantizar el derecho humano a losbeneficios de la ciencia y el acceso universal al conocimiento Visi\u00f3nSer el organismo p\u00fablico de referencia en el Sureste de ... Leer m\u00e1s","og_url":"https:\/\/coqhcyt.qroo.gob.mx\/index.php\/mision-vision-y-objetivos\/","og_site_name":"Consejo Quintanarroense de Humanidades, Ciencias y Tecnolog\u00edas","article_modified_time":"2024-08-21T18:37:51+00:00","twitter_card":"summary_large_image","twitter_misc":{"Tiempo de lectura":"2 minutos"},"schema":{"@context":"https:\/\/schema.org","@graph":[{"@type":"WebPage","@id":"https:\/\/coqhcyt.qroo.gob.mx\/index.php\/mision-vision-y-objetivos\/","url":"https:\/\/coqhcyt.qroo.gob.mx\/index.php\/mision-vision-y-objetivos\/","name":"Misi\u00f3n, Visi\u00f3n y Objetivos - Consejo Quintanarroense de Humanidades, Ciencias y Tecnolog\u00edas","isPartOf":{"@id":"https:\/\/coqhcyt.qroo.gob.mx\/#website"},"datePublished":"2024-08-21T18:37:49+00:00","dateModified":"2024-08-21T18:37:51+00:00","breadcrumb":{"@id":"https:\/\/coqhcyt.qroo.gob.mx\/index.php\/mision-vision-y-objetivos\/#breadcrumb"},"inLanguage":"es","potentialAction":[{"@type":"ReadAction","target":["https:\/\/coqhcyt.qroo.gob.mx\/index.php\/mision-vision-y-objetivos\/"]}]},{"@type":"BreadcrumbList","@id":"https:\/\/coqhcyt.qroo.gob.mx\/index.php\/mision-vision-y-objetivos\/#breadcrumb","itemListElement":[{"@type":"ListItem","position":1,"name":"Inicio","item":"https:\/\/coqhcyt.qroo.gob.mx\/"},{"@type":"ListItem","position":2,"name":"Misi\u00f3n, Visi\u00f3n y Objetivos"}]},{"@type":"WebSite","@id":"https:\/\/coqhcyt.qroo.gob.mx\/#website","url":"https:\/\/coqhcyt.qroo.gob.mx\/","name":"Consejo Quintanarroense de Humanidades, Ciencias y Tecnolog\u00edas","description":"COQHCYT, anteriormente conocida como COQCYT Quintana Roo atendemos los estudios de las humanidades, ciencia y tecnolog\u00eda del estado de Quintana Roo","publisher":{"@id":"https:\/\/coqhcyt.qroo.gob.mx\/#organization"},"potentialAction":[{"@type":"SearchAction","target":{"@type":"EntryPoint","urlTemplate":"https:\/\/coqhcyt.qroo.gob.mx\/?s={search_term_string}"},"query-input":{"@type":"PropertyValueSpecification","valueRequired":true,"valueName":"search_term_string"}}],"inLanguage":"es"},{"@type":"Organization","@id":"https:\/\/coqhcyt.qroo.gob.mx\/#organization","name":"Consejo Quintanarroense de Humanidades, Ciencias y Tecnolog\u00edas","url":"https:\/\/coqhcyt.qroo.gob.mx\/","logo":{"@type":"ImageObject","inLanguage":"es","@id":"https:\/\/coqhcyt.qroo.gob.mx\/#\/schema\/logo\/image\/","url":"https:\/\/coqhcyt.qroo.gob.mx\/wp-content\/uploads\/2024\/08\/cropped-LOGO-COQHCYT-e1724120083330.png","contentUrl":"https:\/\/coqhcyt.qroo.gob.mx\/wp-content\/uploads\/2024\/08\/cropped-LOGO-COQHCYT-e1724120083330.png","width":6127,"height":1863,"caption":"Consejo Quintanarroense de Humanidades, Ciencias y Tecnolog\u00edas"},"image":{"@id":"https:\/\/coqhcyt.qroo.gob.mx\/#\/schema\/logo\/image\/"}}]}},"_links":{"self":[{"href":"https:\/\/coqhcyt.qroo.gob.mx\/index.php\/wp-json\/wp\/v2\/pages\/36130","targetHints":{"allow":["GET"]}}],"collection":[{"href":"https:\/\/coqhcyt.qroo.gob.mx\/index.php\/wp-json\/wp\/v2\/pages"}],"about":[{"href":"https:\/\/coqhcyt.qroo.gob.mx\/index.php\/wp-json\/wp\/v2\/types\/page"}],"author":[{"embeddable":true,"href":"https:\/\/coqhcyt.qroo.gob.mx\/index.php\/wp-json\/wp\/v2\/users\/4"}],"replies":[{"embeddable":true,"href":"https:\/\/coqhcyt.qroo.gob.mx\/index.php\/wp-json\/wp\/v2\/comments?post=36130"}],"version-history":[{"count":1,"href":"https:\/\/coqhcyt.qroo.gob.mx\/index.php\/wp-json\/wp\/v2\/pages\/36130\/revisions"}],"predecessor-version":[{"id":36131,"href":"https:\/\/coqhcyt.qroo.gob.mx\/index.php\/wp-json\/wp\/v2\/pages\/36130\/revisions\/36131"}],"wp:attachment":[{"href":"https:\/\/coqhcyt.qroo.gob.mx\/index.php\/wp-json\/wp\/v2\/media?parent=36130"}],"curies":[{"name":"wp","href":"https:\/\/api.w.org\/{rel}","templated":true}]}}