{"id":36190,"date":"2024-08-22T14:06:44","date_gmt":"2024-08-22T19:06:44","guid":{"rendered":"https:\/\/coqhcyt.qroo.gob.mx\/?page_id=36190"},"modified":"2025-10-01T19:28:41","modified_gmt":"2025-10-02T00:28:41","slug":"leyes-y-reglamentos","status":"publish","type":"page","link":"https:\/\/coqhcyt.qroo.gob.mx\/index.php\/leyes-y-reglamentos\/","title":{"rendered":"Leyes y Reglamentos"},"content":{"rendered":"\n<p><a href=\"https:\/\/drive.google.com\/file\/d\/10nUdnp05BMWDgbkRSg-bbm9ZkwQa4Afi\/view?usp=sharing\">Ley de Humanidades, Ciencia, Tecnolog\u00eda  e Innovaci\u00f3n del Estado de QRoo<\/a><\/p>\n\n\n\n<p><a href=\"https:\/\/drive.google.com\/file\/d\/1E5tTryNy1LaAi6K5_h2edDqrVkk2eD-4\/view?usp=drive_link\">Plan Estatal de Desarrollo 23-27<\/a><\/p>\n\n\n\n<p><a href=\"https:\/\/drive.google.com\/file\/d\/1FU5-1MUnybdYj-crNG1V0QuEnzuWvq7t\/view?usp=drive_link\">Ley General de Responsabilidades Administrativas<\/a><\/p>\n\n\n\n<p><a href=\"https:\/\/drive.google.com\/file\/d\/18nQVT35bqOfpaF821EQjjGJR9kSi7t5t\/view?usp=drive_link\">Reglamento interior COQCYT 2022<\/a><\/p>\n\n\n\n<p><a href=\"https:\/\/drive.google.com\/file\/d\/1xnwH9G40GTxIhAicV7GYtxavMwUnaEA4\/view?usp=drive_link\">REGLAMENTO DE CONDICIONES GENERALES DE TRABAJO<\/a> <a href=\"https:\/\/drive.google.com\/file\/d\/1xnwH9G40GTxIhAicV7GYtxavMwUnaEA4\/view?usp=drive_link\">DE LOS TRABAJADORES AL SERVICIO DEL PODER EJECUTIVO DEL ESTADO.<\/a><\/p>\n\n\n\n<p><a href=\"https:\/\/drive.google.com\/file\/d\/1UY5c9N6Mz1zCrKhkIfl_VgeTtX3dfPzG\/view?usp=drive_link\">Programa Sectorial 2023-2027 Quintana Roo <\/a><\/p>\n\n\n\n<p><a href=\"https:\/\/drive.google.com\/file\/d\/1ZxU3WonKigzY9jBIwffocbRgozatrUuA\/view?usp=drive_link\">REGLAMENTO PREMIOS ESTATALES CTI<\/a><\/p>\n\n\n\n<p><a href=\"https:\/\/drive.google.com\/file\/d\/1vx251nqn8cllOAAFHGsFEucdwonee8n2\/view?usp=drive_link\">REGLAMENTO SISTEMA ESTATAL DE INVESTIGADORES<\/a><\/p>\n\n\n\n<p><a href=\"https:\/\/drive.google.com\/file\/d\/1adl1cs9oBBc7ZENBWogrC9A4KjlRxoEa\/view?usp=drive_link\">Ley de Entrega y Recepci\u00f3n de los Poderes P\u00fablicos del Estado de Quintana Roo<\/a><\/p>\n\n\n\n<p><a href=\"https:\/\/drive.google.com\/file\/d\/10kTTbZsDkoSc5TPSpV-wNjVUuGGoWNB5\/view?usp=sharing\">Pol\u00edtica de Cuidado Ambiental COQHCYT<\/a><\/p>\n\n\n\n<p><\/p>\n","protected":false},"excerpt":{"rendered":"<p>Ley de Humanidades, Ciencia, Tecnolog\u00eda e Innovaci\u00f3n del Estado de QRoo Plan Estatal de Desarrollo 23-27 Ley General de Responsabilidades Administrativas Reglamento interior COQCYT 2022 REGLAMENTO DE CONDICIONES GENERALES DE TRABAJO DE LOS TRABAJADORES AL SERVICIO DEL PODER EJECUTIVO DEL ESTADO. Programa Sectorial 2023-2027 Quintana Roo REGLAMENTO PREMIOS ESTATALES CTI REGLAMENTO SISTEMA ESTATAL DE INVESTIGADORES &#8230; <a title=\"Leyes y Reglamentos\" class=\"read-more\" href=\"https:\/\/coqhcyt.qroo.gob.mx\/index.php\/leyes-y-reglamentos\/\" aria-label=\"Leer m\u00e1s sobre Leyes y Reglamentos\">Leer m\u00e1s<\/a><\/p>\n","protected":false},"author":4,"featured_media":0,"parent":0,"menu_order":0,"comment_status":"closed","ping_status":"closed","template":"","meta":{"_eb_attr":"","footnotes":""},"class_list":["post-36190","page","type-page","status-publish"],"yoast_head":"<!-- This site is optimized with the Yoast SEO plugin v27.5 - https:\/\/yoast.com\/product\/yoast-seo-wordpress\/ -->\n<title>Leyes y Reglamentos - Consejo Quintanarroense de Humanidades, Ciencias y Tecnolog\u00edas<\/title>\n<meta name=\"robots\" content=\"index, follow, max-snippet:-1, max-image-preview:large, max-video-preview:-1\" \/>\n<link rel=\"canonical\" href=\"https:\/\/coqhcyt.qroo.gob.mx\/index.php\/leyes-y-reglamentos\/\" \/>\n<meta property=\"og:locale\" content=\"es_MX\" \/>\n<meta property=\"og:type\" content=\"article\" \/>\n<meta property=\"og:title\" content=\"Leyes y Reglamentos - Consejo Quintanarroense de Humanidades, Ciencias y Tecnolog\u00edas\" \/>\n<meta property=\"og:description\" content=\"Ley de Humanidades, Ciencia, Tecnolog\u00eda e Innovaci\u00f3n del Estado de QRoo Plan Estatal de Desarrollo 23-27 Ley General de Responsabilidades Administrativas Reglamento interior COQCYT 2022 REGLAMENTO DE CONDICIONES GENERALES DE TRABAJO DE LOS TRABAJADORES AL SERVICIO DEL PODER EJECUTIVO DEL ESTADO. Programa Sectorial 2023-2027 Quintana Roo REGLAMENTO PREMIOS ESTATALES CTI REGLAMENTO SISTEMA ESTATAL DE INVESTIGADORES ... Leer m\u00e1s\" \/>\n<meta property=\"og:url\" content=\"https:\/\/coqhcyt.qroo.gob.mx\/index.php\/leyes-y-reglamentos\/\" \/>\n<meta property=\"og:site_name\" content=\"Consejo Quintanarroense de Humanidades, Ciencias y Tecnolog\u00edas\" \/>\n<meta property=\"article:modified_time\" content=\"2025-10-02T00:28:41+00:00\" \/>\n<meta name=\"twitter:card\" content=\"summary_large_image\" \/>\n<meta name=\"twitter:label1\" content=\"Tiempo de lectura\" \/>\n\t<meta name=\"twitter:data1\" content=\"1 minuto\" \/>\n<script type=\"application\/ld+json\" class=\"yoast-schema-graph\">{\"@context\":\"https:\\\/\\\/schema.org\",\"@graph\":[{\"@type\":\"WebPage\",\"@id\":\"https:\\\/\\\/coqhcyt.qroo.gob.mx\\\/index.php\\\/leyes-y-reglamentos\\\/\",\"url\":\"https:\\\/\\\/coqhcyt.qroo.gob.mx\\\/index.php\\\/leyes-y-reglamentos\\\/\",\"name\":\"Leyes y Reglamentos - Consejo Quintanarroense de Humanidades, Ciencias y Tecnolog\u00edas\",\"isPartOf\":{\"@id\":\"https:\\\/\\\/coqhcyt.qroo.gob.mx\\\/#website\"},\"datePublished\":\"2024-08-22T19:06:44+00:00\",\"dateModified\":\"2025-10-02T00:28:41+00:00\",\"breadcrumb\":{\"@id\":\"https:\\\/\\\/coqhcyt.qroo.gob.mx\\\/index.php\\\/leyes-y-reglamentos\\\/#breadcrumb\"},\"inLanguage\":\"es\",\"potentialAction\":[{\"@type\":\"ReadAction\",\"target\":[\"https:\\\/\\\/coqhcyt.qroo.gob.mx\\\/index.php\\\/leyes-y-reglamentos\\\/\"]}]},{\"@type\":\"BreadcrumbList\",\"@id\":\"https:\\\/\\\/coqhcyt.qroo.gob.mx\\\/index.php\\\/leyes-y-reglamentos\\\/#breadcrumb\",\"itemListElement\":[{\"@type\":\"ListItem\",\"position\":1,\"name\":\"Inicio\",\"item\":\"https:\\\/\\\/coqhcyt.qroo.gob.mx\\\/\"},{\"@type\":\"ListItem\",\"position\":2,\"name\":\"Leyes y Reglamentos\"}]},{\"@type\":\"WebSite\",\"@id\":\"https:\\\/\\\/coqhcyt.qroo.gob.mx\\\/#website\",\"url\":\"https:\\\/\\\/coqhcyt.qroo.gob.mx\\\/\",\"name\":\"Consejo Quintanarroense de Humanidades, Ciencias y Tecnolog\u00edas\",\"description\":\"COQHCYT, anteriormente conocida como COQCYT Quintana Roo atendemos los estudios de las humanidades, ciencia y tecnolog\u00eda del estado de Quintana Roo\",\"publisher\":{\"@id\":\"https:\\\/\\\/coqhcyt.qroo.gob.mx\\\/#organization\"},\"potentialAction\":[{\"@type\":\"SearchAction\",\"target\":{\"@type\":\"EntryPoint\",\"urlTemplate\":\"https:\\\/\\\/coqhcyt.qroo.gob.mx\\\/?s={search_term_string}\"},\"query-input\":{\"@type\":\"PropertyValueSpecification\",\"valueRequired\":true,\"valueName\":\"search_term_string\"}}],\"inLanguage\":\"es\"},{\"@type\":\"Organization\",\"@id\":\"https:\\\/\\\/coqhcyt.qroo.gob.mx\\\/#organization\",\"name\":\"Consejo Quintanarroense de Humanidades, Ciencias y Tecnolog\u00edas\",\"url\":\"https:\\\/\\\/coqhcyt.qroo.gob.mx\\\/\",\"logo\":{\"@type\":\"ImageObject\",\"inLanguage\":\"es\",\"@id\":\"https:\\\/\\\/coqhcyt.qroo.gob.mx\\\/#\\\/schema\\\/logo\\\/image\\\/\",\"url\":\"https:\\\/\\\/coqhcyt.qroo.gob.mx\\\/wp-content\\\/uploads\\\/2024\\\/08\\\/cropped-LOGO-COQHCYT-e1724120083330.png\",\"contentUrl\":\"https:\\\/\\\/coqhcyt.qroo.gob.mx\\\/wp-content\\\/uploads\\\/2024\\\/08\\\/cropped-LOGO-COQHCYT-e1724120083330.png\",\"width\":6127,\"height\":1863,\"caption\":\"Consejo Quintanarroense de Humanidades, Ciencias y Tecnolog\u00edas\"},\"image\":{\"@id\":\"https:\\\/\\\/coqhcyt.qroo.gob.mx\\\/#\\\/schema\\\/logo\\\/image\\\/\"}}]}<\/script>\n<!-- \/ Yoast SEO plugin. -->","yoast_head_json":{"title":"Leyes y Reglamentos - Consejo Quintanarroense de Humanidades, Ciencias y Tecnolog\u00edas","robots":{"index":"index","follow":"follow","max-snippet":"max-snippet:-1","max-image-preview":"max-image-preview:large","max-video-preview":"max-video-preview:-1"},"canonical":"https:\/\/coqhcyt.qroo.gob.mx\/index.php\/leyes-y-reglamentos\/","og_locale":"es_MX","og_type":"article","og_title":"Leyes y Reglamentos - Consejo Quintanarroense de Humanidades, Ciencias y Tecnolog\u00edas","og_description":"Ley de Humanidades, Ciencia, Tecnolog\u00eda e Innovaci\u00f3n del Estado de QRoo Plan Estatal de Desarrollo 23-27 Ley General de Responsabilidades Administrativas Reglamento interior COQCYT 2022 REGLAMENTO DE CONDICIONES GENERALES DE TRABAJO DE LOS TRABAJADORES AL SERVICIO DEL PODER EJECUTIVO DEL ESTADO. Programa Sectorial 2023-2027 Quintana Roo REGLAMENTO PREMIOS ESTATALES CTI REGLAMENTO SISTEMA ESTATAL DE INVESTIGADORES ... Leer m\u00e1s","og_url":"https:\/\/coqhcyt.qroo.gob.mx\/index.php\/leyes-y-reglamentos\/","og_site_name":"Consejo Quintanarroense de Humanidades, Ciencias y Tecnolog\u00edas","article_modified_time":"2025-10-02T00:28:41+00:00","twitter_card":"summary_large_image","twitter_misc":{"Tiempo de lectura":"1 minuto"},"schema":{"@context":"https:\/\/schema.org","@graph":[{"@type":"WebPage","@id":"https:\/\/coqhcyt.qroo.gob.mx\/index.php\/leyes-y-reglamentos\/","url":"https:\/\/coqhcyt.qroo.gob.mx\/index.php\/leyes-y-reglamentos\/","name":"Leyes y Reglamentos - Consejo Quintanarroense de Humanidades, Ciencias y Tecnolog\u00edas","isPartOf":{"@id":"https:\/\/coqhcyt.qroo.gob.mx\/#website"},"datePublished":"2024-08-22T19:06:44+00:00","dateModified":"2025-10-02T00:28:41+00:00","breadcrumb":{"@id":"https:\/\/coqhcyt.qroo.gob.mx\/index.php\/leyes-y-reglamentos\/#breadcrumb"},"inLanguage":"es","potentialAction":[{"@type":"ReadAction","target":["https:\/\/coqhcyt.qroo.gob.mx\/index.php\/leyes-y-reglamentos\/"]}]},{"@type":"BreadcrumbList","@id":"https:\/\/coqhcyt.qroo.gob.mx\/index.php\/leyes-y-reglamentos\/#breadcrumb","itemListElement":[{"@type":"ListItem","position":1,"name":"Inicio","item":"https:\/\/coqhcyt.qroo.gob.mx\/"},{"@type":"ListItem","position":2,"name":"Leyes y Reglamentos"}]},{"@type":"WebSite","@id":"https:\/\/coqhcyt.qroo.gob.mx\/#website","url":"https:\/\/coqhcyt.qroo.gob.mx\/","name":"Consejo Quintanarroense de Humanidades, Ciencias y Tecnolog\u00edas","description":"COQHCYT, anteriormente conocida como COQCYT Quintana Roo atendemos los estudios de las humanidades, ciencia y tecnolog\u00eda del estado de Quintana Roo","publisher":{"@id":"https:\/\/coqhcyt.qroo.gob.mx\/#organization"},"potentialAction":[{"@type":"SearchAction","target":{"@type":"EntryPoint","urlTemplate":"https:\/\/coqhcyt.qroo.gob.mx\/?s={search_term_string}"},"query-input":{"@type":"PropertyValueSpecification","valueRequired":true,"valueName":"search_term_string"}}],"inLanguage":"es"},{"@type":"Organization","@id":"https:\/\/coqhcyt.qroo.gob.mx\/#organization","name":"Consejo Quintanarroense de Humanidades, Ciencias y Tecnolog\u00edas","url":"https:\/\/coqhcyt.qroo.gob.mx\/","logo":{"@type":"ImageObject","inLanguage":"es","@id":"https:\/\/coqhcyt.qroo.gob.mx\/#\/schema\/logo\/image\/","url":"https:\/\/coqhcyt.qroo.gob.mx\/wp-content\/uploads\/2024\/08\/cropped-LOGO-COQHCYT-e1724120083330.png","contentUrl":"https:\/\/coqhcyt.qroo.gob.mx\/wp-content\/uploads\/2024\/08\/cropped-LOGO-COQHCYT-e1724120083330.png","width":6127,"height":1863,"caption":"Consejo Quintanarroense de Humanidades, Ciencias y Tecnolog\u00edas"},"image":{"@id":"https:\/\/coqhcyt.qroo.gob.mx\/#\/schema\/logo\/image\/"}}]}},"_links":{"self":[{"href":"https:\/\/coqhcyt.qroo.gob.mx\/index.php\/wp-json\/wp\/v2\/pages\/36190","targetHints":{"allow":["GET"]}}],"collection":[{"href":"https:\/\/coqhcyt.qroo.gob.mx\/index.php\/wp-json\/wp\/v2\/pages"}],"about":[{"href":"https:\/\/coqhcyt.qroo.gob.mx\/index.php\/wp-json\/wp\/v2\/types\/page"}],"author":[{"embeddable":true,"href":"https:\/\/coqhcyt.qroo.gob.mx\/index.php\/wp-json\/wp\/v2\/users\/4"}],"replies":[{"embeddable":true,"href":"https:\/\/coqhcyt.qroo.gob.mx\/index.php\/wp-json\/wp\/v2\/comments?post=36190"}],"version-history":[{"count":2,"href":"https:\/\/coqhcyt.qroo.gob.mx\/index.php\/wp-json\/wp\/v2\/pages\/36190\/revisions"}],"predecessor-version":[{"id":37348,"href":"https:\/\/coqhcyt.qroo.gob.mx\/index.php\/wp-json\/wp\/v2\/pages\/36190\/revisions\/37348"}],"wp:attachment":[{"href":"https:\/\/coqhcyt.qroo.gob.mx\/index.php\/wp-json\/wp\/v2\/media?parent=36190"}],"curies":[{"name":"wp","href":"https:\/\/api.w.org\/{rel}","templated":true}]}}