{"id":36288,"date":"2024-09-25T17:01:47","date_gmt":"2024-09-25T22:01:47","guid":{"rendered":"https:\/\/coqhcyt.qroo.gob.mx\/?page_id=36288"},"modified":"2025-10-08T16:02:45","modified_gmt":"2025-10-08T21:02:45","slug":"comite-de-control-y-desempeno-institucional-del-coqhcyt","status":"publish","type":"page","link":"https:\/\/coqhcyt.qroo.gob.mx\/index.php\/comite-de-control-y-desempeno-institucional-del-coqhcyt\/","title":{"rendered":"Comit\u00e9 de Control y Desempe\u00f1o Institucional del COQHCYT"},"content":{"rendered":"\n<h1 class=\"wp-block-heading\">Control Interno<\/h1>\n\n\n\n<h3 class=\"wp-block-heading\">\u00bfQu\u00e9 es el Control Interno?<\/h3>\n\n\n\n<p>Es un conjunto de normas, procesos, mecanismos, \u00f3rganos e informaci\u00f3n que interact\u00faan entre s\u00ed, y que se aplican en las instituciones a nivel planeaci\u00f3n, organizaci\u00f3n, ejecuci\u00f3n, direcci\u00f3n, informaci\u00f3n y seguimiento de sus procesos de gesti\u00f3n, con el fin de proporcionar una seguridad razonable en la consecuci\u00f3n de los objetivos y metas institucionales, salvaguardar los recursos p\u00fablicos, promover un ambiente de \u00e9tica e integridad, para prevenir y evitar la ocurrencia de actos de corrupci\u00f3n, as\u00ed como coadyuvar en la transparencia y la rendici\u00f3n de cuentas en la gesti\u00f3n p\u00fablica.<\/p>\n\n\n\n<pre class=\"wp-block-preformatted\">1 <a href=\"https:\/\/drive.google.com\/file\/d\/132Gd1wcqVme6II8gtdARoasvTH6hAor6\/view?usp=drive_link\">Marco Integrado de Control Interno<br><\/a><br>2 <a href=\"https:\/\/drive.google.com\/file\/d\/1rbBylRFXJ_43tURn8J3bFtwKqI9Cth4L\/view?usp=sharing\">Acuerdo por el que se emiten las Normas Generales de Control Interno de la Administraci\u00f3n P\u00fablica Central y Paraestatal del Estado de Quintana Roo<\/a><br><br><a href=\"https:\/\/drive.google.com\/file\/d\/1wus6HGgzptIS4HqRX5RokTe88ahVuIG2\/view?usp=sharing\">3 Acuerdo por el cual se emiten los Lineamientos para la Integraci\u00f3n y Funcionamiento de los Comit\u00e9s de Control y Desempe\u00f1o Institucional para la Administraci\u00f3n P\u00fablica Central y Para Estatal del Estado de Quintana Roo<\/a><br><br>4 <a href=\"https:\/\/drive.google.com\/file\/d\/1dos0P3hwZd7PrjO9CWL1i4sInkLkZtRx\/view?usp=drive_link\">Acuerdo por el que se emiten las Pol\u00edticas de Administraci\u00f3n de Riesgos y los Lineamientos de la Metodolog\u00eda para la Identificaci\u00f3n y Evaluaci\u00f3n de Riesgos de Procesos para la Administraci\u00f3n P\u00fablica Central y Paraestatal del Estado de Quintana Roo<\/a><br><br>5 <a href=\"https:\/\/drive.google.com\/file\/d\/1bzvxd09AX9Rizo9LKGBi96ZUP20oKclf\/view?usp=sharing\">Acuerdo por el que se emite la Metodolog\u00eda para determinar el Estado que Guarda el Sistema de Control Interno Institucional y los Lineamientos para la Elaboraci\u00f3n y Presentaci\u00f3n de su Informe para la Administraci\u00f3n P\u00fablica Central y Paraestatal del Estado<\/a><br><br>6 <a href=\"https:\/\/drive.google.com\/file\/d\/1kxf6y8bDwqliNfkUs_5ufb2mPxngGnFy\/view?usp=sharing\">Acuerdo por el que se emite la Estrategia de Capacitaci\u00f3n en Materia de Control Interno y Riesgos para la Administraci\u00f3n P\u00fablica Central y Paraestatal del Estado de Quintana Roo de Quintana Roo<\/a><\/pre>\n\n\n\n<p>Ver <a href=\"https:\/\/drive.google.com\/file\/d\/1E5tTryNy1LaAi6K5_h2edDqrVkk2eD-4\/view?usp=drive_link\">Plan estatal de Desarrollo QRoo 2022-2027<\/a><\/p>\n\n\n\n<p>Programa de Control Interno (PTCI)<\/p>\n\n\n\n<p><a href=\"https:\/\/preview.qroo.gob.mx\/coqcyt\/wp-content\/coqcyt\/uploads\/2024\/04\/PTCI-NIVEL-ALTO.pdf\">Programa de trabajo de control interno&nbsp; nivel alto<\/a><\/p>\n\n\n\n<p><a href=\"https:\/\/preview.qroo.gob.mx\/coqcyt\/wp-content\/coqcyt\/uploads\/2024\/04\/PTCI-NIVEL-PROCESO-1.pdf\">Programa de trabajo de control interno nivel proceso<\/a><\/p>\n\n\n\n<p>Formatos Descargables Administraci\u00f3n de Riesgos<\/p>\n\n\n\n<ul class=\"wp-block-list\">\n<li><a href=\"https:\/\/drive.google.com\/drive\/folders\/1QNU9YDc5x9OYnXpq-q2KlSJOhaNcj3UG?usp=drive_link\">Administraci\u00f3n de Riesgos<\/a><\/li>\n\n\n\n<li><a href=\"https:\/\/drive.google.com\/drive\/folders\/11osxYdSUbaiN8ou87zOVzHSNcUybTAAB?usp=drive_link\">Formatos de Estados que Guarda el SCII<\/a><\/li>\n<\/ul>\n\n\n\n<p><a href=\"https:\/\/drive.google.com\/file\/d\/1LfJKHhNdV-vpluE-GlpxIT_J5XopNdZf\/view?usp=drive_link\">Integrantes del COCODI del COQHCYT<\/a><\/p>\n\n\n\n<p><a href=\"https:\/\/drive.google.com\/file\/d\/1zqhjhjKhOaTe14tcbq9UdM0Xv04CBbHd\/view?usp=drive_link\">Programa de Trabajo de Control Interno 2025<\/a><\/p>\n\n\n\n<p><a href=\"https:\/\/coqhcyt.qroo.gob.mx\/index.php\/actas-cocodi\/\">Actas de COCODI 2025<\/a><\/p>\n\n\n\n<p><\/p>\n","protected":false},"excerpt":{"rendered":"<p>Control Interno \u00bfQu\u00e9 es el Control Interno? Es un conjunto de normas, procesos, mecanismos, \u00f3rganos e informaci\u00f3n que interact\u00faan entre s\u00ed, y que se aplican en las instituciones a nivel planeaci\u00f3n, organizaci\u00f3n, ejecuci\u00f3n, direcci\u00f3n, informaci\u00f3n y seguimiento de sus procesos de gesti\u00f3n, con el fin de proporcionar una seguridad razonable en la consecuci\u00f3n de los &#8230; <a title=\"Comit\u00e9 de Control y Desempe\u00f1o Institucional del COQHCYT\" class=\"read-more\" href=\"https:\/\/coqhcyt.qroo.gob.mx\/index.php\/comite-de-control-y-desempeno-institucional-del-coqhcyt\/\" aria-label=\"Leer m\u00e1s sobre Comit\u00e9 de Control y Desempe\u00f1o Institucional del COQHCYT\">Leer m\u00e1s<\/a><\/p>\n","protected":false},"author":4,"featured_media":0,"parent":0,"menu_order":0,"comment_status":"closed","ping_status":"closed","template":"","meta":{"_eb_attr":"","footnotes":""},"class_list":["post-36288","page","type-page","status-publish"],"yoast_head":"<!-- This site is optimized with the Yoast SEO plugin v27.5 - https:\/\/yoast.com\/product\/yoast-seo-wordpress\/ -->\n<title>Comit\u00e9 de Control y Desempe\u00f1o Institucional del COQHCYT - Consejo Quintanarroense de Humanidades, Ciencias y Tecnolog\u00edas<\/title>\n<meta name=\"robots\" content=\"index, follow, max-snippet:-1, max-image-preview:large, max-video-preview:-1\" \/>\n<link rel=\"canonical\" href=\"https:\/\/coqhcyt.qroo.gob.mx\/index.php\/comite-de-control-y-desempeno-institucional-del-coqhcyt\/\" \/>\n<meta property=\"og:locale\" content=\"es_MX\" \/>\n<meta property=\"og:type\" content=\"article\" \/>\n<meta property=\"og:title\" content=\"Comit\u00e9 de Control y Desempe\u00f1o Institucional del COQHCYT - Consejo Quintanarroense de Humanidades, Ciencias y Tecnolog\u00edas\" \/>\n<meta property=\"og:description\" content=\"Control Interno \u00bfQu\u00e9 es el Control Interno? Es un conjunto de normas, procesos, mecanismos, \u00f3rganos e informaci\u00f3n que interact\u00faan entre s\u00ed, y que se aplican en las instituciones a nivel planeaci\u00f3n, organizaci\u00f3n, ejecuci\u00f3n, direcci\u00f3n, informaci\u00f3n y seguimiento de sus procesos de gesti\u00f3n, con el fin de proporcionar una seguridad razonable en la consecuci\u00f3n de los ... Leer m\u00e1s\" \/>\n<meta property=\"og:url\" content=\"https:\/\/coqhcyt.qroo.gob.mx\/index.php\/comite-de-control-y-desempeno-institucional-del-coqhcyt\/\" \/>\n<meta property=\"og:site_name\" content=\"Consejo Quintanarroense de Humanidades, Ciencias y Tecnolog\u00edas\" \/>\n<meta property=\"article:modified_time\" content=\"2025-10-08T21:02:45+00:00\" \/>\n<meta name=\"twitter:card\" content=\"summary_large_image\" \/>\n<meta name=\"twitter:label1\" content=\"Tiempo de lectura\" \/>\n\t<meta name=\"twitter:data1\" content=\"1 minuto\" \/>\n<script type=\"application\/ld+json\" class=\"yoast-schema-graph\">{\"@context\":\"https:\\\/\\\/schema.org\",\"@graph\":[{\"@type\":\"WebPage\",\"@id\":\"https:\\\/\\\/coqhcyt.qroo.gob.mx\\\/index.php\\\/comite-de-control-y-desempeno-institucional-del-coqhcyt\\\/\",\"url\":\"https:\\\/\\\/coqhcyt.qroo.gob.mx\\\/index.php\\\/comite-de-control-y-desempeno-institucional-del-coqhcyt\\\/\",\"name\":\"Comit\u00e9 de Control y Desempe\u00f1o Institucional del COQHCYT - Consejo Quintanarroense de Humanidades, Ciencias y Tecnolog\u00edas\",\"isPartOf\":{\"@id\":\"https:\\\/\\\/coqhcyt.qroo.gob.mx\\\/#website\"},\"datePublished\":\"2024-09-25T22:01:47+00:00\",\"dateModified\":\"2025-10-08T21:02:45+00:00\",\"breadcrumb\":{\"@id\":\"https:\\\/\\\/coqhcyt.qroo.gob.mx\\\/index.php\\\/comite-de-control-y-desempeno-institucional-del-coqhcyt\\\/#breadcrumb\"},\"inLanguage\":\"es\",\"potentialAction\":[{\"@type\":\"ReadAction\",\"target\":[\"https:\\\/\\\/coqhcyt.qroo.gob.mx\\\/index.php\\\/comite-de-control-y-desempeno-institucional-del-coqhcyt\\\/\"]}]},{\"@type\":\"BreadcrumbList\",\"@id\":\"https:\\\/\\\/coqhcyt.qroo.gob.mx\\\/index.php\\\/comite-de-control-y-desempeno-institucional-del-coqhcyt\\\/#breadcrumb\",\"itemListElement\":[{\"@type\":\"ListItem\",\"position\":1,\"name\":\"Inicio\",\"item\":\"https:\\\/\\\/coqhcyt.qroo.gob.mx\\\/\"},{\"@type\":\"ListItem\",\"position\":2,\"name\":\"Comit\u00e9 de Control y Desempe\u00f1o Institucional del COQHCYT\"}]},{\"@type\":\"WebSite\",\"@id\":\"https:\\\/\\\/coqhcyt.qroo.gob.mx\\\/#website\",\"url\":\"https:\\\/\\\/coqhcyt.qroo.gob.mx\\\/\",\"name\":\"Consejo Quintanarroense de Humanidades, Ciencias y Tecnolog\u00edas\",\"description\":\"COQHCYT, anteriormente conocida como COQCYT Quintana Roo atendemos los estudios de las humanidades, ciencia y tecnolog\u00eda del estado de Quintana Roo\",\"publisher\":{\"@id\":\"https:\\\/\\\/coqhcyt.qroo.gob.mx\\\/#organization\"},\"potentialAction\":[{\"@type\":\"SearchAction\",\"target\":{\"@type\":\"EntryPoint\",\"urlTemplate\":\"https:\\\/\\\/coqhcyt.qroo.gob.mx\\\/?s={search_term_string}\"},\"query-input\":{\"@type\":\"PropertyValueSpecification\",\"valueRequired\":true,\"valueName\":\"search_term_string\"}}],\"inLanguage\":\"es\"},{\"@type\":\"Organization\",\"@id\":\"https:\\\/\\\/coqhcyt.qroo.gob.mx\\\/#organization\",\"name\":\"Consejo Quintanarroense de Humanidades, Ciencias y Tecnolog\u00edas\",\"url\":\"https:\\\/\\\/coqhcyt.qroo.gob.mx\\\/\",\"logo\":{\"@type\":\"ImageObject\",\"inLanguage\":\"es\",\"@id\":\"https:\\\/\\\/coqhcyt.qroo.gob.mx\\\/#\\\/schema\\\/logo\\\/image\\\/\",\"url\":\"https:\\\/\\\/coqhcyt.qroo.gob.mx\\\/wp-content\\\/uploads\\\/2024\\\/08\\\/cropped-LOGO-COQHCYT-e1724120083330.png\",\"contentUrl\":\"https:\\\/\\\/coqhcyt.qroo.gob.mx\\\/wp-content\\\/uploads\\\/2024\\\/08\\\/cropped-LOGO-COQHCYT-e1724120083330.png\",\"width\":6127,\"height\":1863,\"caption\":\"Consejo Quintanarroense de Humanidades, Ciencias y Tecnolog\u00edas\"},\"image\":{\"@id\":\"https:\\\/\\\/coqhcyt.qroo.gob.mx\\\/#\\\/schema\\\/logo\\\/image\\\/\"}}]}<\/script>\n<!-- \/ Yoast SEO plugin. -->","yoast_head_json":{"title":"Comit\u00e9 de Control y Desempe\u00f1o Institucional del COQHCYT - Consejo Quintanarroense de Humanidades, Ciencias y Tecnolog\u00edas","robots":{"index":"index","follow":"follow","max-snippet":"max-snippet:-1","max-image-preview":"max-image-preview:large","max-video-preview":"max-video-preview:-1"},"canonical":"https:\/\/coqhcyt.qroo.gob.mx\/index.php\/comite-de-control-y-desempeno-institucional-del-coqhcyt\/","og_locale":"es_MX","og_type":"article","og_title":"Comit\u00e9 de Control y Desempe\u00f1o Institucional del COQHCYT - Consejo Quintanarroense de Humanidades, Ciencias y Tecnolog\u00edas","og_description":"Control Interno \u00bfQu\u00e9 es el Control Interno? Es un conjunto de normas, procesos, mecanismos, \u00f3rganos e informaci\u00f3n que interact\u00faan entre s\u00ed, y que se aplican en las instituciones a nivel planeaci\u00f3n, organizaci\u00f3n, ejecuci\u00f3n, direcci\u00f3n, informaci\u00f3n y seguimiento de sus procesos de gesti\u00f3n, con el fin de proporcionar una seguridad razonable en la consecuci\u00f3n de los ... Leer m\u00e1s","og_url":"https:\/\/coqhcyt.qroo.gob.mx\/index.php\/comite-de-control-y-desempeno-institucional-del-coqhcyt\/","og_site_name":"Consejo Quintanarroense de Humanidades, Ciencias y Tecnolog\u00edas","article_modified_time":"2025-10-08T21:02:45+00:00","twitter_card":"summary_large_image","twitter_misc":{"Tiempo de lectura":"1 minuto"},"schema":{"@context":"https:\/\/schema.org","@graph":[{"@type":"WebPage","@id":"https:\/\/coqhcyt.qroo.gob.mx\/index.php\/comite-de-control-y-desempeno-institucional-del-coqhcyt\/","url":"https:\/\/coqhcyt.qroo.gob.mx\/index.php\/comite-de-control-y-desempeno-institucional-del-coqhcyt\/","name":"Comit\u00e9 de Control y Desempe\u00f1o Institucional del COQHCYT - Consejo Quintanarroense de Humanidades, Ciencias y Tecnolog\u00edas","isPartOf":{"@id":"https:\/\/coqhcyt.qroo.gob.mx\/#website"},"datePublished":"2024-09-25T22:01:47+00:00","dateModified":"2025-10-08T21:02:45+00:00","breadcrumb":{"@id":"https:\/\/coqhcyt.qroo.gob.mx\/index.php\/comite-de-control-y-desempeno-institucional-del-coqhcyt\/#breadcrumb"},"inLanguage":"es","potentialAction":[{"@type":"ReadAction","target":["https:\/\/coqhcyt.qroo.gob.mx\/index.php\/comite-de-control-y-desempeno-institucional-del-coqhcyt\/"]}]},{"@type":"BreadcrumbList","@id":"https:\/\/coqhcyt.qroo.gob.mx\/index.php\/comite-de-control-y-desempeno-institucional-del-coqhcyt\/#breadcrumb","itemListElement":[{"@type":"ListItem","position":1,"name":"Inicio","item":"https:\/\/coqhcyt.qroo.gob.mx\/"},{"@type":"ListItem","position":2,"name":"Comit\u00e9 de Control y Desempe\u00f1o Institucional del COQHCYT"}]},{"@type":"WebSite","@id":"https:\/\/coqhcyt.qroo.gob.mx\/#website","url":"https:\/\/coqhcyt.qroo.gob.mx\/","name":"Consejo Quintanarroense de Humanidades, Ciencias y Tecnolog\u00edas","description":"COQHCYT, anteriormente conocida como COQCYT Quintana Roo atendemos los estudios de las humanidades, ciencia y tecnolog\u00eda del estado de Quintana Roo","publisher":{"@id":"https:\/\/coqhcyt.qroo.gob.mx\/#organization"},"potentialAction":[{"@type":"SearchAction","target":{"@type":"EntryPoint","urlTemplate":"https:\/\/coqhcyt.qroo.gob.mx\/?s={search_term_string}"},"query-input":{"@type":"PropertyValueSpecification","valueRequired":true,"valueName":"search_term_string"}}],"inLanguage":"es"},{"@type":"Organization","@id":"https:\/\/coqhcyt.qroo.gob.mx\/#organization","name":"Consejo Quintanarroense de Humanidades, Ciencias y Tecnolog\u00edas","url":"https:\/\/coqhcyt.qroo.gob.mx\/","logo":{"@type":"ImageObject","inLanguage":"es","@id":"https:\/\/coqhcyt.qroo.gob.mx\/#\/schema\/logo\/image\/","url":"https:\/\/coqhcyt.qroo.gob.mx\/wp-content\/uploads\/2024\/08\/cropped-LOGO-COQHCYT-e1724120083330.png","contentUrl":"https:\/\/coqhcyt.qroo.gob.mx\/wp-content\/uploads\/2024\/08\/cropped-LOGO-COQHCYT-e1724120083330.png","width":6127,"height":1863,"caption":"Consejo Quintanarroense de Humanidades, Ciencias y Tecnolog\u00edas"},"image":{"@id":"https:\/\/coqhcyt.qroo.gob.mx\/#\/schema\/logo\/image\/"}}]}},"_links":{"self":[{"href":"https:\/\/coqhcyt.qroo.gob.mx\/index.php\/wp-json\/wp\/v2\/pages\/36288","targetHints":{"allow":["GET"]}}],"collection":[{"href":"https:\/\/coqhcyt.qroo.gob.mx\/index.php\/wp-json\/wp\/v2\/pages"}],"about":[{"href":"https:\/\/coqhcyt.qroo.gob.mx\/index.php\/wp-json\/wp\/v2\/types\/page"}],"author":[{"embeddable":true,"href":"https:\/\/coqhcyt.qroo.gob.mx\/index.php\/wp-json\/wp\/v2\/users\/4"}],"replies":[{"embeddable":true,"href":"https:\/\/coqhcyt.qroo.gob.mx\/index.php\/wp-json\/wp\/v2\/comments?post=36288"}],"version-history":[{"count":5,"href":"https:\/\/coqhcyt.qroo.gob.mx\/index.php\/wp-json\/wp\/v2\/pages\/36288\/revisions"}],"predecessor-version":[{"id":37362,"href":"https:\/\/coqhcyt.qroo.gob.mx\/index.php\/wp-json\/wp\/v2\/pages\/36288\/revisions\/37362"}],"wp:attachment":[{"href":"https:\/\/coqhcyt.qroo.gob.mx\/index.php\/wp-json\/wp\/v2\/media?parent=36288"}],"curies":[{"name":"wp","href":"https:\/\/api.w.org\/{rel}","templated":true}]}}