{"id":36995,"date":"2025-05-07T18:15:42","date_gmt":"2025-05-07T23:15:42","guid":{"rendered":"https:\/\/coqhcyt.qroo.gob.mx\/?page_id=36995"},"modified":"2025-05-08T11:42:45","modified_gmt":"2025-05-08T16:42:45","slug":"divulgacion2","status":"publish","type":"page","link":"https:\/\/coqhcyt.qroo.gob.mx\/index.php\/divulgacion2\/","title":{"rendered":"Divulgaci\u00f3n Cient\u00edfica"},"content":{"rendered":"\n<figure class=\"wp-block-table aligncenter is-style-stripes\"><table class=\"has-fixed-layout\"><tbody><tr><td class=\"has-text-align-center\" data-align=\"center\"><a href=\"https:\/\/coqhcyt.qroo.gob.mx\/index.php\/conciencia-spotify\/\"><img decoding=\"async\" width=\"200\" height=\"96\" class=\"wp-image-37004\" style=\"width: 200px;\" src=\"https:\/\/coqhcyt.qroo.gob.mx\/wp-content\/uploads\/2025\/05\/ICONOS_PAGINA-WEB_Mesa-de-trabajo-1.jpg\" alt=\"\" srcset=\"https:\/\/coqhcyt.qroo.gob.mx\/wp-content\/uploads\/2025\/05\/ICONOS_PAGINA-WEB_Mesa-de-trabajo-1.jpg 2068w, https:\/\/coqhcyt.qroo.gob.mx\/wp-content\/uploads\/2025\/05\/ICONOS_PAGINA-WEB_Mesa-de-trabajo-1-300x143.jpg 300w, https:\/\/coqhcyt.qroo.gob.mx\/wp-content\/uploads\/2025\/05\/ICONOS_PAGINA-WEB_Mesa-de-trabajo-1-1024x490.jpg 1024w, https:\/\/coqhcyt.qroo.gob.mx\/wp-content\/uploads\/2025\/05\/ICONOS_PAGINA-WEB_Mesa-de-trabajo-1-768x367.jpg 768w, https:\/\/coqhcyt.qroo.gob.mx\/wp-content\/uploads\/2025\/05\/ICONOS_PAGINA-WEB_Mesa-de-trabajo-1-1536x735.jpg 1536w, https:\/\/coqhcyt.qroo.gob.mx\/wp-content\/uploads\/2025\/05\/ICONOS_PAGINA-WEB_Mesa-de-trabajo-1-2048x979.jpg 2048w\" sizes=\"(max-width: 200px) 100vw, 200px\" \/><\/a><\/td><td><a href=\"https:\/\/coqhcyt.qroo.gob.mx\/index.php\/divulgacion-cientifica\/\"><img decoding=\"async\" width=\"200\" height=\"96\" class=\"wp-image-37005\" style=\"width: 200px;\" src=\"https:\/\/coqhcyt.qroo.gob.mx\/wp-content\/uploads\/2025\/05\/ICONOS_PAGINA-WEB-02.jpg\" alt=\"\" srcset=\"https:\/\/coqhcyt.qroo.gob.mx\/wp-content\/uploads\/2025\/05\/ICONOS_PAGINA-WEB-02.jpg 2067w, https:\/\/coqhcyt.qroo.gob.mx\/wp-content\/uploads\/2025\/05\/ICONOS_PAGINA-WEB-02-300x144.jpg 300w, https:\/\/coqhcyt.qroo.gob.mx\/wp-content\/uploads\/2025\/05\/ICONOS_PAGINA-WEB-02-1024x490.jpg 1024w, https:\/\/coqhcyt.qroo.gob.mx\/wp-content\/uploads\/2025\/05\/ICONOS_PAGINA-WEB-02-768x367.jpg 768w, https:\/\/coqhcyt.qroo.gob.mx\/wp-content\/uploads\/2025\/05\/ICONOS_PAGINA-WEB-02-1536x735.jpg 1536w, https:\/\/coqhcyt.qroo.gob.mx\/wp-content\/uploads\/2025\/05\/ICONOS_PAGINA-WEB-02-2048x980.jpg 2048w\" sizes=\"(max-width: 200px) 100vw, 200px\" \/><\/a><\/td><\/tr><tr><td class=\"has-text-align-center\" data-align=\"center\"><a href=\"https:\/\/coqhcyt.qroo.gob.mx\/index.php\/videos\/\"><img decoding=\"async\" width=\"200\" height=\"96\" class=\"wp-image-37006\" style=\"width: 200px;\" src=\"https:\/\/coqhcyt.qroo.gob.mx\/wp-content\/uploads\/2025\/05\/ICONOS_PAGINA-WEB-03.jpg\" alt=\"\" srcset=\"https:\/\/coqhcyt.qroo.gob.mx\/wp-content\/uploads\/2025\/05\/ICONOS_PAGINA-WEB-03.jpg 2067w, https:\/\/coqhcyt.qroo.gob.mx\/wp-content\/uploads\/2025\/05\/ICONOS_PAGINA-WEB-03-300x144.jpg 300w, https:\/\/coqhcyt.qroo.gob.mx\/wp-content\/uploads\/2025\/05\/ICONOS_PAGINA-WEB-03-1024x490.jpg 1024w, https:\/\/coqhcyt.qroo.gob.mx\/wp-content\/uploads\/2025\/05\/ICONOS_PAGINA-WEB-03-768x367.jpg 768w, https:\/\/coqhcyt.qroo.gob.mx\/wp-content\/uploads\/2025\/05\/ICONOS_PAGINA-WEB-03-1536x735.jpg 1536w, https:\/\/coqhcyt.qroo.gob.mx\/wp-content\/uploads\/2025\/05\/ICONOS_PAGINA-WEB-03-2048x980.jpg 2048w\" sizes=\"(max-width: 200px) 100vw, 200px\" \/><\/a><\/td><td><\/td><\/tr><\/tbody><\/table><\/figure>\n\n\n\n<p><\/p>\n","protected":false},"excerpt":{"rendered":"","protected":false},"author":4,"featured_media":0,"parent":0,"menu_order":0,"comment_status":"closed","ping_status":"closed","template":"","meta":{"_eb_attr":"","footnotes":""},"class_list":["post-36995","page","type-page","status-publish"],"yoast_head":"<!-- This site is optimized with the Yoast SEO plugin v27.5 - https:\/\/yoast.com\/product\/yoast-seo-wordpress\/ -->\n<title>Divulgaci\u00f3n Cient\u00edfica - Consejo Quintanarroense de Humanidades, Ciencias y Tecnolog\u00edas<\/title>\n<meta name=\"robots\" content=\"index, follow, max-snippet:-1, max-image-preview:large, max-video-preview:-1\" \/>\n<link rel=\"canonical\" href=\"https:\/\/coqhcyt.qroo.gob.mx\/index.php\/divulgacion2\/\" \/>\n<meta property=\"og:locale\" content=\"es_MX\" \/>\n<meta property=\"og:type\" content=\"article\" \/>\n<meta property=\"og:title\" content=\"Divulgaci\u00f3n Cient\u00edfica - Consejo Quintanarroense de Humanidades, Ciencias y Tecnolog\u00edas\" \/>\n<meta property=\"og:url\" content=\"https:\/\/coqhcyt.qroo.gob.mx\/index.php\/divulgacion2\/\" \/>\n<meta property=\"og:site_name\" content=\"Consejo Quintanarroense de Humanidades, Ciencias y Tecnolog\u00edas\" \/>\n<meta property=\"article:modified_time\" content=\"2025-05-08T16:42:45+00:00\" \/>\n<meta property=\"og:image\" content=\"https:\/\/coqhcyt.qroo.gob.mx\/wp-content\/uploads\/2025\/05\/ICONOS_PAGINA-WEB_Mesa-de-trabajo-1.jpg\" \/>\n\t<meta property=\"og:image:width\" content=\"2068\" \/>\n\t<meta property=\"og:image:height\" content=\"989\" \/>\n\t<meta property=\"og:image:type\" content=\"image\/jpeg\" \/>\n<meta name=\"twitter:card\" content=\"summary_large_image\" \/>\n<meta name=\"twitter:label1\" content=\"Tiempo de lectura\" \/>\n\t<meta name=\"twitter:data1\" content=\"1 minuto\" \/>\n<script type=\"application\/ld+json\" class=\"yoast-schema-graph\">{\"@context\":\"https:\\\/\\\/schema.org\",\"@graph\":[{\"@type\":\"WebPage\",\"@id\":\"https:\\\/\\\/coqhcyt.qroo.gob.mx\\\/index.php\\\/divulgacion2\\\/\",\"url\":\"https:\\\/\\\/coqhcyt.qroo.gob.mx\\\/index.php\\\/divulgacion2\\\/\",\"name\":\"Divulgaci\u00f3n Cient\u00edfica - Consejo Quintanarroense de Humanidades, Ciencias y Tecnolog\u00edas\",\"isPartOf\":{\"@id\":\"https:\\\/\\\/coqhcyt.qroo.gob.mx\\\/#website\"},\"primaryImageOfPage\":{\"@id\":\"https:\\\/\\\/coqhcyt.qroo.gob.mx\\\/index.php\\\/divulgacion2\\\/#primaryimage\"},\"image\":{\"@id\":\"https:\\\/\\\/coqhcyt.qroo.gob.mx\\\/index.php\\\/divulgacion2\\\/#primaryimage\"},\"thumbnailUrl\":\"https:\\\/\\\/coqhcyt.qroo.gob.mx\\\/wp-content\\\/uploads\\\/2025\\\/05\\\/ICONOS_PAGINA-WEB_Mesa-de-trabajo-1.jpg\",\"datePublished\":\"2025-05-07T23:15:42+00:00\",\"dateModified\":\"2025-05-08T16:42:45+00:00\",\"breadcrumb\":{\"@id\":\"https:\\\/\\\/coqhcyt.qroo.gob.mx\\\/index.php\\\/divulgacion2\\\/#breadcrumb\"},\"inLanguage\":\"es\",\"potentialAction\":[{\"@type\":\"ReadAction\",\"target\":[\"https:\\\/\\\/coqhcyt.qroo.gob.mx\\\/index.php\\\/divulgacion2\\\/\"]}]},{\"@type\":\"ImageObject\",\"inLanguage\":\"es\",\"@id\":\"https:\\\/\\\/coqhcyt.qroo.gob.mx\\\/index.php\\\/divulgacion2\\\/#primaryimage\",\"url\":\"https:\\\/\\\/coqhcyt.qroo.gob.mx\\\/wp-content\\\/uploads\\\/2025\\\/05\\\/ICONOS_PAGINA-WEB_Mesa-de-trabajo-1.jpg\",\"contentUrl\":\"https:\\\/\\\/coqhcyt.qroo.gob.mx\\\/wp-content\\\/uploads\\\/2025\\\/05\\\/ICONOS_PAGINA-WEB_Mesa-de-trabajo-1.jpg\",\"width\":2068,\"height\":989},{\"@type\":\"BreadcrumbList\",\"@id\":\"https:\\\/\\\/coqhcyt.qroo.gob.mx\\\/index.php\\\/divulgacion2\\\/#breadcrumb\",\"itemListElement\":[{\"@type\":\"ListItem\",\"position\":1,\"name\":\"Inicio\",\"item\":\"https:\\\/\\\/coqhcyt.qroo.gob.mx\\\/\"},{\"@type\":\"ListItem\",\"position\":2,\"name\":\"Divulgaci\u00f3n Cient\u00edfica\"}]},{\"@type\":\"WebSite\",\"@id\":\"https:\\\/\\\/coqhcyt.qroo.gob.mx\\\/#website\",\"url\":\"https:\\\/\\\/coqhcyt.qroo.gob.mx\\\/\",\"name\":\"Consejo Quintanarroense de Humanidades, Ciencias y Tecnolog\u00edas\",\"description\":\"COQHCYT, anteriormente conocida como COQCYT Quintana Roo atendemos los estudios de las humanidades, ciencia y tecnolog\u00eda del estado de Quintana Roo\",\"publisher\":{\"@id\":\"https:\\\/\\\/coqhcyt.qroo.gob.mx\\\/#organization\"},\"potentialAction\":[{\"@type\":\"SearchAction\",\"target\":{\"@type\":\"EntryPoint\",\"urlTemplate\":\"https:\\\/\\\/coqhcyt.qroo.gob.mx\\\/?s={search_term_string}\"},\"query-input\":{\"@type\":\"PropertyValueSpecification\",\"valueRequired\":true,\"valueName\":\"search_term_string\"}}],\"inLanguage\":\"es\"},{\"@type\":\"Organization\",\"@id\":\"https:\\\/\\\/coqhcyt.qroo.gob.mx\\\/#organization\",\"name\":\"Consejo Quintanarroense de Humanidades, Ciencias y Tecnolog\u00edas\",\"url\":\"https:\\\/\\\/coqhcyt.qroo.gob.mx\\\/\",\"logo\":{\"@type\":\"ImageObject\",\"inLanguage\":\"es\",\"@id\":\"https:\\\/\\\/coqhcyt.qroo.gob.mx\\\/#\\\/schema\\\/logo\\\/image\\\/\",\"url\":\"https:\\\/\\\/coqhcyt.qroo.gob.mx\\\/wp-content\\\/uploads\\\/2024\\\/08\\\/cropped-LOGO-COQHCYT-e1724120083330.png\",\"contentUrl\":\"https:\\\/\\\/coqhcyt.qroo.gob.mx\\\/wp-content\\\/uploads\\\/2024\\\/08\\\/cropped-LOGO-COQHCYT-e1724120083330.png\",\"width\":6127,\"height\":1863,\"caption\":\"Consejo Quintanarroense de Humanidades, Ciencias y Tecnolog\u00edas\"},\"image\":{\"@id\":\"https:\\\/\\\/coqhcyt.qroo.gob.mx\\\/#\\\/schema\\\/logo\\\/image\\\/\"}}]}<\/script>\n<!-- \/ Yoast SEO plugin. -->","yoast_head_json":{"title":"Divulgaci\u00f3n Cient\u00edfica - Consejo Quintanarroense de Humanidades, Ciencias y Tecnolog\u00edas","robots":{"index":"index","follow":"follow","max-snippet":"max-snippet:-1","max-image-preview":"max-image-preview:large","max-video-preview":"max-video-preview:-1"},"canonical":"https:\/\/coqhcyt.qroo.gob.mx\/index.php\/divulgacion2\/","og_locale":"es_MX","og_type":"article","og_title":"Divulgaci\u00f3n Cient\u00edfica - Consejo Quintanarroense de Humanidades, Ciencias y Tecnolog\u00edas","og_url":"https:\/\/coqhcyt.qroo.gob.mx\/index.php\/divulgacion2\/","og_site_name":"Consejo Quintanarroense de Humanidades, Ciencias y Tecnolog\u00edas","article_modified_time":"2025-05-08T16:42:45+00:00","og_image":[{"width":2068,"height":989,"url":"https:\/\/coqhcyt.qroo.gob.mx\/wp-content\/uploads\/2025\/05\/ICONOS_PAGINA-WEB_Mesa-de-trabajo-1.jpg","type":"image\/jpeg"}],"twitter_card":"summary_large_image","twitter_misc":{"Tiempo de lectura":"1 minuto"},"schema":{"@context":"https:\/\/schema.org","@graph":[{"@type":"WebPage","@id":"https:\/\/coqhcyt.qroo.gob.mx\/index.php\/divulgacion2\/","url":"https:\/\/coqhcyt.qroo.gob.mx\/index.php\/divulgacion2\/","name":"Divulgaci\u00f3n Cient\u00edfica - Consejo Quintanarroense de Humanidades, Ciencias y Tecnolog\u00edas","isPartOf":{"@id":"https:\/\/coqhcyt.qroo.gob.mx\/#website"},"primaryImageOfPage":{"@id":"https:\/\/coqhcyt.qroo.gob.mx\/index.php\/divulgacion2\/#primaryimage"},"image":{"@id":"https:\/\/coqhcyt.qroo.gob.mx\/index.php\/divulgacion2\/#primaryimage"},"thumbnailUrl":"https:\/\/coqhcyt.qroo.gob.mx\/wp-content\/uploads\/2025\/05\/ICONOS_PAGINA-WEB_Mesa-de-trabajo-1.jpg","datePublished":"2025-05-07T23:15:42+00:00","dateModified":"2025-05-08T16:42:45+00:00","breadcrumb":{"@id":"https:\/\/coqhcyt.qroo.gob.mx\/index.php\/divulgacion2\/#breadcrumb"},"inLanguage":"es","potentialAction":[{"@type":"ReadAction","target":["https:\/\/coqhcyt.qroo.gob.mx\/index.php\/divulgacion2\/"]}]},{"@type":"ImageObject","inLanguage":"es","@id":"https:\/\/coqhcyt.qroo.gob.mx\/index.php\/divulgacion2\/#primaryimage","url":"https:\/\/coqhcyt.qroo.gob.mx\/wp-content\/uploads\/2025\/05\/ICONOS_PAGINA-WEB_Mesa-de-trabajo-1.jpg","contentUrl":"https:\/\/coqhcyt.qroo.gob.mx\/wp-content\/uploads\/2025\/05\/ICONOS_PAGINA-WEB_Mesa-de-trabajo-1.jpg","width":2068,"height":989},{"@type":"BreadcrumbList","@id":"https:\/\/coqhcyt.qroo.gob.mx\/index.php\/divulgacion2\/#breadcrumb","itemListElement":[{"@type":"ListItem","position":1,"name":"Inicio","item":"https:\/\/coqhcyt.qroo.gob.mx\/"},{"@type":"ListItem","position":2,"name":"Divulgaci\u00f3n Cient\u00edfica"}]},{"@type":"WebSite","@id":"https:\/\/coqhcyt.qroo.gob.mx\/#website","url":"https:\/\/coqhcyt.qroo.gob.mx\/","name":"Consejo Quintanarroense de Humanidades, Ciencias y Tecnolog\u00edas","description":"COQHCYT, anteriormente conocida como COQCYT Quintana Roo atendemos los estudios de las humanidades, ciencia y tecnolog\u00eda del estado de Quintana Roo","publisher":{"@id":"https:\/\/coqhcyt.qroo.gob.mx\/#organization"},"potentialAction":[{"@type":"SearchAction","target":{"@type":"EntryPoint","urlTemplate":"https:\/\/coqhcyt.qroo.gob.mx\/?s={search_term_string}"},"query-input":{"@type":"PropertyValueSpecification","valueRequired":true,"valueName":"search_term_string"}}],"inLanguage":"es"},{"@type":"Organization","@id":"https:\/\/coqhcyt.qroo.gob.mx\/#organization","name":"Consejo Quintanarroense de Humanidades, Ciencias y Tecnolog\u00edas","url":"https:\/\/coqhcyt.qroo.gob.mx\/","logo":{"@type":"ImageObject","inLanguage":"es","@id":"https:\/\/coqhcyt.qroo.gob.mx\/#\/schema\/logo\/image\/","url":"https:\/\/coqhcyt.qroo.gob.mx\/wp-content\/uploads\/2024\/08\/cropped-LOGO-COQHCYT-e1724120083330.png","contentUrl":"https:\/\/coqhcyt.qroo.gob.mx\/wp-content\/uploads\/2024\/08\/cropped-LOGO-COQHCYT-e1724120083330.png","width":6127,"height":1863,"caption":"Consejo Quintanarroense de Humanidades, Ciencias y Tecnolog\u00edas"},"image":{"@id":"https:\/\/coqhcyt.qroo.gob.mx\/#\/schema\/logo\/image\/"}}]}},"_links":{"self":[{"href":"https:\/\/coqhcyt.qroo.gob.mx\/index.php\/wp-json\/wp\/v2\/pages\/36995","targetHints":{"allow":["GET"]}}],"collection":[{"href":"https:\/\/coqhcyt.qroo.gob.mx\/index.php\/wp-json\/wp\/v2\/pages"}],"about":[{"href":"https:\/\/coqhcyt.qroo.gob.mx\/index.php\/wp-json\/wp\/v2\/types\/page"}],"author":[{"embeddable":true,"href":"https:\/\/coqhcyt.qroo.gob.mx\/index.php\/wp-json\/wp\/v2\/users\/4"}],"replies":[{"embeddable":true,"href":"https:\/\/coqhcyt.qroo.gob.mx\/index.php\/wp-json\/wp\/v2\/comments?post=36995"}],"version-history":[{"count":10,"href":"https:\/\/coqhcyt.qroo.gob.mx\/index.php\/wp-json\/wp\/v2\/pages\/36995\/revisions"}],"predecessor-version":[{"id":37018,"href":"https:\/\/coqhcyt.qroo.gob.mx\/index.php\/wp-json\/wp\/v2\/pages\/36995\/revisions\/37018"}],"wp:attachment":[{"href":"https:\/\/coqhcyt.qroo.gob.mx\/index.php\/wp-json\/wp\/v2\/media?parent=36995"}],"curies":[{"name":"wp","href":"https:\/\/api.w.org\/{rel}","templated":true}]}}