{"id":37375,"date":"2025-10-16T16:55:36","date_gmt":"2025-10-16T21:55:36","guid":{"rendered":"https:\/\/coqhcyt.qroo.gob.mx\/?page_id=37375"},"modified":"2025-10-16T17:11:16","modified_gmt":"2025-10-16T22:11:16","slug":"programa-anual-de-evaluacion-pae-2025","status":"publish","type":"page","link":"https:\/\/coqhcyt.qroo.gob.mx\/index.php\/programa-anual-de-evaluacion-pae-2025\/","title":{"rendered":"Programa Anual de Evaluaci\u00f3n (PAE) 2025"},"content":{"rendered":"\n<p class=\"has-text-align-center\"><strong>Programa Anual de Evaluaci\u00f3n (PAE) 2025<\/strong><\/p>\n\n\n\n<p><strong>Programa presupuestario: E018 &#8211; Impulsar el desarrollo de acciones e investigaci\u00f3n cient\u00edfica, tecnol\u00f3gica y de innovaci\u00f3n, con sentido humanista, que contribuya al bienestar social<\/strong><\/p>\n\n\n\n<p><strong>Tipo de evaluaci\u00f3n: Consistencia y resultados.<\/strong><\/p>\n\n\n\n<p><strong>Ejercicio Fiscal Evaluado: 2024<\/strong><\/p>\n\n\n\n<p><a href=\"https:\/\/drive.google.com\/file\/d\/13CmWznVf-a8o7SQJS_ObUEtAWmvpgakx\/view?usp=sharing\"><strong>Informe Final de la Evaluaci\u00f3n de Consistencia y Resultados del Programa Presupuestario del Ejercicio Fiscal 2024, E018 &#8211; Impulsar el desarrollo de acciones e investigaci\u00f3n cient\u00edfica, tecnol\u00f3gica y de innovaci\u00f3n, con sentido humanista, que contribuya al bienestar social<\/strong><\/a><\/p>\n\n\n\n<p><a href=\"https:\/\/drive.google.com\/file\/d\/148D6fn2Bn77t4uc36bCggli3NB5lJR7w\/view?usp=sharing\"><strong>Formato para la Difusi\u00f3n de los Resultados de las Evaluaciones<\/strong><\/a><strong><\/strong><\/p>\n\n\n\n<p><\/p>\n","protected":false},"excerpt":{"rendered":"<p>Programa Anual de Evaluaci\u00f3n (PAE) 2025 Programa presupuestario: E018 &#8211; Impulsar el desarrollo de acciones e investigaci\u00f3n cient\u00edfica, tecnol\u00f3gica y de innovaci\u00f3n, con sentido humanista, que contribuya al bienestar social Tipo de evaluaci\u00f3n: Consistencia y resultados. Ejercicio Fiscal Evaluado: 2024 Informe Final de la Evaluaci\u00f3n de Consistencia y Resultados del Programa Presupuestario del Ejercicio Fiscal &#8230; <a title=\"Programa Anual de Evaluaci\u00f3n (PAE) 2025\" class=\"read-more\" href=\"https:\/\/coqhcyt.qroo.gob.mx\/index.php\/programa-anual-de-evaluacion-pae-2025\/\" aria-label=\"Leer m\u00e1s sobre Programa Anual de Evaluaci\u00f3n (PAE) 2025\">Leer m\u00e1s<\/a><\/p>\n","protected":false},"author":4,"featured_media":0,"parent":0,"menu_order":0,"comment_status":"closed","ping_status":"closed","template":"","meta":{"_eb_attr":"","footnotes":""},"class_list":["post-37375","page","type-page","status-publish"],"yoast_head":"<!-- This site is optimized with the Yoast SEO plugin v27.3 - https:\/\/yoast.com\/product\/yoast-seo-wordpress\/ -->\n<title>Programa Anual de Evaluaci\u00f3n (PAE) 2025 - Consejo Quintanarroense de Humanidades, Ciencias y Tecnolog\u00edas<\/title>\n<meta name=\"robots\" content=\"index, follow, max-snippet:-1, max-image-preview:large, max-video-preview:-1\" \/>\n<link rel=\"canonical\" href=\"https:\/\/coqhcyt.qroo.gob.mx\/index.php\/programa-anual-de-evaluacion-pae-2025\/\" \/>\n<meta property=\"og:locale\" content=\"es_MX\" \/>\n<meta property=\"og:type\" content=\"article\" \/>\n<meta property=\"og:title\" content=\"Programa Anual de Evaluaci\u00f3n (PAE) 2025 - Consejo Quintanarroense de Humanidades, Ciencias y Tecnolog\u00edas\" \/>\n<meta property=\"og:description\" content=\"Programa Anual de Evaluaci\u00f3n (PAE) 2025 Programa presupuestario: E018 &#8211; Impulsar el desarrollo de acciones e investigaci\u00f3n cient\u00edfica, tecnol\u00f3gica y de innovaci\u00f3n, con sentido humanista, que contribuya al bienestar social Tipo de evaluaci\u00f3n: Consistencia y resultados. Ejercicio Fiscal Evaluado: 2024 Informe Final de la Evaluaci\u00f3n de Consistencia y Resultados del Programa Presupuestario del Ejercicio Fiscal ... Leer m\u00e1s\" \/>\n<meta property=\"og:url\" content=\"https:\/\/coqhcyt.qroo.gob.mx\/index.php\/programa-anual-de-evaluacion-pae-2025\/\" \/>\n<meta property=\"og:site_name\" content=\"Consejo Quintanarroense de Humanidades, Ciencias y Tecnolog\u00edas\" \/>\n<meta property=\"article:modified_time\" content=\"2025-10-16T22:11:16+00:00\" \/>\n<meta name=\"twitter:card\" content=\"summary_large_image\" \/>\n<meta name=\"twitter:label1\" content=\"Tiempo de lectura\" \/>\n\t<meta name=\"twitter:data1\" content=\"1 minuto\" \/>\n<script type=\"application\/ld+json\" class=\"yoast-schema-graph\">{\"@context\":\"https:\\\/\\\/schema.org\",\"@graph\":[{\"@type\":\"WebPage\",\"@id\":\"https:\\\/\\\/coqhcyt.qroo.gob.mx\\\/index.php\\\/programa-anual-de-evaluacion-pae-2025\\\/\",\"url\":\"https:\\\/\\\/coqhcyt.qroo.gob.mx\\\/index.php\\\/programa-anual-de-evaluacion-pae-2025\\\/\",\"name\":\"Programa Anual de Evaluaci\u00f3n (PAE) 2025 - Consejo Quintanarroense de Humanidades, Ciencias y Tecnolog\u00edas\",\"isPartOf\":{\"@id\":\"https:\\\/\\\/coqhcyt.qroo.gob.mx\\\/#website\"},\"datePublished\":\"2025-10-16T21:55:36+00:00\",\"dateModified\":\"2025-10-16T22:11:16+00:00\",\"breadcrumb\":{\"@id\":\"https:\\\/\\\/coqhcyt.qroo.gob.mx\\\/index.php\\\/programa-anual-de-evaluacion-pae-2025\\\/#breadcrumb\"},\"inLanguage\":\"es\",\"potentialAction\":[{\"@type\":\"ReadAction\",\"target\":[\"https:\\\/\\\/coqhcyt.qroo.gob.mx\\\/index.php\\\/programa-anual-de-evaluacion-pae-2025\\\/\"]}]},{\"@type\":\"BreadcrumbList\",\"@id\":\"https:\\\/\\\/coqhcyt.qroo.gob.mx\\\/index.php\\\/programa-anual-de-evaluacion-pae-2025\\\/#breadcrumb\",\"itemListElement\":[{\"@type\":\"ListItem\",\"position\":1,\"name\":\"Inicio\",\"item\":\"https:\\\/\\\/coqhcyt.qroo.gob.mx\\\/\"},{\"@type\":\"ListItem\",\"position\":2,\"name\":\"Programa Anual de Evaluaci\u00f3n (PAE) 2025\"}]},{\"@type\":\"WebSite\",\"@id\":\"https:\\\/\\\/coqhcyt.qroo.gob.mx\\\/#website\",\"url\":\"https:\\\/\\\/coqhcyt.qroo.gob.mx\\\/\",\"name\":\"Consejo Quintanarroense de Humanidades, Ciencias y Tecnolog\u00edas\",\"description\":\"COQHCYT, anteriormente conocida como COQCYT Quintana Roo atendemos los estudios de las humanidades, ciencia y tecnolog\u00eda del estado de Quintana Roo\",\"publisher\":{\"@id\":\"https:\\\/\\\/coqhcyt.qroo.gob.mx\\\/#organization\"},\"potentialAction\":[{\"@type\":\"SearchAction\",\"target\":{\"@type\":\"EntryPoint\",\"urlTemplate\":\"https:\\\/\\\/coqhcyt.qroo.gob.mx\\\/?s={search_term_string}\"},\"query-input\":{\"@type\":\"PropertyValueSpecification\",\"valueRequired\":true,\"valueName\":\"search_term_string\"}}],\"inLanguage\":\"es\"},{\"@type\":\"Organization\",\"@id\":\"https:\\\/\\\/coqhcyt.qroo.gob.mx\\\/#organization\",\"name\":\"Consejo Quintanarroense de Humanidades, Ciencias y Tecnolog\u00edas\",\"url\":\"https:\\\/\\\/coqhcyt.qroo.gob.mx\\\/\",\"logo\":{\"@type\":\"ImageObject\",\"inLanguage\":\"es\",\"@id\":\"https:\\\/\\\/coqhcyt.qroo.gob.mx\\\/#\\\/schema\\\/logo\\\/image\\\/\",\"url\":\"https:\\\/\\\/coqhcyt.qroo.gob.mx\\\/wp-content\\\/uploads\\\/2024\\\/08\\\/cropped-LOGO-COQHCYT-e1724120083330.png\",\"contentUrl\":\"https:\\\/\\\/coqhcyt.qroo.gob.mx\\\/wp-content\\\/uploads\\\/2024\\\/08\\\/cropped-LOGO-COQHCYT-e1724120083330.png\",\"width\":6127,\"height\":1863,\"caption\":\"Consejo Quintanarroense de Humanidades, Ciencias y Tecnolog\u00edas\"},\"image\":{\"@id\":\"https:\\\/\\\/coqhcyt.qroo.gob.mx\\\/#\\\/schema\\\/logo\\\/image\\\/\"}}]}<\/script>\n<!-- \/ Yoast SEO plugin. -->","yoast_head_json":{"title":"Programa Anual de Evaluaci\u00f3n (PAE) 2025 - Consejo Quintanarroense de Humanidades, Ciencias y Tecnolog\u00edas","robots":{"index":"index","follow":"follow","max-snippet":"max-snippet:-1","max-image-preview":"max-image-preview:large","max-video-preview":"max-video-preview:-1"},"canonical":"https:\/\/coqhcyt.qroo.gob.mx\/index.php\/programa-anual-de-evaluacion-pae-2025\/","og_locale":"es_MX","og_type":"article","og_title":"Programa Anual de Evaluaci\u00f3n (PAE) 2025 - Consejo Quintanarroense de Humanidades, Ciencias y Tecnolog\u00edas","og_description":"Programa Anual de Evaluaci\u00f3n (PAE) 2025 Programa presupuestario: E018 &#8211; Impulsar el desarrollo de acciones e investigaci\u00f3n cient\u00edfica, tecnol\u00f3gica y de innovaci\u00f3n, con sentido humanista, que contribuya al bienestar social Tipo de evaluaci\u00f3n: Consistencia y resultados. Ejercicio Fiscal Evaluado: 2024 Informe Final de la Evaluaci\u00f3n de Consistencia y Resultados del Programa Presupuestario del Ejercicio Fiscal ... Leer m\u00e1s","og_url":"https:\/\/coqhcyt.qroo.gob.mx\/index.php\/programa-anual-de-evaluacion-pae-2025\/","og_site_name":"Consejo Quintanarroense de Humanidades, Ciencias y Tecnolog\u00edas","article_modified_time":"2025-10-16T22:11:16+00:00","twitter_card":"summary_large_image","twitter_misc":{"Tiempo de lectura":"1 minuto"},"schema":{"@context":"https:\/\/schema.org","@graph":[{"@type":"WebPage","@id":"https:\/\/coqhcyt.qroo.gob.mx\/index.php\/programa-anual-de-evaluacion-pae-2025\/","url":"https:\/\/coqhcyt.qroo.gob.mx\/index.php\/programa-anual-de-evaluacion-pae-2025\/","name":"Programa Anual de Evaluaci\u00f3n (PAE) 2025 - Consejo Quintanarroense de Humanidades, Ciencias y Tecnolog\u00edas","isPartOf":{"@id":"https:\/\/coqhcyt.qroo.gob.mx\/#website"},"datePublished":"2025-10-16T21:55:36+00:00","dateModified":"2025-10-16T22:11:16+00:00","breadcrumb":{"@id":"https:\/\/coqhcyt.qroo.gob.mx\/index.php\/programa-anual-de-evaluacion-pae-2025\/#breadcrumb"},"inLanguage":"es","potentialAction":[{"@type":"ReadAction","target":["https:\/\/coqhcyt.qroo.gob.mx\/index.php\/programa-anual-de-evaluacion-pae-2025\/"]}]},{"@type":"BreadcrumbList","@id":"https:\/\/coqhcyt.qroo.gob.mx\/index.php\/programa-anual-de-evaluacion-pae-2025\/#breadcrumb","itemListElement":[{"@type":"ListItem","position":1,"name":"Inicio","item":"https:\/\/coqhcyt.qroo.gob.mx\/"},{"@type":"ListItem","position":2,"name":"Programa Anual de Evaluaci\u00f3n (PAE) 2025"}]},{"@type":"WebSite","@id":"https:\/\/coqhcyt.qroo.gob.mx\/#website","url":"https:\/\/coqhcyt.qroo.gob.mx\/","name":"Consejo Quintanarroense de Humanidades, Ciencias y Tecnolog\u00edas","description":"COQHCYT, anteriormente conocida como COQCYT Quintana Roo atendemos los estudios de las humanidades, ciencia y tecnolog\u00eda del estado de Quintana Roo","publisher":{"@id":"https:\/\/coqhcyt.qroo.gob.mx\/#organization"},"potentialAction":[{"@type":"SearchAction","target":{"@type":"EntryPoint","urlTemplate":"https:\/\/coqhcyt.qroo.gob.mx\/?s={search_term_string}"},"query-input":{"@type":"PropertyValueSpecification","valueRequired":true,"valueName":"search_term_string"}}],"inLanguage":"es"},{"@type":"Organization","@id":"https:\/\/coqhcyt.qroo.gob.mx\/#organization","name":"Consejo Quintanarroense de Humanidades, Ciencias y Tecnolog\u00edas","url":"https:\/\/coqhcyt.qroo.gob.mx\/","logo":{"@type":"ImageObject","inLanguage":"es","@id":"https:\/\/coqhcyt.qroo.gob.mx\/#\/schema\/logo\/image\/","url":"https:\/\/coqhcyt.qroo.gob.mx\/wp-content\/uploads\/2024\/08\/cropped-LOGO-COQHCYT-e1724120083330.png","contentUrl":"https:\/\/coqhcyt.qroo.gob.mx\/wp-content\/uploads\/2024\/08\/cropped-LOGO-COQHCYT-e1724120083330.png","width":6127,"height":1863,"caption":"Consejo Quintanarroense de Humanidades, Ciencias y Tecnolog\u00edas"},"image":{"@id":"https:\/\/coqhcyt.qroo.gob.mx\/#\/schema\/logo\/image\/"}}]}},"_links":{"self":[{"href":"https:\/\/coqhcyt.qroo.gob.mx\/index.php\/wp-json\/wp\/v2\/pages\/37375","targetHints":{"allow":["GET"]}}],"collection":[{"href":"https:\/\/coqhcyt.qroo.gob.mx\/index.php\/wp-json\/wp\/v2\/pages"}],"about":[{"href":"https:\/\/coqhcyt.qroo.gob.mx\/index.php\/wp-json\/wp\/v2\/types\/page"}],"author":[{"embeddable":true,"href":"https:\/\/coqhcyt.qroo.gob.mx\/index.php\/wp-json\/wp\/v2\/users\/4"}],"replies":[{"embeddable":true,"href":"https:\/\/coqhcyt.qroo.gob.mx\/index.php\/wp-json\/wp\/v2\/comments?post=37375"}],"version-history":[{"count":2,"href":"https:\/\/coqhcyt.qroo.gob.mx\/index.php\/wp-json\/wp\/v2\/pages\/37375\/revisions"}],"predecessor-version":[{"id":37387,"href":"https:\/\/coqhcyt.qroo.gob.mx\/index.php\/wp-json\/wp\/v2\/pages\/37375\/revisions\/37387"}],"wp:attachment":[{"href":"https:\/\/coqhcyt.qroo.gob.mx\/index.php\/wp-json\/wp\/v2\/media?parent=37375"}],"curies":[{"name":"wp","href":"https:\/\/api.w.org\/{rel}","templated":true}]}}