{"id":37782,"date":"2026-03-19T16:38:11","date_gmt":"2026-03-19T21:38:11","guid":{"rendered":"https:\/\/coqhcyt.qroo.gob.mx\/?page_id=37782"},"modified":"2026-04-09T21:59:44","modified_gmt":"2026-04-10T02:59:44","slug":"medios-de-verificacion-2026","status":"publish","type":"page","link":"https:\/\/coqhcyt.qroo.gob.mx\/index.php\/medios-de-verificacion-2026\/","title":{"rendered":"Medios de Verificaci\u00f3n 2026"},"content":{"rendered":"\n<p>METODOLOG\u00cdA DE MARCO L\u00d3GICO 2026 <\/p>\n\n\n\n<figure class=\"wp-block-table\"><table class=\"has-fixed-layout\"><tbody><tr><td>Reporte General de Informaci\u00f3n Program\u00e1tica<\/td><\/tr><tr><td><a href=\"https:\/\/drive.google.com\/file\/d\/1kiIEVTNr4dA82AXfI75dfEbQ44sYC6s4\/view?usp=sharing\">E018 &#8211; Actividades para el Acceso universal al Conocimiento.<\/a><\/td><\/tr><tr><td><a href=\"https:\/\/drive.google.com\/file\/d\/12SBIs5Oa4q8-BBmE9Fs0GAOnczv_Cjay\/view?usp=sharing\">M001 &#8211; Gesti\u00f3n y Apoyo Institucional Transversal.<\/a><\/td><\/tr><tr><td><a href=\"https:\/\/drive.google.com\/file\/d\/16bAkiLu-SUxoGPzPjOE2QZlozhqsiZk6\/view?usp=sharing\">P004 &#8211; Planeaci\u00f3n, implementaci\u00f3n y articulaci\u00f3n de la pol\u00edtica estatal en materia de humanidades, ciencias, tecnolog\u00edas e innovaci\u00f3n.<\/a><\/td><\/tr><tr><td><a href=\"https:\/\/drive.google.com\/file\/d\/19wHarDtyk1BTQuKpQmE3oQ6aUzcSyYOy\/view?usp=sharing\">Q001 &#8211; Mecanismo de fomento y apoyo para la investigaci\u00f3n, la ciencia aplicada y la innovaci\u00f3n.<\/a><\/td><\/tr><tr><td><a href=\"https:\/\/drive.google.com\/file\/d\/12eIEcyewfRGhOozWucPwtZNV2Cz_DXaq\/view?usp=sharing\">Q004 &#8211; Programa Especial de Fomento e Impulso a las Humanidades, Ciencias, Tecnolog\u00edas e Innovaci\u00f3n.<\/a><\/td><\/tr><\/tbody><\/table><\/figure>\n\n\n\n<p><strong>Medios de Verificaci\u00f3n 1er. Trimestre 2026<\/strong><\/p>\n\n\n\n<figure class=\"wp-block-table\"><table class=\"has-fixed-layout\"><tbody><tr><td><strong>Nombre a publicar<\/strong><\/td><td><strong>Nombre del Archivo<\/strong><\/td><\/tr><tr><td colspan=\"2\"><strong>E018 &#8211; Actividades para el Acceso universal al Conocimiento<\/strong><strong><\/strong><\/td><\/tr><tr><td>F.P.C01 &#8211; Servicios de la Red de Planetarios brindados. Direcci\u00f3n del Planetario Yookol Kaab en Oth\u00f3n P. Blanco<\/td><td><a href=\"https:\/\/drive.google.com\/file\/d\/1iX4D0lDX1_uRT9doW2IS2HZYeVVB5BUH\/view?usp=drive_link\">1ER TRIM E018_C01<\/a><\/td><\/tr><tr><td>F.P.C01 &#8211; Servicios de la Red de Planetarios brindados. Direcci\u00f3n del Planetario Ka Yok en Benito Ju\u00e1rez<\/td><td><a href=\"https:\/\/drive.google.com\/file\/d\/1IRxJNHEvNqQ0cHucePiI9esmLRtsrXYr\/view?usp=drive_link\">E018_C01_1T2026 kayok<\/a><\/td><\/tr><tr><td>F.P.C01 &#8211; Servicios de la Red de Planetarios brindados. Direcci\u00f3n del Planetario Sayab en Solidaridad<\/td><td><a href=\"https:\/\/drive.google.com\/file\/d\/161OOrDeNTnykW60G-4eFtFFWEsAW2MiD\/view?usp=drive_link\">E018_C01_1T2026 SAYAB<\/a><\/td><\/tr><tr><td>F.P.C01 &#8211; Servicios de la Red de Planetarios brindados. Direcci\u00f3n del Planetario Chaan Kaan en Cozumel<\/td><td><a href=\"https:\/\/drive.google.com\/file\/d\/1ebiYbe5btOcmN9eV8wFte4oM36Au5Ic-\/view?usp=drive_link\">E018_C01_1T2026 Chaan Kaan<\/a><\/td><\/tr><tr><td>FF.P.C01.A01 &#8211; Evaluaci\u00f3n de la satisfacci\u00f3n de los servicios de la Red de Planetarios. Direcci\u00f3n del Planetario Yookol Kaab en Oth\u00f3n P. Blanco<\/td><td><a href=\"https:\/\/drive.google.com\/file\/d\/1ppJq8lIc2-Rw-qDmiSJCtg7nVZTVSIXC\/view?usp=drive_link\">1ER TRIM E018_C01A01<\/a><\/td><\/tr><tr><td>F.P.C01.A01 &#8211; Evaluaci\u00f3n de la satisfacci\u00f3n de los servicios de la Red de Planetarios. Direcci\u00f3n del Planetario Ka Yok en Benito Ju\u00e1rez<\/td><td><a href=\"https:\/\/drive.google.com\/file\/d\/14QnVVL-JdncUsDA1CV7S8Qd-OEo_g-DQ\/view?usp=drive_link\">E018_C01A01_1T2026 kayok<\/a><\/td><\/tr><tr><td>F.P.C01.A01 &#8211; Evaluaci\u00f3n de la satisfacci\u00f3n de los servicios de la Red de Planetarios. Direcci\u00f3n del Planetario Sayab en Solidaridad<\/td><td><a href=\"https:\/\/drive.google.com\/file\/d\/1qszhCRBqUQCWegS1-bLp4Lwb_e7_Dgmn\/view?usp=drive_link\">E018_C01A01_1T2026 SAYAB<\/a><\/td><\/tr><tr><td>F.P.C01.A01 &#8211; Evaluaci\u00f3n de la satisfacci\u00f3n de los servicios de la Red de Planetarios. Direcci\u00f3n del Planetario Chaan Kaan en Cozumel<\/td><td><a href=\"https:\/\/drive.google.com\/file\/d\/1Vggj0CPS9CnmZk9fq354aV-eHJTCRgkn\/view?usp=drive_link\">E018_C01A01_1T2026 Chaan Kaan<\/a><\/td><\/tr><tr><td>F.P.C01.A02 &#8211; Publicaci\u00f3n de contendidos para difusi\u00f3n, promoci\u00f3n y divulgaci\u00f3n<\/td><td><a href=\"https:\/\/drive.google.com\/file\/d\/1wYkgEWnI6ecwj2U6a80A9f022qdjL-VY\/view?usp=drive_link\">E018 C01_A02<\/a><\/td><\/tr><tr><td colspan=\"2\"><strong>M001 &#8211; Gesti\u00f3n y Apoyo Institucional Transversal<\/strong><\/td><\/tr><tr><td>F.P.C01 &#8211; Apoyo para el cumplimiento sustantivo otorgado.<\/td><td><a href=\"https:\/\/drive.google.com\/file\/d\/11JJYtKQ_HhgwS1aNchBQSEHch2pK1JjB\/view?usp=drive_link\">M001 C01 1er Trim 2026<\/a><\/td><\/tr><tr><td>F.P.C01.A01 &#8211; Control presupuestal para el cumplimiento de las metas de las Unidades Responsables<\/td><td><a href=\"https:\/\/drive.google.com\/file\/d\/1K1LCATY0H4mZk1SI4BlIKhT3QjL2iAis\/view?usp=drive_link\">M001 C01 A01<\/a><\/td><\/tr><tr><td>FF.P.C01.A02 &#8211; Seguimiento de la informaci\u00f3n de transparencia de las \u00e1reas.<\/td><td><a href=\"https:\/\/drive.google.com\/file\/d\/1ALuEs5Hc1cdBBg2PYR1nTLb48r4glMnK\/view?usp=drive_link\">M001 C01 A02<\/a><\/td><\/tr><tr><td>F.P.C01.A03 &#8211; Atenci\u00f3n de solicitudes de soporte t\u00e9cnico y tecnolog\u00edas de las Unidades Responsables<\/td><td><a href=\"https:\/\/drive.google.com\/file\/d\/1i_j3k9YMzkbGxVHSVjySXDjucoPMDf-v\/view?usp=drive_link\">M001 C01 A03<\/a><\/td><\/tr><tr><td>F.P.C01.A04 &#8211; Atenci\u00f3n a las unidades para su proceso archiv\u00edstico<\/td><td><a href=\"https:\/\/drive.google.com\/file\/d\/1dK8YgEWj9XL4x0xMzj_twA8P3NLMyKOf\/view?usp=drive_link\">M001 C01 A04<\/a><\/td><\/tr><tr><td colspan=\"2\"><strong>P004 &#8211; Planeaci\u00f3n, implementaci\u00f3n y articulaci\u00f3n de la pol\u00edtica estatal en materia de humanidades, ciencias, tecnolog\u00edas e innovaci\u00f3n.<\/strong><\/td><\/tr><tr><td>F.P.C01.A02 &#8211; Integraci\u00f3n del Sistema Estatal de Informaci\u00f3n<\/td><td><a href=\"https:\/\/drive.google.com\/file\/d\/1wf9VM83iz_X72TZGuypL8Gq_zF_PZdYe\/view?usp=drive_link\">P004 C01 A02<\/a><\/td><\/tr><tr><td>F.P.C02.A01 &#8211; Seguimiento a los proyectos coordinados y articulados<\/td><td><a href=\"https:\/\/drive.google.com\/file\/d\/1o5zD2O8lbeeeJJhw0o7aJtfjLmmzOvQd\/view?usp=drive_link\">P004_C02A01_1T2026<\/a><\/td><\/tr><tr><td colspan=\"2\"><strong>Q001 &#8211; Mecanismo de fomento y apoyo para la investigaci\u00f3n, la ciencia aplicada y la innovaci\u00f3n<\/strong><\/td><\/tr><tr><td>F.P.C01.A01 &#8211; Implementaci\u00f3n de programas de apoyo y reconocimiento a la comunidad cient\u00edfica.<\/td><td><a href=\"https:\/\/drive.google.com\/file\/d\/1g0YG7G3JNLKMdTs8aCqvkQqpTqAywuBZ\/view?usp=drive_link\">1T2026 C01A01Q001<\/a><\/td><\/tr><tr><td>F.P.C01.A02 &#8211; Ejecuci\u00f3n de proyectos tendientes de apoyo a la investigaci\u00f3n tendientes a la reducci\u00f3n de brechas de g\u00e9nero.<\/td><td><a href=\"https:\/\/drive.google.com\/file\/d\/1n6rsSxHkUaj0iEZ4NX24m1MvSfyr28j-\/view?usp=drive_link\">1T2026 C01A02Q001<\/a><\/td><\/tr><tr><td>F.P.C01.A04 &#8211; Realizaci\u00f3n de programas de apoyo para el registro de propiedad intelectual, marcas e invenciones.<\/td><td><a href=\"https:\/\/drive.google.com\/file\/d\/1d-HNvxYr21Fe5QqFkWHqREWYn4B8UQ6l\/view?usp=drive_link\">1T2026 C01A04Q001<\/a><\/td><\/tr><tr><td colspan=\"2\"><strong>Q004 &#8211; Programa Especial de Fomento e Impulso a las Humanidades, Ciencias, Tecnolog\u00edas e Innovaci\u00f3n<\/strong><\/td><\/tr><tr><td>F.P.C01.A01 &#8211; Atenci\u00f3n a la poblaci\u00f3n mediante proyectos de fomento a las humanidades, ciencias, tecnolog\u00edas e innovaci\u00f3n<\/td><td><a href=\"https:\/\/drive.google.com\/file\/d\/193H9yapXensD0JngYQoZUPSPeG0AW0eB\/view?usp=drive_link\">Q004_C01A01_1T2026<\/a><\/td><\/tr><\/tbody><\/table><\/figure>\n","protected":false},"excerpt":{"rendered":"<p>METODOLOG\u00cdA DE MARCO L\u00d3GICO 2026 Reporte General de Informaci\u00f3n Program\u00e1tica E018 &#8211; Actividades para el Acceso universal al Conocimiento. M001 &#8211; Gesti\u00f3n y Apoyo Institucional Transversal. P004 &#8211; Planeaci\u00f3n, implementaci\u00f3n y articulaci\u00f3n de la pol\u00edtica estatal en materia de humanidades, ciencias, tecnolog\u00edas e innovaci\u00f3n. Q001 &#8211; Mecanismo de fomento y apoyo para la investigaci\u00f3n, la &#8230; <a title=\"Medios de Verificaci\u00f3n 2026\" class=\"read-more\" href=\"https:\/\/coqhcyt.qroo.gob.mx\/index.php\/medios-de-verificacion-2026\/\" aria-label=\"Leer m\u00e1s sobre Medios de Verificaci\u00f3n 2026\">Leer m\u00e1s<\/a><\/p>\n","protected":false},"author":4,"featured_media":0,"parent":0,"menu_order":0,"comment_status":"closed","ping_status":"closed","template":"","meta":{"_eb_attr":"","footnotes":""},"class_list":["post-37782","page","type-page","status-publish"],"yoast_head":"<!-- This site is optimized with the Yoast SEO plugin v27.5 - https:\/\/yoast.com\/product\/yoast-seo-wordpress\/ -->\n<title>Medios de Verificaci\u00f3n 2026 - Consejo Quintanarroense de Humanidades, Ciencias y Tecnolog\u00edas<\/title>\n<meta name=\"robots\" content=\"index, follow, max-snippet:-1, max-image-preview:large, max-video-preview:-1\" \/>\n<link rel=\"canonical\" href=\"https:\/\/coqhcyt.qroo.gob.mx\/index.php\/medios-de-verificacion-2026\/\" \/>\n<meta property=\"og:locale\" content=\"es_MX\" \/>\n<meta property=\"og:type\" content=\"article\" \/>\n<meta property=\"og:title\" content=\"Medios de Verificaci\u00f3n 2026 - Consejo Quintanarroense de Humanidades, Ciencias y Tecnolog\u00edas\" \/>\n<meta property=\"og:description\" content=\"METODOLOG\u00cdA DE MARCO L\u00d3GICO 2026 Reporte General de Informaci\u00f3n Program\u00e1tica E018 &#8211; Actividades para el Acceso universal al Conocimiento. M001 &#8211; Gesti\u00f3n y Apoyo Institucional Transversal. P004 &#8211; Planeaci\u00f3n, implementaci\u00f3n y articulaci\u00f3n de la pol\u00edtica estatal en materia de humanidades, ciencias, tecnolog\u00edas e innovaci\u00f3n. Q001 &#8211; Mecanismo de fomento y apoyo para la investigaci\u00f3n, la ... Leer m\u00e1s\" \/>\n<meta property=\"og:url\" content=\"https:\/\/coqhcyt.qroo.gob.mx\/index.php\/medios-de-verificacion-2026\/\" \/>\n<meta property=\"og:site_name\" content=\"Consejo Quintanarroense de Humanidades, Ciencias y Tecnolog\u00edas\" \/>\n<meta property=\"article:modified_time\" content=\"2026-04-10T02:59:44+00:00\" \/>\n<meta name=\"twitter:card\" content=\"summary_large_image\" \/>\n<meta name=\"twitter:label1\" content=\"Tiempo de lectura\" \/>\n\t<meta name=\"twitter:data1\" content=\"3 minutos\" \/>\n<script type=\"application\/ld+json\" class=\"yoast-schema-graph\">{\"@context\":\"https:\\\/\\\/schema.org\",\"@graph\":[{\"@type\":\"WebPage\",\"@id\":\"https:\\\/\\\/coqhcyt.qroo.gob.mx\\\/index.php\\\/medios-de-verificacion-2026\\\/\",\"url\":\"https:\\\/\\\/coqhcyt.qroo.gob.mx\\\/index.php\\\/medios-de-verificacion-2026\\\/\",\"name\":\"Medios de Verificaci\u00f3n 2026 - Consejo Quintanarroense de Humanidades, Ciencias y Tecnolog\u00edas\",\"isPartOf\":{\"@id\":\"https:\\\/\\\/coqhcyt.qroo.gob.mx\\\/#website\"},\"datePublished\":\"2026-03-19T21:38:11+00:00\",\"dateModified\":\"2026-04-10T02:59:44+00:00\",\"breadcrumb\":{\"@id\":\"https:\\\/\\\/coqhcyt.qroo.gob.mx\\\/index.php\\\/medios-de-verificacion-2026\\\/#breadcrumb\"},\"inLanguage\":\"es\",\"potentialAction\":[{\"@type\":\"ReadAction\",\"target\":[\"https:\\\/\\\/coqhcyt.qroo.gob.mx\\\/index.php\\\/medios-de-verificacion-2026\\\/\"]}]},{\"@type\":\"BreadcrumbList\",\"@id\":\"https:\\\/\\\/coqhcyt.qroo.gob.mx\\\/index.php\\\/medios-de-verificacion-2026\\\/#breadcrumb\",\"itemListElement\":[{\"@type\":\"ListItem\",\"position\":1,\"name\":\"Inicio\",\"item\":\"https:\\\/\\\/coqhcyt.qroo.gob.mx\\\/\"},{\"@type\":\"ListItem\",\"position\":2,\"name\":\"Medios de Verificaci\u00f3n 2026\"}]},{\"@type\":\"WebSite\",\"@id\":\"https:\\\/\\\/coqhcyt.qroo.gob.mx\\\/#website\",\"url\":\"https:\\\/\\\/coqhcyt.qroo.gob.mx\\\/\",\"name\":\"Consejo Quintanarroense de Humanidades, Ciencias y Tecnolog\u00edas\",\"description\":\"COQHCYT, anteriormente conocida como COQCYT Quintana Roo atendemos los estudios de las humanidades, ciencia y tecnolog\u00eda del estado de Quintana Roo\",\"publisher\":{\"@id\":\"https:\\\/\\\/coqhcyt.qroo.gob.mx\\\/#organization\"},\"potentialAction\":[{\"@type\":\"SearchAction\",\"target\":{\"@type\":\"EntryPoint\",\"urlTemplate\":\"https:\\\/\\\/coqhcyt.qroo.gob.mx\\\/?s={search_term_string}\"},\"query-input\":{\"@type\":\"PropertyValueSpecification\",\"valueRequired\":true,\"valueName\":\"search_term_string\"}}],\"inLanguage\":\"es\"},{\"@type\":\"Organization\",\"@id\":\"https:\\\/\\\/coqhcyt.qroo.gob.mx\\\/#organization\",\"name\":\"Consejo Quintanarroense de Humanidades, Ciencias y Tecnolog\u00edas\",\"url\":\"https:\\\/\\\/coqhcyt.qroo.gob.mx\\\/\",\"logo\":{\"@type\":\"ImageObject\",\"inLanguage\":\"es\",\"@id\":\"https:\\\/\\\/coqhcyt.qroo.gob.mx\\\/#\\\/schema\\\/logo\\\/image\\\/\",\"url\":\"https:\\\/\\\/coqhcyt.qroo.gob.mx\\\/wp-content\\\/uploads\\\/2024\\\/08\\\/cropped-LOGO-COQHCYT-e1724120083330.png\",\"contentUrl\":\"https:\\\/\\\/coqhcyt.qroo.gob.mx\\\/wp-content\\\/uploads\\\/2024\\\/08\\\/cropped-LOGO-COQHCYT-e1724120083330.png\",\"width\":6127,\"height\":1863,\"caption\":\"Consejo Quintanarroense de Humanidades, Ciencias y Tecnolog\u00edas\"},\"image\":{\"@id\":\"https:\\\/\\\/coqhcyt.qroo.gob.mx\\\/#\\\/schema\\\/logo\\\/image\\\/\"}}]}<\/script>\n<!-- \/ Yoast SEO plugin. -->","yoast_head_json":{"title":"Medios de Verificaci\u00f3n 2026 - Consejo Quintanarroense de Humanidades, Ciencias y Tecnolog\u00edas","robots":{"index":"index","follow":"follow","max-snippet":"max-snippet:-1","max-image-preview":"max-image-preview:large","max-video-preview":"max-video-preview:-1"},"canonical":"https:\/\/coqhcyt.qroo.gob.mx\/index.php\/medios-de-verificacion-2026\/","og_locale":"es_MX","og_type":"article","og_title":"Medios de Verificaci\u00f3n 2026 - Consejo Quintanarroense de Humanidades, Ciencias y Tecnolog\u00edas","og_description":"METODOLOG\u00cdA DE MARCO L\u00d3GICO 2026 Reporte General de Informaci\u00f3n Program\u00e1tica E018 &#8211; Actividades para el Acceso universal al Conocimiento. M001 &#8211; Gesti\u00f3n y Apoyo Institucional Transversal. P004 &#8211; Planeaci\u00f3n, implementaci\u00f3n y articulaci\u00f3n de la pol\u00edtica estatal en materia de humanidades, ciencias, tecnolog\u00edas e innovaci\u00f3n. Q001 &#8211; Mecanismo de fomento y apoyo para la investigaci\u00f3n, la ... Leer m\u00e1s","og_url":"https:\/\/coqhcyt.qroo.gob.mx\/index.php\/medios-de-verificacion-2026\/","og_site_name":"Consejo Quintanarroense de Humanidades, Ciencias y Tecnolog\u00edas","article_modified_time":"2026-04-10T02:59:44+00:00","twitter_card":"summary_large_image","twitter_misc":{"Tiempo de lectura":"3 minutos"},"schema":{"@context":"https:\/\/schema.org","@graph":[{"@type":"WebPage","@id":"https:\/\/coqhcyt.qroo.gob.mx\/index.php\/medios-de-verificacion-2026\/","url":"https:\/\/coqhcyt.qroo.gob.mx\/index.php\/medios-de-verificacion-2026\/","name":"Medios de Verificaci\u00f3n 2026 - Consejo Quintanarroense de Humanidades, Ciencias y Tecnolog\u00edas","isPartOf":{"@id":"https:\/\/coqhcyt.qroo.gob.mx\/#website"},"datePublished":"2026-03-19T21:38:11+00:00","dateModified":"2026-04-10T02:59:44+00:00","breadcrumb":{"@id":"https:\/\/coqhcyt.qroo.gob.mx\/index.php\/medios-de-verificacion-2026\/#breadcrumb"},"inLanguage":"es","potentialAction":[{"@type":"ReadAction","target":["https:\/\/coqhcyt.qroo.gob.mx\/index.php\/medios-de-verificacion-2026\/"]}]},{"@type":"BreadcrumbList","@id":"https:\/\/coqhcyt.qroo.gob.mx\/index.php\/medios-de-verificacion-2026\/#breadcrumb","itemListElement":[{"@type":"ListItem","position":1,"name":"Inicio","item":"https:\/\/coqhcyt.qroo.gob.mx\/"},{"@type":"ListItem","position":2,"name":"Medios de Verificaci\u00f3n 2026"}]},{"@type":"WebSite","@id":"https:\/\/coqhcyt.qroo.gob.mx\/#website","url":"https:\/\/coqhcyt.qroo.gob.mx\/","name":"Consejo Quintanarroense de Humanidades, Ciencias y Tecnolog\u00edas","description":"COQHCYT, anteriormente conocida como COQCYT Quintana Roo atendemos los estudios de las humanidades, ciencia y tecnolog\u00eda del estado de Quintana Roo","publisher":{"@id":"https:\/\/coqhcyt.qroo.gob.mx\/#organization"},"potentialAction":[{"@type":"SearchAction","target":{"@type":"EntryPoint","urlTemplate":"https:\/\/coqhcyt.qroo.gob.mx\/?s={search_term_string}"},"query-input":{"@type":"PropertyValueSpecification","valueRequired":true,"valueName":"search_term_string"}}],"inLanguage":"es"},{"@type":"Organization","@id":"https:\/\/coqhcyt.qroo.gob.mx\/#organization","name":"Consejo Quintanarroense de Humanidades, Ciencias y Tecnolog\u00edas","url":"https:\/\/coqhcyt.qroo.gob.mx\/","logo":{"@type":"ImageObject","inLanguage":"es","@id":"https:\/\/coqhcyt.qroo.gob.mx\/#\/schema\/logo\/image\/","url":"https:\/\/coqhcyt.qroo.gob.mx\/wp-content\/uploads\/2024\/08\/cropped-LOGO-COQHCYT-e1724120083330.png","contentUrl":"https:\/\/coqhcyt.qroo.gob.mx\/wp-content\/uploads\/2024\/08\/cropped-LOGO-COQHCYT-e1724120083330.png","width":6127,"height":1863,"caption":"Consejo Quintanarroense de Humanidades, Ciencias y Tecnolog\u00edas"},"image":{"@id":"https:\/\/coqhcyt.qroo.gob.mx\/#\/schema\/logo\/image\/"}}]}},"_links":{"self":[{"href":"https:\/\/coqhcyt.qroo.gob.mx\/index.php\/wp-json\/wp\/v2\/pages\/37782","targetHints":{"allow":["GET"]}}],"collection":[{"href":"https:\/\/coqhcyt.qroo.gob.mx\/index.php\/wp-json\/wp\/v2\/pages"}],"about":[{"href":"https:\/\/coqhcyt.qroo.gob.mx\/index.php\/wp-json\/wp\/v2\/types\/page"}],"author":[{"embeddable":true,"href":"https:\/\/coqhcyt.qroo.gob.mx\/index.php\/wp-json\/wp\/v2\/users\/4"}],"replies":[{"embeddable":true,"href":"https:\/\/coqhcyt.qroo.gob.mx\/index.php\/wp-json\/wp\/v2\/comments?post=37782"}],"version-history":[{"count":2,"href":"https:\/\/coqhcyt.qroo.gob.mx\/index.php\/wp-json\/wp\/v2\/pages\/37782\/revisions"}],"predecessor-version":[{"id":37849,"href":"https:\/\/coqhcyt.qroo.gob.mx\/index.php\/wp-json\/wp\/v2\/pages\/37782\/revisions\/37849"}],"wp:attachment":[{"href":"https:\/\/coqhcyt.qroo.gob.mx\/index.php\/wp-json\/wp\/v2\/media?parent=37782"}],"curies":[{"name":"wp","href":"https:\/\/api.w.org\/{rel}","templated":true}]}}