{"id":37895,"date":"2026-04-20T13:18:07","date_gmt":"2026-04-20T18:18:07","guid":{"rendered":"https:\/\/coqhcyt.qroo.gob.mx\/?page_id=37895"},"modified":"2026-04-22T13:15:10","modified_gmt":"2026-04-22T18:15:10","slug":"enero-26-2","status":"publish","type":"page","link":"https:\/\/coqhcyt.qroo.gob.mx\/index.php\/enero-26-2\/","title":{"rendered":"Enero 2026"},"content":{"rendered":"\n<div class=\"wp-block-file\"><a id=\"wp-block-file--media-551e9859-f256-45eb-87d5-c4e9ba4608e2\" href=\"https:\/\/coqhcyt.qroo.gob.mx\/wp-content\/uploads\/2026\/04\/ESTADO-ANALITICO-DEL-EJERCICIO-DEL-PRESUPUESTO-DE-EGRESOS-CLASIFICACION-POR-OBJETO-DEL-GASTO.pdf\">ESTADO ANAL\u00cdTICO DEL EJERCICIO DEL PRESUPUESTO DE EGRESOS-CLASIFICACI\u00d3N POR OBJETO DEL GASTO<\/a><a href=\"https:\/\/coqhcyt.qroo.gob.mx\/wp-content\/uploads\/2026\/04\/ESTADO-ANALITICO-DEL-EJERCICIO-DEL-PRESUPUESTO-DE-EGRESOS-CLASIFICACION-POR-OBJETO-DEL-GASTO.pdf\" class=\"wp-block-file__button wp-element-button\" download aria-describedby=\"wp-block-file--media-551e9859-f256-45eb-87d5-c4e9ba4608e2\">Descarga<\/a><\/div>\n\n\n\n<div class=\"wp-block-file\"><a id=\"wp-block-file--media-c7bdd055-da93-4a56-90cb-c4df17bf0881\" href=\"https:\/\/coqhcyt.qroo.gob.mx\/wp-content\/uploads\/2026\/04\/ESTADO-ANALITICO-DEL-EJERCICIO-DEL-PRESUPUESTO-DE-EGRESOS-CLASIFICACION-FUNCIONAL.pdf\">ESTADO ANAL\u00cdTICO DEL EJERCICIO DEL PRESUPUESTO DE EGRESOS-CLASIFICACI\u00d3N FUNCIONAL<\/a><a href=\"https:\/\/coqhcyt.qroo.gob.mx\/wp-content\/uploads\/2026\/04\/ESTADO-ANALITICO-DEL-EJERCICIO-DEL-PRESUPUESTO-DE-EGRESOS-CLASIFICACION-FUNCIONAL.pdf\" class=\"wp-block-file__button wp-element-button\" download aria-describedby=\"wp-block-file--media-c7bdd055-da93-4a56-90cb-c4df17bf0881\">Descarga<\/a><\/div>\n\n\n\n<div class=\"wp-block-file\"><a id=\"wp-block-file--media-b88e81fe-dde9-4d9e-a0ec-6d06426a8de1\" href=\"https:\/\/coqhcyt.qroo.gob.mx\/wp-content\/uploads\/2026\/04\/ESTADO-ANALITICO-DEL-EJERCICIO-DEL-PRESUPUESTO-DE-EGRESOS-CLASIFICACION-ECONOMICA.pdf\">ESTADO ANAL\u00cdTICO DEL EJERCICIO DEL PRESUPUESTO DE EGRESOS-CLASIFICACI\u00d3N ECON\u00d3MICA<\/a><a href=\"https:\/\/coqhcyt.qroo.gob.mx\/wp-content\/uploads\/2026\/04\/ESTADO-ANALITICO-DEL-EJERCICIO-DEL-PRESUPUESTO-DE-EGRESOS-CLASIFICACION-ECONOMICA.pdf\" class=\"wp-block-file__button wp-element-button\" download aria-describedby=\"wp-block-file--media-b88e81fe-dde9-4d9e-a0ec-6d06426a8de1\">Descarga<\/a><\/div>\n\n\n\n<div class=\"wp-block-file\"><a id=\"wp-block-file--media-c9d20500-e7f0-4c13-8e3e-301aee4974ca\" href=\"https:\/\/coqhcyt.qroo.gob.mx\/wp-content\/uploads\/2026\/04\/INTERESES-DE-LA-DEUDA.pdf\">INTERESES DE LA DEUDA<\/a><a href=\"https:\/\/coqhcyt.qroo.gob.mx\/wp-content\/uploads\/2026\/04\/INTERESES-DE-LA-DEUDA.pdf\" class=\"wp-block-file__button wp-element-button\" download aria-describedby=\"wp-block-file--media-c9d20500-e7f0-4c13-8e3e-301aee4974ca\">Descarga<\/a><\/div>\n\n\n\n<div class=\"wp-block-file\"><a id=\"wp-block-file--media-d9411676-7b9b-4513-97eb-8f468cf4c60e\" href=\"https:\/\/coqhcyt.qroo.gob.mx\/wp-content\/uploads\/2026\/04\/INFORME-SOBRE-PASIVOS-CONTINGENTES.pdf\">INFORME SOBRE PASIVOS CONTINGENTES<\/a><a href=\"https:\/\/coqhcyt.qroo.gob.mx\/wp-content\/uploads\/2026\/04\/INFORME-SOBRE-PASIVOS-CONTINGENTES.pdf\" class=\"wp-block-file__button wp-element-button\" download aria-describedby=\"wp-block-file--media-d9411676-7b9b-4513-97eb-8f468cf4c60e\">Descarga<\/a><\/div>\n\n\n\n<div class=\"wp-block-file\"><a id=\"wp-block-file--media-5e69b769-39a6-46ab-8f63-16611ae086ae\" href=\"https:\/\/coqhcyt.qroo.gob.mx\/wp-content\/uploads\/2026\/04\/INDICADORES-DE-POSTURA-FISCAL.pdf\">INDICADORES DE POSTURA FISCAL<\/a><a href=\"https:\/\/coqhcyt.qroo.gob.mx\/wp-content\/uploads\/2026\/04\/INDICADORES-DE-POSTURA-FISCAL.pdf\" class=\"wp-block-file__button wp-element-button\" download aria-describedby=\"wp-block-file--media-5e69b769-39a6-46ab-8f63-16611ae086ae\">Descarga<\/a><\/div>\n\n\n\n<div class=\"wp-block-file\"><a id=\"wp-block-file--media-bd30af27-eb93-40a2-8975-ea14c4436042\" href=\"https:\/\/coqhcyt.qroo.gob.mx\/wp-content\/uploads\/2026\/04\/GASTO-POR-CATEGORIA-PROGRAMATICA.pdf\">GASTO POR CATEGOR\u00cdA PROGRAM\u00c1TICA<\/a><a href=\"https:\/\/coqhcyt.qroo.gob.mx\/wp-content\/uploads\/2026\/04\/GASTO-POR-CATEGORIA-PROGRAMATICA.pdf\" class=\"wp-block-file__button wp-element-button\" download aria-describedby=\"wp-block-file--media-bd30af27-eb93-40a2-8975-ea14c4436042\">Descarga<\/a><\/div>\n\n\n\n<div class=\"wp-block-file\"><a id=\"wp-block-file--media-3b488969-2772-475a-8f73-7df8a370f224\" href=\"https:\/\/coqhcyt.qroo.gob.mx\/wp-content\/uploads\/2026\/04\/ESTADO-DE-VARIACION-EN-LA-HACIENDA-PUBLICA.pdf\">ESTADO DE VARIACI\u00d3N EN LA HACIENDA P\u00daBLICA<\/a><a href=\"https:\/\/coqhcyt.qroo.gob.mx\/wp-content\/uploads\/2026\/04\/ESTADO-DE-VARIACION-EN-LA-HACIENDA-PUBLICA.pdf\" class=\"wp-block-file__button wp-element-button\" download aria-describedby=\"wp-block-file--media-3b488969-2772-475a-8f73-7df8a370f224\">Descarga<\/a><\/div>\n\n\n\n<div class=\"wp-block-file\"><a id=\"wp-block-file--media-0f153725-ab8e-4170-8018-5320c6538272\" href=\"https:\/\/coqhcyt.qroo.gob.mx\/wp-content\/uploads\/2026\/04\/ESTADO-DE-SITUACION-FINANCIERA.pdf\">ESTADO DE SITUACI\u00d3N FINANCIERA<\/a><a href=\"https:\/\/coqhcyt.qroo.gob.mx\/wp-content\/uploads\/2026\/04\/ESTADO-DE-SITUACION-FINANCIERA.pdf\" class=\"wp-block-file__button wp-element-button\" download aria-describedby=\"wp-block-file--media-0f153725-ab8e-4170-8018-5320c6538272\">Descarga<\/a><\/div>\n\n\n\n<div class=\"wp-block-file\"><a id=\"wp-block-file--media-2bfefae2-7653-4f49-988c-418979f766ab\" href=\"https:\/\/coqhcyt.qroo.gob.mx\/wp-content\/uploads\/2026\/04\/ESTADO-DE-FLUJOS-DE-EFECTIVO.pdf\">ESTADO DE FLUJOS DE EFECTIVO<\/a><a href=\"https:\/\/coqhcyt.qroo.gob.mx\/wp-content\/uploads\/2026\/04\/ESTADO-DE-FLUJOS-DE-EFECTIVO.pdf\" class=\"wp-block-file__button wp-element-button\" download aria-describedby=\"wp-block-file--media-2bfefae2-7653-4f49-988c-418979f766ab\">Descarga<\/a><\/div>\n\n\n\n<div class=\"wp-block-file\"><a id=\"wp-block-file--media-40083821-71f2-4ce6-a294-0dbe7ef373f8\" href=\"https:\/\/coqhcyt.qroo.gob.mx\/wp-content\/uploads\/2026\/04\/ESTADO-DE-CAMBIOS-EN-LA-SITUACION-FINANCIERA.pdf\">ESTADO DE CAMBIOS EN LA SITUACI\u00d3N FINANCIERA<\/a><a href=\"https:\/\/coqhcyt.qroo.gob.mx\/wp-content\/uploads\/2026\/04\/ESTADO-DE-CAMBIOS-EN-LA-SITUACION-FINANCIERA.pdf\" class=\"wp-block-file__button wp-element-button\" download aria-describedby=\"wp-block-file--media-40083821-71f2-4ce6-a294-0dbe7ef373f8\">Descarga<\/a><\/div>\n\n\n\n<div class=\"wp-block-file\"><a id=\"wp-block-file--media-87403018-80f7-4089-8023-2b7917be6125\" href=\"https:\/\/coqhcyt.qroo.gob.mx\/wp-content\/uploads\/2026\/04\/ESTADO-DE-ACTIVIDADES.pdf\">ESTADO DE ACTIVIDADES<\/a><a href=\"https:\/\/coqhcyt.qroo.gob.mx\/wp-content\/uploads\/2026\/04\/ESTADO-DE-ACTIVIDADES.pdf\" class=\"wp-block-file__button wp-element-button\" download aria-describedby=\"wp-block-file--media-87403018-80f7-4089-8023-2b7917be6125\">Descarga<\/a><\/div>\n\n\n\n<div class=\"wp-block-file\"><a id=\"wp-block-file--media-327d552f-0018-40af-9c19-fc4b04cfa4b6\" href=\"https:\/\/coqhcyt.qroo.gob.mx\/wp-content\/uploads\/2026\/04\/ESTADO-ANALITICO-DEL-EJERCICIO-DEL-PRESUPUESTO-DE-EGRESOS-CLASIFICACION-ADMINISTRATIVA.pdf\">ESTADO ANAL\u00cdTICO DEL EJERCICIO DEL PRESUPUESTO DE EGRESOS-CLASIFICACI\u00d3N ADMINISTRATIVA<\/a><a href=\"https:\/\/coqhcyt.qroo.gob.mx\/wp-content\/uploads\/2026\/04\/ESTADO-ANALITICO-DEL-EJERCICIO-DEL-PRESUPUESTO-DE-EGRESOS-CLASIFICACION-ADMINISTRATIVA.pdf\" class=\"wp-block-file__button wp-element-button\" download aria-describedby=\"wp-block-file--media-327d552f-0018-40af-9c19-fc4b04cfa4b6\">Descarga<\/a><\/div>\n\n\n\n<div class=\"wp-block-file\"><a id=\"wp-block-file--media-97784962-6589-4771-9302-cb5733e57c22\" href=\"https:\/\/coqhcyt.qroo.gob.mx\/wp-content\/uploads\/2026\/04\/ESTADO-ANALITICO-DEL-ACTIVO.pdf\">ESTADO ANAL\u00cdTICO DEL ACTIVO<\/a><a href=\"https:\/\/coqhcyt.qroo.gob.mx\/wp-content\/uploads\/2026\/04\/ESTADO-ANALITICO-DEL-ACTIVO.pdf\" class=\"wp-block-file__button wp-element-button\" download aria-describedby=\"wp-block-file--media-97784962-6589-4771-9302-cb5733e57c22\">Descarga<\/a><\/div>\n\n\n\n<div class=\"wp-block-file\"><a id=\"wp-block-file--media-d85056fd-e017-4b80-b874-fb3d188eeca9\" href=\"https:\/\/coqhcyt.qroo.gob.mx\/wp-content\/uploads\/2026\/04\/ESTADO-ANALITICO-DE-LA-DEUDA-Y-OTROS-PASIVOS.pdf\">ESTADO ANAL\u00cdTICO DE LA DEUDA Y OTROS PASIVOS<\/a><a href=\"https:\/\/coqhcyt.qroo.gob.mx\/wp-content\/uploads\/2026\/04\/ESTADO-ANALITICO-DE-LA-DEUDA-Y-OTROS-PASIVOS.pdf\" class=\"wp-block-file__button wp-element-button\" download aria-describedby=\"wp-block-file--media-d85056fd-e017-4b80-b874-fb3d188eeca9\">Descarga<\/a><\/div>\n\n\n\n<div class=\"wp-block-file\"><a id=\"wp-block-file--media-1b1b882b-12d5-4a38-95d9-c999373e901f\" href=\"https:\/\/coqhcyt.qroo.gob.mx\/wp-content\/uploads\/2026\/04\/ESTADO-ANALITICO-DE-INGRESOS.pdf\">ESTADO ANAL\u00cdTICO DE INGRESOS<\/a><a href=\"https:\/\/coqhcyt.qroo.gob.mx\/wp-content\/uploads\/2026\/04\/ESTADO-ANALITICO-DE-INGRESOS.pdf\" class=\"wp-block-file__button wp-element-button\" download aria-describedby=\"wp-block-file--media-1b1b882b-12d5-4a38-95d9-c999373e901f\">Descarga<\/a><\/div>\n\n\n\n<div class=\"wp-block-file\"><a id=\"wp-block-file--media-796f97a0-6414-4603-8f03-290957dad052\" href=\"https:\/\/coqhcyt.qroo.gob.mx\/wp-content\/uploads\/2026\/04\/ENDEUDAMIENTO-NETO.pdf\">ENDEUDAMIENTO NETO<\/a><a href=\"https:\/\/coqhcyt.qroo.gob.mx\/wp-content\/uploads\/2026\/04\/ENDEUDAMIENTO-NETO.pdf\" class=\"wp-block-file__button wp-element-button\" download aria-describedby=\"wp-block-file--media-796f97a0-6414-4603-8f03-290957dad052\">Descarga<\/a><\/div>\n\n\n\n<div class=\"wp-block-file\"><a id=\"wp-block-file--media-cf192dd0-24e5-4453-b970-1827446f223d\" href=\"https:\/\/coqhcyt.qroo.gob.mx\/wp-content\/uploads\/2026\/04\/estados-financieros-enero-2026.pdf\">estados financieros enero 2026<\/a><a href=\"https:\/\/coqhcyt.qroo.gob.mx\/wp-content\/uploads\/2026\/04\/estados-financieros-enero-2026.pdf\" class=\"wp-block-file__button wp-element-button\" download aria-describedby=\"wp-block-file--media-cf192dd0-24e5-4453-b970-1827446f223d\">Descarga<\/a><\/div>\n\n\n\n<div class=\"wp-block-file\"><a id=\"wp-block-file--media-58e9416d-ed51-43a5-b8cc-8f0c0403a60d\" href=\"https:\/\/coqhcyt.qroo.gob.mx\/wp-content\/uploads\/2026\/04\/NOTAS-A-LOS-ESTADOS-FINANCIEROS.pdf\">NOTAS A LOS ESTADOS FINANCIEROS<\/a><a href=\"https:\/\/coqhcyt.qroo.gob.mx\/wp-content\/uploads\/2026\/04\/NOTAS-A-LOS-ESTADOS-FINANCIEROS.pdf\" class=\"wp-block-file__button wp-element-button\" download aria-describedby=\"wp-block-file--media-58e9416d-ed51-43a5-b8cc-8f0c0403a60d\">Descarga<\/a><\/div>\n","protected":false},"excerpt":{"rendered":"","protected":false},"author":4,"featured_media":0,"parent":0,"menu_order":0,"comment_status":"closed","ping_status":"closed","template":"","meta":{"_eb_attr":"","footnotes":""},"class_list":["post-37895","page","type-page","status-publish"],"yoast_head":"<!-- This site is optimized with the Yoast SEO plugin v27.5 - https:\/\/yoast.com\/product\/yoast-seo-wordpress\/ -->\n<title>Enero 2026 - Consejo Quintanarroense de Humanidades, Ciencias y Tecnolog\u00edas<\/title>\n<meta name=\"robots\" content=\"index, follow, max-snippet:-1, max-image-preview:large, max-video-preview:-1\" \/>\n<link rel=\"canonical\" href=\"https:\/\/coqhcyt.qroo.gob.mx\/index.php\/enero-26-2\/\" \/>\n<meta property=\"og:locale\" content=\"es_MX\" \/>\n<meta property=\"og:type\" content=\"article\" \/>\n<meta property=\"og:title\" content=\"Enero 2026 - Consejo Quintanarroense de Humanidades, Ciencias y Tecnolog\u00edas\" \/>\n<meta property=\"og:url\" content=\"https:\/\/coqhcyt.qroo.gob.mx\/index.php\/enero-26-2\/\" \/>\n<meta property=\"og:site_name\" content=\"Consejo Quintanarroense de Humanidades, Ciencias y Tecnolog\u00edas\" \/>\n<meta property=\"article:modified_time\" content=\"2026-04-22T18:15:10+00:00\" \/>\n<meta name=\"twitter:card\" content=\"summary_large_image\" \/>\n<meta name=\"twitter:label1\" content=\"Tiempo de lectura\" \/>\n\t<meta name=\"twitter:data1\" content=\"1 minuto\" \/>\n<script type=\"application\/ld+json\" class=\"yoast-schema-graph\">{\"@context\":\"https:\\\/\\\/schema.org\",\"@graph\":[{\"@type\":\"WebPage\",\"@id\":\"https:\\\/\\\/coqhcyt.qroo.gob.mx\\\/index.php\\\/enero-26-2\\\/\",\"url\":\"https:\\\/\\\/coqhcyt.qroo.gob.mx\\\/index.php\\\/enero-26-2\\\/\",\"name\":\"Enero 2026 - Consejo Quintanarroense de Humanidades, Ciencias y Tecnolog\u00edas\",\"isPartOf\":{\"@id\":\"https:\\\/\\\/coqhcyt.qroo.gob.mx\\\/#website\"},\"datePublished\":\"2026-04-20T18:18:07+00:00\",\"dateModified\":\"2026-04-22T18:15:10+00:00\",\"breadcrumb\":{\"@id\":\"https:\\\/\\\/coqhcyt.qroo.gob.mx\\\/index.php\\\/enero-26-2\\\/#breadcrumb\"},\"inLanguage\":\"es\",\"potentialAction\":[{\"@type\":\"ReadAction\",\"target\":[\"https:\\\/\\\/coqhcyt.qroo.gob.mx\\\/index.php\\\/enero-26-2\\\/\"]}]},{\"@type\":\"BreadcrumbList\",\"@id\":\"https:\\\/\\\/coqhcyt.qroo.gob.mx\\\/index.php\\\/enero-26-2\\\/#breadcrumb\",\"itemListElement\":[{\"@type\":\"ListItem\",\"position\":1,\"name\":\"Inicio\",\"item\":\"https:\\\/\\\/coqhcyt.qroo.gob.mx\\\/\"},{\"@type\":\"ListItem\",\"position\":2,\"name\":\"Enero 2026\"}]},{\"@type\":\"WebSite\",\"@id\":\"https:\\\/\\\/coqhcyt.qroo.gob.mx\\\/#website\",\"url\":\"https:\\\/\\\/coqhcyt.qroo.gob.mx\\\/\",\"name\":\"Consejo Quintanarroense de Humanidades, Ciencias y Tecnolog\u00edas\",\"description\":\"COQHCYT, anteriormente conocida como COQCYT Quintana Roo atendemos los estudios de las humanidades, ciencia y tecnolog\u00eda del estado de Quintana Roo\",\"publisher\":{\"@id\":\"https:\\\/\\\/coqhcyt.qroo.gob.mx\\\/#organization\"},\"potentialAction\":[{\"@type\":\"SearchAction\",\"target\":{\"@type\":\"EntryPoint\",\"urlTemplate\":\"https:\\\/\\\/coqhcyt.qroo.gob.mx\\\/?s={search_term_string}\"},\"query-input\":{\"@type\":\"PropertyValueSpecification\",\"valueRequired\":true,\"valueName\":\"search_term_string\"}}],\"inLanguage\":\"es\"},{\"@type\":\"Organization\",\"@id\":\"https:\\\/\\\/coqhcyt.qroo.gob.mx\\\/#organization\",\"name\":\"Consejo Quintanarroense de Humanidades, Ciencias y Tecnolog\u00edas\",\"url\":\"https:\\\/\\\/coqhcyt.qroo.gob.mx\\\/\",\"logo\":{\"@type\":\"ImageObject\",\"inLanguage\":\"es\",\"@id\":\"https:\\\/\\\/coqhcyt.qroo.gob.mx\\\/#\\\/schema\\\/logo\\\/image\\\/\",\"url\":\"https:\\\/\\\/coqhcyt.qroo.gob.mx\\\/wp-content\\\/uploads\\\/2024\\\/08\\\/cropped-LOGO-COQHCYT-e1724120083330.png\",\"contentUrl\":\"https:\\\/\\\/coqhcyt.qroo.gob.mx\\\/wp-content\\\/uploads\\\/2024\\\/08\\\/cropped-LOGO-COQHCYT-e1724120083330.png\",\"width\":6127,\"height\":1863,\"caption\":\"Consejo Quintanarroense de Humanidades, Ciencias y Tecnolog\u00edas\"},\"image\":{\"@id\":\"https:\\\/\\\/coqhcyt.qroo.gob.mx\\\/#\\\/schema\\\/logo\\\/image\\\/\"}}]}<\/script>\n<!-- \/ Yoast SEO plugin. -->","yoast_head_json":{"title":"Enero 2026 - Consejo Quintanarroense de Humanidades, Ciencias y Tecnolog\u00edas","robots":{"index":"index","follow":"follow","max-snippet":"max-snippet:-1","max-image-preview":"max-image-preview:large","max-video-preview":"max-video-preview:-1"},"canonical":"https:\/\/coqhcyt.qroo.gob.mx\/index.php\/enero-26-2\/","og_locale":"es_MX","og_type":"article","og_title":"Enero 2026 - Consejo Quintanarroense de Humanidades, Ciencias y Tecnolog\u00edas","og_url":"https:\/\/coqhcyt.qroo.gob.mx\/index.php\/enero-26-2\/","og_site_name":"Consejo Quintanarroense de Humanidades, Ciencias y Tecnolog\u00edas","article_modified_time":"2026-04-22T18:15:10+00:00","twitter_card":"summary_large_image","twitter_misc":{"Tiempo de lectura":"1 minuto"},"schema":{"@context":"https:\/\/schema.org","@graph":[{"@type":"WebPage","@id":"https:\/\/coqhcyt.qroo.gob.mx\/index.php\/enero-26-2\/","url":"https:\/\/coqhcyt.qroo.gob.mx\/index.php\/enero-26-2\/","name":"Enero 2026 - Consejo Quintanarroense de Humanidades, Ciencias y Tecnolog\u00edas","isPartOf":{"@id":"https:\/\/coqhcyt.qroo.gob.mx\/#website"},"datePublished":"2026-04-20T18:18:07+00:00","dateModified":"2026-04-22T18:15:10+00:00","breadcrumb":{"@id":"https:\/\/coqhcyt.qroo.gob.mx\/index.php\/enero-26-2\/#breadcrumb"},"inLanguage":"es","potentialAction":[{"@type":"ReadAction","target":["https:\/\/coqhcyt.qroo.gob.mx\/index.php\/enero-26-2\/"]}]},{"@type":"BreadcrumbList","@id":"https:\/\/coqhcyt.qroo.gob.mx\/index.php\/enero-26-2\/#breadcrumb","itemListElement":[{"@type":"ListItem","position":1,"name":"Inicio","item":"https:\/\/coqhcyt.qroo.gob.mx\/"},{"@type":"ListItem","position":2,"name":"Enero 2026"}]},{"@type":"WebSite","@id":"https:\/\/coqhcyt.qroo.gob.mx\/#website","url":"https:\/\/coqhcyt.qroo.gob.mx\/","name":"Consejo Quintanarroense de Humanidades, Ciencias y Tecnolog\u00edas","description":"COQHCYT, anteriormente conocida como COQCYT Quintana Roo atendemos los estudios de las humanidades, ciencia y tecnolog\u00eda del estado de Quintana Roo","publisher":{"@id":"https:\/\/coqhcyt.qroo.gob.mx\/#organization"},"potentialAction":[{"@type":"SearchAction","target":{"@type":"EntryPoint","urlTemplate":"https:\/\/coqhcyt.qroo.gob.mx\/?s={search_term_string}"},"query-input":{"@type":"PropertyValueSpecification","valueRequired":true,"valueName":"search_term_string"}}],"inLanguage":"es"},{"@type":"Organization","@id":"https:\/\/coqhcyt.qroo.gob.mx\/#organization","name":"Consejo Quintanarroense de Humanidades, Ciencias y Tecnolog\u00edas","url":"https:\/\/coqhcyt.qroo.gob.mx\/","logo":{"@type":"ImageObject","inLanguage":"es","@id":"https:\/\/coqhcyt.qroo.gob.mx\/#\/schema\/logo\/image\/","url":"https:\/\/coqhcyt.qroo.gob.mx\/wp-content\/uploads\/2024\/08\/cropped-LOGO-COQHCYT-e1724120083330.png","contentUrl":"https:\/\/coqhcyt.qroo.gob.mx\/wp-content\/uploads\/2024\/08\/cropped-LOGO-COQHCYT-e1724120083330.png","width":6127,"height":1863,"caption":"Consejo Quintanarroense de Humanidades, Ciencias y Tecnolog\u00edas"},"image":{"@id":"https:\/\/coqhcyt.qroo.gob.mx\/#\/schema\/logo\/image\/"}}]}},"_links":{"self":[{"href":"https:\/\/coqhcyt.qroo.gob.mx\/index.php\/wp-json\/wp\/v2\/pages\/37895","targetHints":{"allow":["GET"]}}],"collection":[{"href":"https:\/\/coqhcyt.qroo.gob.mx\/index.php\/wp-json\/wp\/v2\/pages"}],"about":[{"href":"https:\/\/coqhcyt.qroo.gob.mx\/index.php\/wp-json\/wp\/v2\/types\/page"}],"author":[{"embeddable":true,"href":"https:\/\/coqhcyt.qroo.gob.mx\/index.php\/wp-json\/wp\/v2\/users\/4"}],"replies":[{"embeddable":true,"href":"https:\/\/coqhcyt.qroo.gob.mx\/index.php\/wp-json\/wp\/v2\/comments?post=37895"}],"version-history":[{"count":4,"href":"https:\/\/coqhcyt.qroo.gob.mx\/index.php\/wp-json\/wp\/v2\/pages\/37895\/revisions"}],"predecessor-version":[{"id":37990,"href":"https:\/\/coqhcyt.qroo.gob.mx\/index.php\/wp-json\/wp\/v2\/pages\/37895\/revisions\/37990"}],"wp:attachment":[{"href":"https:\/\/coqhcyt.qroo.gob.mx\/index.php\/wp-json\/wp\/v2\/media?parent=37895"}],"curies":[{"name":"wp","href":"https:\/\/api.w.org\/{rel}","templated":true}]}}