{"id":37925,"date":"2026-04-20T14:40:05","date_gmt":"2026-04-20T19:40:05","guid":{"rendered":"https:\/\/coqhcyt.qroo.gob.mx\/?page_id=37925"},"modified":"2026-04-22T13:14:06","modified_gmt":"2026-04-22T18:14:06","slug":"febrero-26-2","status":"publish","type":"page","link":"https:\/\/coqhcyt.qroo.gob.mx\/index.php\/febrero-26-2\/","title":{"rendered":"Febrero 2026"},"content":{"rendered":"\n<div class=\"wp-block-file\"><a id=\"wp-block-file--media-a42fd515-4eed-452e-af80-140444f62230\" href=\"https:\/\/coqhcyt.qroo.gob.mx\/wp-content\/uploads\/2026\/04\/ESTADO-ANALITICO-DEL-EJERCICIO-DEL-PRESUPUESTO-DE-EGRESOS-CLASIFICACION-POR-OBJETO-DEL-GASTO-1.pdf\">ESTADO ANAL\u00cdTICO DEL EJERCICIO DEL PRESUPUESTO DE EGRESOS-CLASIFICACI\u00d3N POR OBJETO DEL GASTO<\/a><a href=\"https:\/\/coqhcyt.qroo.gob.mx\/wp-content\/uploads\/2026\/04\/ESTADO-ANALITICO-DEL-EJERCICIO-DEL-PRESUPUESTO-DE-EGRESOS-CLASIFICACION-POR-OBJETO-DEL-GASTO-1.pdf\" class=\"wp-block-file__button wp-element-button\" download aria-describedby=\"wp-block-file--media-a42fd515-4eed-452e-af80-140444f62230\">Descarga<\/a><\/div>\n\n\n\n<div class=\"wp-block-file\"><a id=\"wp-block-file--media-044cfa8f-aec0-4bc7-9f84-cfad4f9d86c7\" href=\"https:\/\/coqhcyt.qroo.gob.mx\/wp-content\/uploads\/2026\/04\/ESTADO-DE-FLUJOS-DE-EFECTIVO-1.pdf\">ESTADO DE FLUJOS DE EFECTIVO<\/a><a href=\"https:\/\/coqhcyt.qroo.gob.mx\/wp-content\/uploads\/2026\/04\/ESTADO-DE-FLUJOS-DE-EFECTIVO-1.pdf\" class=\"wp-block-file__button wp-element-button\" download aria-describedby=\"wp-block-file--media-044cfa8f-aec0-4bc7-9f84-cfad4f9d86c7\">Descarga<\/a><\/div>\n\n\n\n<div class=\"wp-block-file\"><a id=\"wp-block-file--media-160c6a41-211a-4384-a0df-eed8d738e509\" href=\"https:\/\/coqhcyt.qroo.gob.mx\/wp-content\/uploads\/2026\/04\/ESTADO-DE-SITUACION-FINANCIERA-1.pdf\">ESTADO DE SITUACI\u00d3N FINANCIERA<\/a><a href=\"https:\/\/coqhcyt.qroo.gob.mx\/wp-content\/uploads\/2026\/04\/ESTADO-DE-SITUACION-FINANCIERA-1.pdf\" class=\"wp-block-file__button wp-element-button\" download aria-describedby=\"wp-block-file--media-160c6a41-211a-4384-a0df-eed8d738e509\">Descarga<\/a><\/div>\n\n\n\n<div class=\"wp-block-file\"><a id=\"wp-block-file--media-ab52fe72-2424-416c-a105-914ed24a3f07\" href=\"https:\/\/coqhcyt.qroo.gob.mx\/wp-content\/uploads\/2026\/04\/ESTADO-DE-ACTIVIDADES-1.pdf\">ESTADO DE ACTIVIDADES<\/a><a href=\"https:\/\/coqhcyt.qroo.gob.mx\/wp-content\/uploads\/2026\/04\/ESTADO-DE-ACTIVIDADES-1.pdf\" class=\"wp-block-file__button wp-element-button\" download aria-describedby=\"wp-block-file--media-ab52fe72-2424-416c-a105-914ed24a3f07\">Descarga<\/a><\/div>\n\n\n\n<div class=\"wp-block-file\"><a id=\"wp-block-file--media-bd50396a-315f-4b22-9549-952c98ccbe64\" href=\"https:\/\/coqhcyt.qroo.gob.mx\/wp-content\/uploads\/2026\/04\/ESTADO-DE-CAMBIOS-EN-LA-SITUACION-FINANCIERA-1.pdf\">ESTADO DE CAMBIOS EN LA SITUACI\u00d3N FINANCIERA<\/a><a href=\"https:\/\/coqhcyt.qroo.gob.mx\/wp-content\/uploads\/2026\/04\/ESTADO-DE-CAMBIOS-EN-LA-SITUACION-FINANCIERA-1.pdf\" class=\"wp-block-file__button wp-element-button\" download aria-describedby=\"wp-block-file--media-bd50396a-315f-4b22-9549-952c98ccbe64\">Descarga<\/a><\/div>\n\n\n\n<div class=\"wp-block-file\"><a id=\"wp-block-file--media-4a152394-a5f7-44d7-b134-d6f75063a150\" href=\"https:\/\/coqhcyt.qroo.gob.mx\/wp-content\/uploads\/2026\/04\/ESTADO-ANALITICO-DE-INGRESOS-1.pdf\">ESTADO ANAL\u00cdTICO DE INGRESOS<\/a><a href=\"https:\/\/coqhcyt.qroo.gob.mx\/wp-content\/uploads\/2026\/04\/ESTADO-ANALITICO-DE-INGRESOS-1.pdf\" class=\"wp-block-file__button wp-element-button\" download aria-describedby=\"wp-block-file--media-4a152394-a5f7-44d7-b134-d6f75063a150\">Descarga<\/a><\/div>\n\n\n\n<div class=\"wp-block-file\"><a id=\"wp-block-file--media-46f8ee7a-8f5c-4330-9902-73bfa84e4796\" href=\"https:\/\/coqhcyt.qroo.gob.mx\/wp-content\/uploads\/2026\/04\/ESTADO-DE-VARIACION-EN-HACIENDA-PUBLICA.pdf\">ESTADO DE VARIACI\u00d3N EN HACIENDA P\u00daBLICA<\/a><a href=\"https:\/\/coqhcyt.qroo.gob.mx\/wp-content\/uploads\/2026\/04\/ESTADO-DE-VARIACION-EN-HACIENDA-PUBLICA.pdf\" class=\"wp-block-file__button wp-element-button\" download aria-describedby=\"wp-block-file--media-46f8ee7a-8f5c-4330-9902-73bfa84e4796\">Descarga<\/a><\/div>\n\n\n\n<div class=\"wp-block-file\"><a id=\"wp-block-file--media-362ac2e0-08ed-4b83-b5f5-1a83ba38b303\" href=\"https:\/\/coqhcyt.qroo.gob.mx\/wp-content\/uploads\/2026\/04\/ESTADO-ANALITICO-DEL-EJERCICIO-DEL-PRESUPUESTO-DE-EGRESOS-CLASIFICACION-FUNCIONAL-1.pdf\">ESTADO ANAL\u00cdTICO DEL EJERCICIO DEL PRESUPUESTO DE EGRESOS-CLASIFICACI\u00d3N FUNCIONAL<\/a><a href=\"https:\/\/coqhcyt.qroo.gob.mx\/wp-content\/uploads\/2026\/04\/ESTADO-ANALITICO-DEL-EJERCICIO-DEL-PRESUPUESTO-DE-EGRESOS-CLASIFICACION-FUNCIONAL-1.pdf\" class=\"wp-block-file__button wp-element-button\" download aria-describedby=\"wp-block-file--media-362ac2e0-08ed-4b83-b5f5-1a83ba38b303\">Descarga<\/a><\/div>\n\n\n\n<div class=\"wp-block-file\"><a id=\"wp-block-file--media-3614edb2-0466-42b3-9144-41eef67923d0\" href=\"https:\/\/coqhcyt.qroo.gob.mx\/wp-content\/uploads\/2026\/04\/GASTO-POR-CATEGORIA-PROGRAMATICA-1.pdf\">GASTO POR CATEGOR\u00cdA PROGRAM\u00c1TICA<\/a><a href=\"https:\/\/coqhcyt.qroo.gob.mx\/wp-content\/uploads\/2026\/04\/GASTO-POR-CATEGORIA-PROGRAMATICA-1.pdf\" class=\"wp-block-file__button wp-element-button\" download aria-describedby=\"wp-block-file--media-3614edb2-0466-42b3-9144-41eef67923d0\">Descarga<\/a><\/div>\n\n\n\n<div class=\"wp-block-file\"><a id=\"wp-block-file--media-658f874d-40d1-4397-a2a3-0e61fead01a2\" href=\"https:\/\/coqhcyt.qroo.gob.mx\/wp-content\/uploads\/2026\/04\/ESTADO-ANALITICO-DE-LA-DEUDA-Y-OTROS-PASIVOS-1.pdf\">ESTADO ANAL\u00cdTICO DE LA DEUDA Y OTROS PASIVOS<\/a><a href=\"https:\/\/coqhcyt.qroo.gob.mx\/wp-content\/uploads\/2026\/04\/ESTADO-ANALITICO-DE-LA-DEUDA-Y-OTROS-PASIVOS-1.pdf\" class=\"wp-block-file__button wp-element-button\" download aria-describedby=\"wp-block-file--media-658f874d-40d1-4397-a2a3-0e61fead01a2\">Descarga<\/a><\/div>\n\n\n\n<div class=\"wp-block-file\"><a id=\"wp-block-file--media-86e154c8-e8c6-44d5-8b52-93a22476ffad\" href=\"https:\/\/coqhcyt.qroo.gob.mx\/wp-content\/uploads\/2026\/04\/ESTADO-ANALITICO-DEL-ACTIVO-1.pdf\">ESTADO ANAL\u00cdTICO DEL ACTIVO<\/a><a href=\"https:\/\/coqhcyt.qroo.gob.mx\/wp-content\/uploads\/2026\/04\/ESTADO-ANALITICO-DEL-ACTIVO-1.pdf\" class=\"wp-block-file__button wp-element-button\" download aria-describedby=\"wp-block-file--media-86e154c8-e8c6-44d5-8b52-93a22476ffad\">Descarga<\/a><\/div>\n\n\n\n<div class=\"wp-block-file\"><a id=\"wp-block-file--media-1f957987-22da-439a-a1ad-ff241203362b\" href=\"https:\/\/coqhcyt.qroo.gob.mx\/wp-content\/uploads\/2026\/04\/INDICADORES-DE-POSTURA-FISCAL-1.pdf\">INDICADORES DE POSTURA FISCAL<\/a><a href=\"https:\/\/coqhcyt.qroo.gob.mx\/wp-content\/uploads\/2026\/04\/INDICADORES-DE-POSTURA-FISCAL-1.pdf\" class=\"wp-block-file__button wp-element-button\" download aria-describedby=\"wp-block-file--media-1f957987-22da-439a-a1ad-ff241203362b\">Descarga<\/a><\/div>\n\n\n\n<div class=\"wp-block-file\"><a id=\"wp-block-file--media-710fbada-0997-4e72-8684-5b9bd13f418f\" href=\"https:\/\/coqhcyt.qroo.gob.mx\/wp-content\/uploads\/2026\/04\/ESTADO-ANALITICO-DEL-EJERCICIO-DEL-PRESUPUESTO-DE-EGRESOS-CLASIFICACION-ADMINISTRATIVA-1.pdf\">ESTADO ANAL\u00cdTICO DEL EJERCICIO DEL PRESUPUESTO DE EGRESOS-CLASIFICACI\u00d3N ADMINISTRATIVA<\/a><a href=\"https:\/\/coqhcyt.qroo.gob.mx\/wp-content\/uploads\/2026\/04\/ESTADO-ANALITICO-DEL-EJERCICIO-DEL-PRESUPUESTO-DE-EGRESOS-CLASIFICACION-ADMINISTRATIVA-1.pdf\" class=\"wp-block-file__button wp-element-button\" download aria-describedby=\"wp-block-file--media-710fbada-0997-4e72-8684-5b9bd13f418f\">Descarga<\/a><\/div>\n\n\n\n<div class=\"wp-block-file\"><a id=\"wp-block-file--media-b4e26de6-6250-4ee6-81e4-d61f1f20409d\" href=\"https:\/\/coqhcyt.qroo.gob.mx\/wp-content\/uploads\/2026\/04\/ENDEUDAMIENTO-NETO-1.pdf\">ENDEUDAMIENTO NETO<\/a><a href=\"https:\/\/coqhcyt.qroo.gob.mx\/wp-content\/uploads\/2026\/04\/ENDEUDAMIENTO-NETO-1.pdf\" class=\"wp-block-file__button wp-element-button\" download aria-describedby=\"wp-block-file--media-b4e26de6-6250-4ee6-81e4-d61f1f20409d\">Descarga<\/a><\/div>\n\n\n\n<div class=\"wp-block-file\"><a id=\"wp-block-file--media-8474a853-56ae-4fcd-afa5-bcb9c9f257e6\" href=\"https:\/\/coqhcyt.qroo.gob.mx\/wp-content\/uploads\/2026\/04\/INTERESES-DE-LA-DEUDA-1.pdf\">INTERESES DE LA DEUDA<\/a><a href=\"https:\/\/coqhcyt.qroo.gob.mx\/wp-content\/uploads\/2026\/04\/INTERESES-DE-LA-DEUDA-1.pdf\" class=\"wp-block-file__button wp-element-button\" download aria-describedby=\"wp-block-file--media-8474a853-56ae-4fcd-afa5-bcb9c9f257e6\">Descarga<\/a><\/div>\n\n\n\n<div class=\"wp-block-file\"><a id=\"wp-block-file--media-4d350bc6-4b33-46ed-9f0c-1f0891ae5054\" href=\"https:\/\/coqhcyt.qroo.gob.mx\/wp-content\/uploads\/2026\/04\/ESTADO-ANALITICO-DEL-EJERCICIO-DEL-PRESUPUESTO-DE-EGRESOS-CLASIFICACION-ECONOMICA-1.pdf\">ESTADO ANAL\u00cdTICO DEL EJERCICIO DEL PRESUPUESTO DE EGRESOS-CLASIFICACI\u00d3N ECON\u00d3MICA<\/a><a href=\"https:\/\/coqhcyt.qroo.gob.mx\/wp-content\/uploads\/2026\/04\/ESTADO-ANALITICO-DEL-EJERCICIO-DEL-PRESUPUESTO-DE-EGRESOS-CLASIFICACION-ECONOMICA-1.pdf\" class=\"wp-block-file__button wp-element-button\" download aria-describedby=\"wp-block-file--media-4d350bc6-4b33-46ed-9f0c-1f0891ae5054\">Descarga<\/a><\/div>\n\n\n\n<div class=\"wp-block-file\"><a id=\"wp-block-file--media-b8f28db5-3af6-475c-9a55-48736d745e3a\" href=\"https:\/\/coqhcyt.qroo.gob.mx\/wp-content\/uploads\/2026\/04\/INFORME-SOBRE-PASIVOS-CONTINGENTES-1.pdf\">INFORME SOBRE PASIVOS CONTINGENTES<\/a><a href=\"https:\/\/coqhcyt.qroo.gob.mx\/wp-content\/uploads\/2026\/04\/INFORME-SOBRE-PASIVOS-CONTINGENTES-1.pdf\" class=\"wp-block-file__button wp-element-button\" download aria-describedby=\"wp-block-file--media-b8f28db5-3af6-475c-9a55-48736d745e3a\">Descarga<\/a><\/div>\n\n\n\n<div class=\"wp-block-file\"><a id=\"wp-block-file--media-b89b1734-0530-4230-8d38-f5d7ff2943a8\" href=\"https:\/\/coqhcyt.qroo.gob.mx\/wp-content\/uploads\/2026\/04\/estados-financieros-febrero-2026-comprimido_compressed.pdf\">estados financieros febrero 2026-comprimido_compressed<\/a><a href=\"https:\/\/coqhcyt.qroo.gob.mx\/wp-content\/uploads\/2026\/04\/estados-financieros-febrero-2026-comprimido_compressed.pdf\" class=\"wp-block-file__button wp-element-button\" download aria-describedby=\"wp-block-file--media-b89b1734-0530-4230-8d38-f5d7ff2943a8\">Descarga<\/a><\/div>\n\n\n\n<div class=\"wp-block-file\"><a id=\"wp-block-file--media-9cb83b2f-933b-4c84-9e57-7f22fd049d22\" href=\"https:\/\/coqhcyt.qroo.gob.mx\/wp-content\/uploads\/2026\/04\/NOTAS-A-LOS-ESTADOS-FINANCIEROS_compressed-2.pdf\">NOTAS A LOS ESTADOS FINANCIEROS_compressed-2<\/a><a href=\"https:\/\/coqhcyt.qroo.gob.mx\/wp-content\/uploads\/2026\/04\/NOTAS-A-LOS-ESTADOS-FINANCIEROS_compressed-2.pdf\" class=\"wp-block-file__button wp-element-button\" download aria-describedby=\"wp-block-file--media-9cb83b2f-933b-4c84-9e57-7f22fd049d22\">Descarga<\/a><\/div>\n","protected":false},"excerpt":{"rendered":"","protected":false},"author":4,"featured_media":0,"parent":0,"menu_order":0,"comment_status":"closed","ping_status":"closed","template":"","meta":{"_eb_attr":"","footnotes":""},"class_list":["post-37925","page","type-page","status-publish"],"yoast_head":"<!-- This site is optimized with the Yoast SEO plugin v27.5 - https:\/\/yoast.com\/product\/yoast-seo-wordpress\/ -->\n<title>Febrero 2026 - Consejo Quintanarroense de Humanidades, Ciencias y Tecnolog\u00edas<\/title>\n<meta name=\"robots\" content=\"index, follow, max-snippet:-1, max-image-preview:large, max-video-preview:-1\" \/>\n<link rel=\"canonical\" href=\"https:\/\/coqhcyt.qroo.gob.mx\/index.php\/febrero-26-2\/\" \/>\n<meta property=\"og:locale\" content=\"es_MX\" \/>\n<meta property=\"og:type\" content=\"article\" \/>\n<meta property=\"og:title\" content=\"Febrero 2026 - Consejo Quintanarroense de Humanidades, Ciencias y Tecnolog\u00edas\" \/>\n<meta property=\"og:url\" content=\"https:\/\/coqhcyt.qroo.gob.mx\/index.php\/febrero-26-2\/\" \/>\n<meta property=\"og:site_name\" content=\"Consejo Quintanarroense de Humanidades, Ciencias y Tecnolog\u00edas\" \/>\n<meta property=\"article:modified_time\" content=\"2026-04-22T18:14:06+00:00\" \/>\n<meta name=\"twitter:card\" content=\"summary_large_image\" \/>\n<meta name=\"twitter:label1\" content=\"Tiempo de lectura\" \/>\n\t<meta name=\"twitter:data1\" content=\"1 minuto\" \/>\n<script type=\"application\/ld+json\" class=\"yoast-schema-graph\">{\"@context\":\"https:\\\/\\\/schema.org\",\"@graph\":[{\"@type\":\"WebPage\",\"@id\":\"https:\\\/\\\/coqhcyt.qroo.gob.mx\\\/index.php\\\/febrero-26-2\\\/\",\"url\":\"https:\\\/\\\/coqhcyt.qroo.gob.mx\\\/index.php\\\/febrero-26-2\\\/\",\"name\":\"Febrero 2026 - Consejo Quintanarroense de Humanidades, Ciencias y Tecnolog\u00edas\",\"isPartOf\":{\"@id\":\"https:\\\/\\\/coqhcyt.qroo.gob.mx\\\/#website\"},\"datePublished\":\"2026-04-20T19:40:05+00:00\",\"dateModified\":\"2026-04-22T18:14:06+00:00\",\"breadcrumb\":{\"@id\":\"https:\\\/\\\/coqhcyt.qroo.gob.mx\\\/index.php\\\/febrero-26-2\\\/#breadcrumb\"},\"inLanguage\":\"es\",\"potentialAction\":[{\"@type\":\"ReadAction\",\"target\":[\"https:\\\/\\\/coqhcyt.qroo.gob.mx\\\/index.php\\\/febrero-26-2\\\/\"]}]},{\"@type\":\"BreadcrumbList\",\"@id\":\"https:\\\/\\\/coqhcyt.qroo.gob.mx\\\/index.php\\\/febrero-26-2\\\/#breadcrumb\",\"itemListElement\":[{\"@type\":\"ListItem\",\"position\":1,\"name\":\"Inicio\",\"item\":\"https:\\\/\\\/coqhcyt.qroo.gob.mx\\\/\"},{\"@type\":\"ListItem\",\"position\":2,\"name\":\"Febrero 2026\"}]},{\"@type\":\"WebSite\",\"@id\":\"https:\\\/\\\/coqhcyt.qroo.gob.mx\\\/#website\",\"url\":\"https:\\\/\\\/coqhcyt.qroo.gob.mx\\\/\",\"name\":\"Consejo Quintanarroense de Humanidades, Ciencias y Tecnolog\u00edas\",\"description\":\"COQHCYT, anteriormente conocida como COQCYT Quintana Roo atendemos los estudios de las humanidades, ciencia y tecnolog\u00eda del estado de Quintana Roo\",\"publisher\":{\"@id\":\"https:\\\/\\\/coqhcyt.qroo.gob.mx\\\/#organization\"},\"potentialAction\":[{\"@type\":\"SearchAction\",\"target\":{\"@type\":\"EntryPoint\",\"urlTemplate\":\"https:\\\/\\\/coqhcyt.qroo.gob.mx\\\/?s={search_term_string}\"},\"query-input\":{\"@type\":\"PropertyValueSpecification\",\"valueRequired\":true,\"valueName\":\"search_term_string\"}}],\"inLanguage\":\"es\"},{\"@type\":\"Organization\",\"@id\":\"https:\\\/\\\/coqhcyt.qroo.gob.mx\\\/#organization\",\"name\":\"Consejo Quintanarroense de Humanidades, Ciencias y Tecnolog\u00edas\",\"url\":\"https:\\\/\\\/coqhcyt.qroo.gob.mx\\\/\",\"logo\":{\"@type\":\"ImageObject\",\"inLanguage\":\"es\",\"@id\":\"https:\\\/\\\/coqhcyt.qroo.gob.mx\\\/#\\\/schema\\\/logo\\\/image\\\/\",\"url\":\"https:\\\/\\\/coqhcyt.qroo.gob.mx\\\/wp-content\\\/uploads\\\/2024\\\/08\\\/cropped-LOGO-COQHCYT-e1724120083330.png\",\"contentUrl\":\"https:\\\/\\\/coqhcyt.qroo.gob.mx\\\/wp-content\\\/uploads\\\/2024\\\/08\\\/cropped-LOGO-COQHCYT-e1724120083330.png\",\"width\":6127,\"height\":1863,\"caption\":\"Consejo Quintanarroense de Humanidades, Ciencias y Tecnolog\u00edas\"},\"image\":{\"@id\":\"https:\\\/\\\/coqhcyt.qroo.gob.mx\\\/#\\\/schema\\\/logo\\\/image\\\/\"}}]}<\/script>\n<!-- \/ Yoast SEO plugin. -->","yoast_head_json":{"title":"Febrero 2026 - Consejo Quintanarroense de Humanidades, Ciencias y Tecnolog\u00edas","robots":{"index":"index","follow":"follow","max-snippet":"max-snippet:-1","max-image-preview":"max-image-preview:large","max-video-preview":"max-video-preview:-1"},"canonical":"https:\/\/coqhcyt.qroo.gob.mx\/index.php\/febrero-26-2\/","og_locale":"es_MX","og_type":"article","og_title":"Febrero 2026 - Consejo Quintanarroense de Humanidades, Ciencias y Tecnolog\u00edas","og_url":"https:\/\/coqhcyt.qroo.gob.mx\/index.php\/febrero-26-2\/","og_site_name":"Consejo Quintanarroense de Humanidades, Ciencias y Tecnolog\u00edas","article_modified_time":"2026-04-22T18:14:06+00:00","twitter_card":"summary_large_image","twitter_misc":{"Tiempo de lectura":"1 minuto"},"schema":{"@context":"https:\/\/schema.org","@graph":[{"@type":"WebPage","@id":"https:\/\/coqhcyt.qroo.gob.mx\/index.php\/febrero-26-2\/","url":"https:\/\/coqhcyt.qroo.gob.mx\/index.php\/febrero-26-2\/","name":"Febrero 2026 - Consejo Quintanarroense de Humanidades, Ciencias y Tecnolog\u00edas","isPartOf":{"@id":"https:\/\/coqhcyt.qroo.gob.mx\/#website"},"datePublished":"2026-04-20T19:40:05+00:00","dateModified":"2026-04-22T18:14:06+00:00","breadcrumb":{"@id":"https:\/\/coqhcyt.qroo.gob.mx\/index.php\/febrero-26-2\/#breadcrumb"},"inLanguage":"es","potentialAction":[{"@type":"ReadAction","target":["https:\/\/coqhcyt.qroo.gob.mx\/index.php\/febrero-26-2\/"]}]},{"@type":"BreadcrumbList","@id":"https:\/\/coqhcyt.qroo.gob.mx\/index.php\/febrero-26-2\/#breadcrumb","itemListElement":[{"@type":"ListItem","position":1,"name":"Inicio","item":"https:\/\/coqhcyt.qroo.gob.mx\/"},{"@type":"ListItem","position":2,"name":"Febrero 2026"}]},{"@type":"WebSite","@id":"https:\/\/coqhcyt.qroo.gob.mx\/#website","url":"https:\/\/coqhcyt.qroo.gob.mx\/","name":"Consejo Quintanarroense de Humanidades, Ciencias y Tecnolog\u00edas","description":"COQHCYT, anteriormente conocida como COQCYT Quintana Roo atendemos los estudios de las humanidades, ciencia y tecnolog\u00eda del estado de Quintana Roo","publisher":{"@id":"https:\/\/coqhcyt.qroo.gob.mx\/#organization"},"potentialAction":[{"@type":"SearchAction","target":{"@type":"EntryPoint","urlTemplate":"https:\/\/coqhcyt.qroo.gob.mx\/?s={search_term_string}"},"query-input":{"@type":"PropertyValueSpecification","valueRequired":true,"valueName":"search_term_string"}}],"inLanguage":"es"},{"@type":"Organization","@id":"https:\/\/coqhcyt.qroo.gob.mx\/#organization","name":"Consejo Quintanarroense de Humanidades, Ciencias y Tecnolog\u00edas","url":"https:\/\/coqhcyt.qroo.gob.mx\/","logo":{"@type":"ImageObject","inLanguage":"es","@id":"https:\/\/coqhcyt.qroo.gob.mx\/#\/schema\/logo\/image\/","url":"https:\/\/coqhcyt.qroo.gob.mx\/wp-content\/uploads\/2024\/08\/cropped-LOGO-COQHCYT-e1724120083330.png","contentUrl":"https:\/\/coqhcyt.qroo.gob.mx\/wp-content\/uploads\/2024\/08\/cropped-LOGO-COQHCYT-e1724120083330.png","width":6127,"height":1863,"caption":"Consejo Quintanarroense de Humanidades, Ciencias y Tecnolog\u00edas"},"image":{"@id":"https:\/\/coqhcyt.qroo.gob.mx\/#\/schema\/logo\/image\/"}}]}},"_links":{"self":[{"href":"https:\/\/coqhcyt.qroo.gob.mx\/index.php\/wp-json\/wp\/v2\/pages\/37925","targetHints":{"allow":["GET"]}}],"collection":[{"href":"https:\/\/coqhcyt.qroo.gob.mx\/index.php\/wp-json\/wp\/v2\/pages"}],"about":[{"href":"https:\/\/coqhcyt.qroo.gob.mx\/index.php\/wp-json\/wp\/v2\/types\/page"}],"author":[{"embeddable":true,"href":"https:\/\/coqhcyt.qroo.gob.mx\/index.php\/wp-json\/wp\/v2\/users\/4"}],"replies":[{"embeddable":true,"href":"https:\/\/coqhcyt.qroo.gob.mx\/index.php\/wp-json\/wp\/v2\/comments?post=37925"}],"version-history":[{"count":4,"href":"https:\/\/coqhcyt.qroo.gob.mx\/index.php\/wp-json\/wp\/v2\/pages\/37925\/revisions"}],"predecessor-version":[{"id":37989,"href":"https:\/\/coqhcyt.qroo.gob.mx\/index.php\/wp-json\/wp\/v2\/pages\/37925\/revisions\/37989"}],"wp:attachment":[{"href":"https:\/\/coqhcyt.qroo.gob.mx\/index.php\/wp-json\/wp\/v2\/media?parent=37925"}],"curies":[{"name":"wp","href":"https:\/\/api.w.org\/{rel}","templated":true}]}}