{"id":37951,"date":"2026-04-20T15:10:19","date_gmt":"2026-04-20T20:10:19","guid":{"rendered":"https:\/\/coqhcyt.qroo.gob.mx\/?page_id=37951"},"modified":"2026-04-22T13:13:40","modified_gmt":"2026-04-22T18:13:40","slug":"marzo-26","status":"publish","type":"page","link":"https:\/\/coqhcyt.qroo.gob.mx\/index.php\/marzo-26\/","title":{"rendered":"Marzo 2026"},"content":{"rendered":"\n<div class=\"wp-block-file\"><a id=\"wp-block-file--media-ccbfc189-ed69-4147-807b-0fe40e3fd33e\" href=\"https:\/\/coqhcyt.qroo.gob.mx\/wp-content\/uploads\/2026\/04\/ESTADO-ANALITICO-DEL-EJERCICIO-DEL-PRESUPUESTO-DE-EGRESOS-CLASIFICACION-POR-OBJETO-DEL-GASTO-2.pdf\">ESTADO ANAL\u00cdTICO DEL EJERCICIO DEL PRESUPUESTO DE EGRESOS-CLASIFICACI\u00d3N POR OBJETO DEL GASTO<\/a><a href=\"https:\/\/coqhcyt.qroo.gob.mx\/wp-content\/uploads\/2026\/04\/ESTADO-ANALITICO-DEL-EJERCICIO-DEL-PRESUPUESTO-DE-EGRESOS-CLASIFICACION-POR-OBJETO-DEL-GASTO-2.pdf\" class=\"wp-block-file__button wp-element-button\" download aria-describedby=\"wp-block-file--media-ccbfc189-ed69-4147-807b-0fe40e3fd33e\">Descarga<\/a><\/div>\n\n\n\n<div class=\"wp-block-file\"><a id=\"wp-block-file--media-338d7f8e-fa27-415f-9fc9-ffeeb3ca85b6\" href=\"https:\/\/coqhcyt.qroo.gob.mx\/wp-content\/uploads\/2026\/04\/ESTADO-DE-FLUJOS-DE-EFECTIVO-2.pdf\">ESTADO DE FLUJOS DE EFECTIVO<\/a><a href=\"https:\/\/coqhcyt.qroo.gob.mx\/wp-content\/uploads\/2026\/04\/ESTADO-DE-FLUJOS-DE-EFECTIVO-2.pdf\" class=\"wp-block-file__button wp-element-button\" download aria-describedby=\"wp-block-file--media-338d7f8e-fa27-415f-9fc9-ffeeb3ca85b6\">Descarga<\/a><\/div>\n\n\n\n<div class=\"wp-block-file\"><a id=\"wp-block-file--media-cc3d952d-88c8-4c24-a403-7decd6ff79bf\" href=\"https:\/\/coqhcyt.qroo.gob.mx\/wp-content\/uploads\/2026\/04\/ESTADO-DE-SITUACION-FINANCIERA-2.pdf\">ESTADO DE SITUACI\u00d3N FINANCIERA<\/a><a href=\"https:\/\/coqhcyt.qroo.gob.mx\/wp-content\/uploads\/2026\/04\/ESTADO-DE-SITUACION-FINANCIERA-2.pdf\" class=\"wp-block-file__button wp-element-button\" download aria-describedby=\"wp-block-file--media-cc3d952d-88c8-4c24-a403-7decd6ff79bf\">Descarga<\/a><\/div>\n\n\n\n<div class=\"wp-block-file\"><a id=\"wp-block-file--media-05fa6f69-0c75-4221-b49c-dfbc2b00568d\" href=\"https:\/\/coqhcyt.qroo.gob.mx\/wp-content\/uploads\/2026\/04\/ESTADO-ANALITICO-DE-INGRESOS-2.pdf\">ESTADO ANAL\u00cdTICO DE INGRESOS<\/a><a href=\"https:\/\/coqhcyt.qroo.gob.mx\/wp-content\/uploads\/2026\/04\/ESTADO-ANALITICO-DE-INGRESOS-2.pdf\" class=\"wp-block-file__button wp-element-button\" download aria-describedby=\"wp-block-file--media-05fa6f69-0c75-4221-b49c-dfbc2b00568d\">Descarga<\/a><\/div>\n\n\n\n<div class=\"wp-block-file\"><a id=\"wp-block-file--media-6776de7c-315b-4bfa-b677-6b70138f6627\" href=\"https:\/\/coqhcyt.qroo.gob.mx\/wp-content\/uploads\/2026\/04\/ESTADO-DE-CAMBIOS-EN-LA-SITUACION-FINANCIERA-2.pdf\">ESTADO DE CAMBIOS EN LA SITUACI\u00d3N FINANCIERA<\/a><a href=\"https:\/\/coqhcyt.qroo.gob.mx\/wp-content\/uploads\/2026\/04\/ESTADO-DE-CAMBIOS-EN-LA-SITUACION-FINANCIERA-2.pdf\" class=\"wp-block-file__button wp-element-button\" download aria-describedby=\"wp-block-file--media-6776de7c-315b-4bfa-b677-6b70138f6627\">Descarga<\/a><\/div>\n\n\n\n<div class=\"wp-block-file\"><a id=\"wp-block-file--media-4db289b8-aca3-4ee1-a355-7a105f6d93cc\" href=\"https:\/\/coqhcyt.qroo.gob.mx\/wp-content\/uploads\/2026\/04\/ESTADO-DE-CAMBIOS-EN-LA-SITUACION-FINANCIERA-3.pdf\">ESTADO DE CAMBIOS EN LA SITUACI\u00d3N FINANCIERA<\/a><a href=\"https:\/\/coqhcyt.qroo.gob.mx\/wp-content\/uploads\/2026\/04\/ESTADO-DE-CAMBIOS-EN-LA-SITUACION-FINANCIERA-3.pdf\" class=\"wp-block-file__button wp-element-button\" download aria-describedby=\"wp-block-file--media-4db289b8-aca3-4ee1-a355-7a105f6d93cc\">Descarga<\/a><\/div>\n\n\n\n<div class=\"wp-block-file\"><a id=\"wp-block-file--media-8fb60942-9efe-41b5-baad-355ad9b45eeb\" href=\"https:\/\/coqhcyt.qroo.gob.mx\/wp-content\/uploads\/2026\/04\/ESTADO-DE-ACTIVIDADES-2.pdf\">ESTADO DE ACTIVIDADES<\/a><a href=\"https:\/\/coqhcyt.qroo.gob.mx\/wp-content\/uploads\/2026\/04\/ESTADO-DE-ACTIVIDADES-2.pdf\" class=\"wp-block-file__button wp-element-button\" download aria-describedby=\"wp-block-file--media-8fb60942-9efe-41b5-baad-355ad9b45eeb\">Descarga<\/a><\/div>\n\n\n\n<div class=\"wp-block-file\"><a id=\"wp-block-file--media-40eeefa5-cd8d-409a-89d6-7788684edf28\" href=\"https:\/\/coqhcyt.qroo.gob.mx\/wp-content\/uploads\/2026\/04\/ESTADO-DE-VARIACION-EN-LA-HACIENDA-PUBLICA-1.pdf\">ESTADO DE VARIACI\u00d3N EN LA HACIENDA P\u00daBLICA<\/a><a href=\"https:\/\/coqhcyt.qroo.gob.mx\/wp-content\/uploads\/2026\/04\/ESTADO-DE-VARIACION-EN-LA-HACIENDA-PUBLICA-1.pdf\" class=\"wp-block-file__button wp-element-button\" download aria-describedby=\"wp-block-file--media-40eeefa5-cd8d-409a-89d6-7788684edf28\">Descarga<\/a><\/div>\n\n\n\n<div class=\"wp-block-file\"><a id=\"wp-block-file--media-301232f8-254d-40c4-a8fe-35293b1f4f3a\" href=\"https:\/\/coqhcyt.qroo.gob.mx\/wp-content\/uploads\/2026\/04\/ESTADO-ANALITICO-DEL-EJERCICIO-DEL-PRESUPUESTO-DE-EGRESOS-CLASIFICACION-FUNCIONAL-2.pdf\">ESTADO ANAL\u00cdTICO DEL EJERCICIO DEL PRESUPUESTO DE EGRESOS-CLASIFICACI\u00d3N FUNCIONAL<\/a><a href=\"https:\/\/coqhcyt.qroo.gob.mx\/wp-content\/uploads\/2026\/04\/ESTADO-ANALITICO-DEL-EJERCICIO-DEL-PRESUPUESTO-DE-EGRESOS-CLASIFICACION-FUNCIONAL-2.pdf\" class=\"wp-block-file__button wp-element-button\" download aria-describedby=\"wp-block-file--media-301232f8-254d-40c4-a8fe-35293b1f4f3a\">Descarga<\/a><\/div>\n\n\n\n<div class=\"wp-block-file\"><a id=\"wp-block-file--media-9d3532ba-cd85-4863-a861-4428c405624f\" href=\"https:\/\/coqhcyt.qroo.gob.mx\/wp-content\/uploads\/2026\/04\/GASTO-POR-CATEGORIA-PROGRAMATICA-2.pdf\">GASTO POR CATEGOR\u00cdA PROGRAM\u00c1TICA<\/a><a href=\"https:\/\/coqhcyt.qroo.gob.mx\/wp-content\/uploads\/2026\/04\/GASTO-POR-CATEGORIA-PROGRAMATICA-2.pdf\" class=\"wp-block-file__button wp-element-button\" download aria-describedby=\"wp-block-file--media-9d3532ba-cd85-4863-a861-4428c405624f\">Descarga<\/a><\/div>\n\n\n\n<div class=\"wp-block-file\"><a id=\"wp-block-file--media-613cea33-175d-48f1-a223-c8057f9a5860\" href=\"https:\/\/coqhcyt.qroo.gob.mx\/wp-content\/uploads\/2026\/04\/ESTADO-ANALITICO-DE-LA-DEUDA-Y-OTROS-PASIVOS-2.pdf\">ESTADO ANAL\u00cdTICO DE LA DEUDA Y OTROS PASIVOS<\/a><a href=\"https:\/\/coqhcyt.qroo.gob.mx\/wp-content\/uploads\/2026\/04\/ESTADO-ANALITICO-DE-LA-DEUDA-Y-OTROS-PASIVOS-2.pdf\" class=\"wp-block-file__button wp-element-button\" download aria-describedby=\"wp-block-file--media-613cea33-175d-48f1-a223-c8057f9a5860\">Descarga<\/a><\/div>\n\n\n\n<div class=\"wp-block-file\"><a id=\"wp-block-file--media-9613d3c6-2922-4116-ac0e-5d4545254bfb\" href=\"https:\/\/coqhcyt.qroo.gob.mx\/wp-content\/uploads\/2026\/04\/ESTADO-ANALITICO-DEL-ACTIVO-2.pdf\">ESTADO ANAL\u00cdTICO DEL ACTIVO<\/a><a href=\"https:\/\/coqhcyt.qroo.gob.mx\/wp-content\/uploads\/2026\/04\/ESTADO-ANALITICO-DEL-ACTIVO-2.pdf\" class=\"wp-block-file__button wp-element-button\" download aria-describedby=\"wp-block-file--media-9613d3c6-2922-4116-ac0e-5d4545254bfb\">Descarga<\/a><\/div>\n\n\n\n<div class=\"wp-block-file\"><a id=\"wp-block-file--media-83870f97-ee34-4c90-84a6-4e597d80d8cc\" href=\"https:\/\/coqhcyt.qroo.gob.mx\/wp-content\/uploads\/2026\/04\/INDICADORES-DE-POSTURA-FISCAL-2.pdf\">INDICADORES DE POSTURA FISCAL<\/a><a href=\"https:\/\/coqhcyt.qroo.gob.mx\/wp-content\/uploads\/2026\/04\/INDICADORES-DE-POSTURA-FISCAL-2.pdf\" class=\"wp-block-file__button wp-element-button\" download aria-describedby=\"wp-block-file--media-83870f97-ee34-4c90-84a6-4e597d80d8cc\">Descarga<\/a><\/div>\n\n\n\n<div class=\"wp-block-file\"><a id=\"wp-block-file--media-77bdc1a7-14b5-4df1-bd18-8dcac2756684\" href=\"https:\/\/coqhcyt.qroo.gob.mx\/wp-content\/uploads\/2026\/04\/ESTADO-ANALITICO-DEL-EJERCICIO-DEL-PRESUPUESTO-DE-EGRESOS-CLASIFICACION-ADMINISTRATIVA-3.pdf\">ESTADO ANAL\u00cdTICO DEL EJERCICIO DEL PRESUPUESTO DE EGRESOS-CLASIFICACI\u00d3N ADMINISTRATIVA<\/a><a href=\"https:\/\/coqhcyt.qroo.gob.mx\/wp-content\/uploads\/2026\/04\/ESTADO-ANALITICO-DEL-EJERCICIO-DEL-PRESUPUESTO-DE-EGRESOS-CLASIFICACION-ADMINISTRATIVA-3.pdf\" class=\"wp-block-file__button wp-element-button\" download aria-describedby=\"wp-block-file--media-77bdc1a7-14b5-4df1-bd18-8dcac2756684\">Descarga<\/a><\/div>\n\n\n\n<div class=\"wp-block-file\"><a id=\"wp-block-file--media-551073c8-b8af-4a75-8dc0-8bb1402ee262\" href=\"https:\/\/coqhcyt.qroo.gob.mx\/wp-content\/uploads\/2026\/04\/ENDEUDAMIENTO-NETO-2.pdf\">ENDEUDAMIENTO NETO<\/a><a href=\"https:\/\/coqhcyt.qroo.gob.mx\/wp-content\/uploads\/2026\/04\/ENDEUDAMIENTO-NETO-2.pdf\" class=\"wp-block-file__button wp-element-button\" download aria-describedby=\"wp-block-file--media-551073c8-b8af-4a75-8dc0-8bb1402ee262\">Descarga<\/a><\/div>\n\n\n\n<div class=\"wp-block-file\"><a id=\"wp-block-file--media-f6a7af3a-e0ef-43ab-a664-e1de5b4cc30a\" href=\"https:\/\/coqhcyt.qroo.gob.mx\/wp-content\/uploads\/2026\/04\/INTERESES-DE-LA-DEUDA-2.pdf\">INTERESES DE LA DEUDA<\/a><a href=\"https:\/\/coqhcyt.qroo.gob.mx\/wp-content\/uploads\/2026\/04\/INTERESES-DE-LA-DEUDA-2.pdf\" class=\"wp-block-file__button wp-element-button\" download aria-describedby=\"wp-block-file--media-f6a7af3a-e0ef-43ab-a664-e1de5b4cc30a\">Descarga<\/a><\/div>\n\n\n\n<div class=\"wp-block-file\"><a id=\"wp-block-file--media-62563413-6c5a-4818-9c9b-e0643964a436\" href=\"https:\/\/coqhcyt.qroo.gob.mx\/wp-content\/uploads\/2026\/04\/ESTADO-ANALITICO-DEL-EJERCICIO-DEL-PRESUPUESTO-DE-EGRESOS-CLASIFICACION-ECONOMICA-2.pdf\">ESTADO ANAL\u00cdTICO DEL EJERCICIO DEL PRESUPUESTO DE EGRESOS-CLASIFICACI\u00d3N ECON\u00d3MICA<\/a><a href=\"https:\/\/coqhcyt.qroo.gob.mx\/wp-content\/uploads\/2026\/04\/ESTADO-ANALITICO-DEL-EJERCICIO-DEL-PRESUPUESTO-DE-EGRESOS-CLASIFICACION-ECONOMICA-2.pdf\" class=\"wp-block-file__button wp-element-button\" download aria-describedby=\"wp-block-file--media-62563413-6c5a-4818-9c9b-e0643964a436\">Descarga<\/a><\/div>\n\n\n\n<div class=\"wp-block-file\"><a id=\"wp-block-file--media-16c6cc93-8b50-4932-ad72-bf44305949dc\" href=\"https:\/\/coqhcyt.qroo.gob.mx\/wp-content\/uploads\/2026\/04\/INFORME-SOBRE-PASIVOS-CONTINGENTES-2.pdf\">INFORME SOBRE PASIVOS CONTINGENTES<\/a><a href=\"https:\/\/coqhcyt.qroo.gob.mx\/wp-content\/uploads\/2026\/04\/INFORME-SOBRE-PASIVOS-CONTINGENTES-2.pdf\" class=\"wp-block-file__button wp-element-button\" download aria-describedby=\"wp-block-file--media-16c6cc93-8b50-4932-ad72-bf44305949dc\">Descarga<\/a><\/div>\n\n\n\n<div class=\"wp-block-file\"><a id=\"wp-block-file--media-798245c1-be7d-4240-b162-926063d5d127\" href=\"https:\/\/coqhcyt.qroo.gob.mx\/wp-content\/uploads\/2026\/04\/NOTAS-A-LOS-ESTADOS-FINANCIEROS-1.pdf\">NOTAS A LOS ESTADOS FINANCIEROS<\/a><a href=\"https:\/\/coqhcyt.qroo.gob.mx\/wp-content\/uploads\/2026\/04\/NOTAS-A-LOS-ESTADOS-FINANCIEROS-1.pdf\" class=\"wp-block-file__button wp-element-button\" download aria-describedby=\"wp-block-file--media-798245c1-be7d-4240-b162-926063d5d127\">Descarga<\/a><\/div>\n\n\n\n<div class=\"wp-block-file\"><a id=\"wp-block-file--media-ea1238af-fa07-49ab-ae7b-b877a544c64f\" href=\"https:\/\/coqhcyt.qroo.gob.mx\/wp-content\/uploads\/2026\/04\/estados-financieros-marzo-2026-comprimido2.pdf\">estados financieros marzo 2026-comprimido2<\/a><a href=\"https:\/\/coqhcyt.qroo.gob.mx\/wp-content\/uploads\/2026\/04\/estados-financieros-marzo-2026-comprimido2.pdf\" class=\"wp-block-file__button wp-element-button\" download aria-describedby=\"wp-block-file--media-ea1238af-fa07-49ab-ae7b-b877a544c64f\">Descarga<\/a><\/div>\n\n\n\n<p><\/p>\n","protected":false},"excerpt":{"rendered":"","protected":false},"author":4,"featured_media":0,"parent":0,"menu_order":0,"comment_status":"closed","ping_status":"closed","template":"","meta":{"_eb_attr":"","footnotes":""},"class_list":["post-37951","page","type-page","status-publish"],"yoast_head":"<!-- This site is optimized with the Yoast SEO plugin v27.5 - https:\/\/yoast.com\/product\/yoast-seo-wordpress\/ -->\n<title>Marzo 2026 - Consejo Quintanarroense de Humanidades, Ciencias y Tecnolog\u00edas<\/title>\n<meta name=\"robots\" content=\"index, follow, max-snippet:-1, max-image-preview:large, max-video-preview:-1\" \/>\n<link rel=\"canonical\" href=\"https:\/\/coqhcyt.qroo.gob.mx\/index.php\/marzo-26\/\" \/>\n<meta property=\"og:locale\" content=\"es_MX\" \/>\n<meta property=\"og:type\" content=\"article\" \/>\n<meta property=\"og:title\" content=\"Marzo 2026 - Consejo Quintanarroense de Humanidades, Ciencias y Tecnolog\u00edas\" \/>\n<meta property=\"og:url\" content=\"https:\/\/coqhcyt.qroo.gob.mx\/index.php\/marzo-26\/\" \/>\n<meta property=\"og:site_name\" content=\"Consejo Quintanarroense de Humanidades, Ciencias y Tecnolog\u00edas\" \/>\n<meta property=\"article:modified_time\" content=\"2026-04-22T18:13:40+00:00\" \/>\n<meta name=\"twitter:card\" content=\"summary_large_image\" \/>\n<meta name=\"twitter:label1\" content=\"Tiempo de lectura\" \/>\n\t<meta name=\"twitter:data1\" content=\"1 minuto\" \/>\n<script type=\"application\/ld+json\" class=\"yoast-schema-graph\">{\"@context\":\"https:\\\/\\\/schema.org\",\"@graph\":[{\"@type\":\"WebPage\",\"@id\":\"https:\\\/\\\/coqhcyt.qroo.gob.mx\\\/index.php\\\/marzo-26\\\/\",\"url\":\"https:\\\/\\\/coqhcyt.qroo.gob.mx\\\/index.php\\\/marzo-26\\\/\",\"name\":\"Marzo 2026 - Consejo Quintanarroense de Humanidades, Ciencias y Tecnolog\u00edas\",\"isPartOf\":{\"@id\":\"https:\\\/\\\/coqhcyt.qroo.gob.mx\\\/#website\"},\"datePublished\":\"2026-04-20T20:10:19+00:00\",\"dateModified\":\"2026-04-22T18:13:40+00:00\",\"breadcrumb\":{\"@id\":\"https:\\\/\\\/coqhcyt.qroo.gob.mx\\\/index.php\\\/marzo-26\\\/#breadcrumb\"},\"inLanguage\":\"es\",\"potentialAction\":[{\"@type\":\"ReadAction\",\"target\":[\"https:\\\/\\\/coqhcyt.qroo.gob.mx\\\/index.php\\\/marzo-26\\\/\"]}]},{\"@type\":\"BreadcrumbList\",\"@id\":\"https:\\\/\\\/coqhcyt.qroo.gob.mx\\\/index.php\\\/marzo-26\\\/#breadcrumb\",\"itemListElement\":[{\"@type\":\"ListItem\",\"position\":1,\"name\":\"Inicio\",\"item\":\"https:\\\/\\\/coqhcyt.qroo.gob.mx\\\/\"},{\"@type\":\"ListItem\",\"position\":2,\"name\":\"Marzo 2026\"}]},{\"@type\":\"WebSite\",\"@id\":\"https:\\\/\\\/coqhcyt.qroo.gob.mx\\\/#website\",\"url\":\"https:\\\/\\\/coqhcyt.qroo.gob.mx\\\/\",\"name\":\"Consejo Quintanarroense de Humanidades, Ciencias y Tecnolog\u00edas\",\"description\":\"COQHCYT, anteriormente conocida como COQCYT Quintana Roo atendemos los estudios de las humanidades, ciencia y tecnolog\u00eda del estado de Quintana Roo\",\"publisher\":{\"@id\":\"https:\\\/\\\/coqhcyt.qroo.gob.mx\\\/#organization\"},\"potentialAction\":[{\"@type\":\"SearchAction\",\"target\":{\"@type\":\"EntryPoint\",\"urlTemplate\":\"https:\\\/\\\/coqhcyt.qroo.gob.mx\\\/?s={search_term_string}\"},\"query-input\":{\"@type\":\"PropertyValueSpecification\",\"valueRequired\":true,\"valueName\":\"search_term_string\"}}],\"inLanguage\":\"es\"},{\"@type\":\"Organization\",\"@id\":\"https:\\\/\\\/coqhcyt.qroo.gob.mx\\\/#organization\",\"name\":\"Consejo Quintanarroense de Humanidades, Ciencias y Tecnolog\u00edas\",\"url\":\"https:\\\/\\\/coqhcyt.qroo.gob.mx\\\/\",\"logo\":{\"@type\":\"ImageObject\",\"inLanguage\":\"es\",\"@id\":\"https:\\\/\\\/coqhcyt.qroo.gob.mx\\\/#\\\/schema\\\/logo\\\/image\\\/\",\"url\":\"https:\\\/\\\/coqhcyt.qroo.gob.mx\\\/wp-content\\\/uploads\\\/2024\\\/08\\\/cropped-LOGO-COQHCYT-e1724120083330.png\",\"contentUrl\":\"https:\\\/\\\/coqhcyt.qroo.gob.mx\\\/wp-content\\\/uploads\\\/2024\\\/08\\\/cropped-LOGO-COQHCYT-e1724120083330.png\",\"width\":6127,\"height\":1863,\"caption\":\"Consejo Quintanarroense de Humanidades, Ciencias y Tecnolog\u00edas\"},\"image\":{\"@id\":\"https:\\\/\\\/coqhcyt.qroo.gob.mx\\\/#\\\/schema\\\/logo\\\/image\\\/\"}}]}<\/script>\n<!-- \/ Yoast SEO plugin. -->","yoast_head_json":{"title":"Marzo 2026 - Consejo Quintanarroense de Humanidades, Ciencias y Tecnolog\u00edas","robots":{"index":"index","follow":"follow","max-snippet":"max-snippet:-1","max-image-preview":"max-image-preview:large","max-video-preview":"max-video-preview:-1"},"canonical":"https:\/\/coqhcyt.qroo.gob.mx\/index.php\/marzo-26\/","og_locale":"es_MX","og_type":"article","og_title":"Marzo 2026 - Consejo Quintanarroense de Humanidades, Ciencias y Tecnolog\u00edas","og_url":"https:\/\/coqhcyt.qroo.gob.mx\/index.php\/marzo-26\/","og_site_name":"Consejo Quintanarroense de Humanidades, Ciencias y Tecnolog\u00edas","article_modified_time":"2026-04-22T18:13:40+00:00","twitter_card":"summary_large_image","twitter_misc":{"Tiempo de lectura":"1 minuto"},"schema":{"@context":"https:\/\/schema.org","@graph":[{"@type":"WebPage","@id":"https:\/\/coqhcyt.qroo.gob.mx\/index.php\/marzo-26\/","url":"https:\/\/coqhcyt.qroo.gob.mx\/index.php\/marzo-26\/","name":"Marzo 2026 - Consejo Quintanarroense de Humanidades, Ciencias y Tecnolog\u00edas","isPartOf":{"@id":"https:\/\/coqhcyt.qroo.gob.mx\/#website"},"datePublished":"2026-04-20T20:10:19+00:00","dateModified":"2026-04-22T18:13:40+00:00","breadcrumb":{"@id":"https:\/\/coqhcyt.qroo.gob.mx\/index.php\/marzo-26\/#breadcrumb"},"inLanguage":"es","potentialAction":[{"@type":"ReadAction","target":["https:\/\/coqhcyt.qroo.gob.mx\/index.php\/marzo-26\/"]}]},{"@type":"BreadcrumbList","@id":"https:\/\/coqhcyt.qroo.gob.mx\/index.php\/marzo-26\/#breadcrumb","itemListElement":[{"@type":"ListItem","position":1,"name":"Inicio","item":"https:\/\/coqhcyt.qroo.gob.mx\/"},{"@type":"ListItem","position":2,"name":"Marzo 2026"}]},{"@type":"WebSite","@id":"https:\/\/coqhcyt.qroo.gob.mx\/#website","url":"https:\/\/coqhcyt.qroo.gob.mx\/","name":"Consejo Quintanarroense de Humanidades, Ciencias y Tecnolog\u00edas","description":"COQHCYT, anteriormente conocida como COQCYT Quintana Roo atendemos los estudios de las humanidades, ciencia y tecnolog\u00eda del estado de Quintana Roo","publisher":{"@id":"https:\/\/coqhcyt.qroo.gob.mx\/#organization"},"potentialAction":[{"@type":"SearchAction","target":{"@type":"EntryPoint","urlTemplate":"https:\/\/coqhcyt.qroo.gob.mx\/?s={search_term_string}"},"query-input":{"@type":"PropertyValueSpecification","valueRequired":true,"valueName":"search_term_string"}}],"inLanguage":"es"},{"@type":"Organization","@id":"https:\/\/coqhcyt.qroo.gob.mx\/#organization","name":"Consejo Quintanarroense de Humanidades, Ciencias y Tecnolog\u00edas","url":"https:\/\/coqhcyt.qroo.gob.mx\/","logo":{"@type":"ImageObject","inLanguage":"es","@id":"https:\/\/coqhcyt.qroo.gob.mx\/#\/schema\/logo\/image\/","url":"https:\/\/coqhcyt.qroo.gob.mx\/wp-content\/uploads\/2024\/08\/cropped-LOGO-COQHCYT-e1724120083330.png","contentUrl":"https:\/\/coqhcyt.qroo.gob.mx\/wp-content\/uploads\/2024\/08\/cropped-LOGO-COQHCYT-e1724120083330.png","width":6127,"height":1863,"caption":"Consejo Quintanarroense de Humanidades, Ciencias y Tecnolog\u00edas"},"image":{"@id":"https:\/\/coqhcyt.qroo.gob.mx\/#\/schema\/logo\/image\/"}}]}},"_links":{"self":[{"href":"https:\/\/coqhcyt.qroo.gob.mx\/index.php\/wp-json\/wp\/v2\/pages\/37951","targetHints":{"allow":["GET"]}}],"collection":[{"href":"https:\/\/coqhcyt.qroo.gob.mx\/index.php\/wp-json\/wp\/v2\/pages"}],"about":[{"href":"https:\/\/coqhcyt.qroo.gob.mx\/index.php\/wp-json\/wp\/v2\/types\/page"}],"author":[{"embeddable":true,"href":"https:\/\/coqhcyt.qroo.gob.mx\/index.php\/wp-json\/wp\/v2\/users\/4"}],"replies":[{"embeddable":true,"href":"https:\/\/coqhcyt.qroo.gob.mx\/index.php\/wp-json\/wp\/v2\/comments?post=37951"}],"version-history":[{"count":4,"href":"https:\/\/coqhcyt.qroo.gob.mx\/index.php\/wp-json\/wp\/v2\/pages\/37951\/revisions"}],"predecessor-version":[{"id":37988,"href":"https:\/\/coqhcyt.qroo.gob.mx\/index.php\/wp-json\/wp\/v2\/pages\/37951\/revisions\/37988"}],"wp:attachment":[{"href":"https:\/\/coqhcyt.qroo.gob.mx\/index.php\/wp-json\/wp\/v2\/media?parent=37951"}],"curies":[{"name":"wp","href":"https:\/\/api.w.org\/{rel}","templated":true}]}}