{"id":38017,"date":"2026-04-30T12:04:36","date_gmt":"2026-04-30T17:04:36","guid":{"rendered":"https:\/\/coqhcyt.qroo.gob.mx\/?page_id=38017"},"modified":"2026-05-13T20:40:56","modified_gmt":"2026-05-14T01:40:56","slug":"aviso-de-privacidad-coqhcyt","status":"publish","type":"page","link":"https:\/\/coqhcyt.qroo.gob.mx\/index.php\/aviso-de-privacidad-coqhcyt\/","title":{"rendered":"Aviso de Privacidad COQHCYT"},"content":{"rendered":"\n<p>Dar click para conocer los documentos<\/p>\n\n\n\n<figure class=\"wp-block-table\"><table class=\"has-fixed-layout\"><tbody><tr><td>&nbsp;<\/td><td class=\"has-text-align-center\" data-align=\"center\">INTEGRAL<\/td><td class=\"has-text-align-center\" data-align=\"center\">SIMPLIFICADO<\/td><\/tr><tr><td>AVISO DE PRIVACIDAD DE OFICIAL\u00cdA DE PARTES DEL CONSEJO QUINTANARROENSE DE HUMANIDADES, CIENCIAS Y TECNOLOG\u00cdAS<\/td><td class=\"has-text-align-center\" data-align=\"center\"><a href=\"https:\/\/docs.google.com\/document\/d\/1hxEqrdUYTmt5jZZTW7POeHgyrU6J3j6W\/edit?usp=drive_link&amp;ouid=116203931739458345668&amp;rtpof=true&amp;sd=true\">PDF<\/a><\/td><td class=\"has-text-align-center\" data-align=\"center\"><a href=\"https:\/\/docs.google.com\/document\/d\/10FN5WMq3LErmZitrP0EBmFKmt_4tPwcL\/edit?usp=drive_link&amp;ouid=116203931739458345668&amp;rtpof=true&amp;sd=true\">PDF<\/a><a href=\"https:\/\/docs.google.com\/document\/d\/10FN5WMq3LErmZitrP0EBmFKmt_4tPwcL\/edit?usp=drive_link&amp;ouid=116203931739458345668&amp;rtpof=true&amp;sd=true\"><\/a><\/td><\/tr><tr><td>AVISO DE PRIVACIDAD PARA LA TOMA DE FOTOGRAF\u00cdAS Y USO DE IM\u00c1GENES PARA LA DIFUSI\u00d3N INSTITUCIONAL DEL CONSEJO QUINTANARROENSE DE HUMANIDADES, CIENCIAS Y TECNOLOG\u00cdAS<\/td><td class=\"has-text-align-center\" data-align=\"center\"><a href=\"https:\/\/docs.google.com\/document\/d\/1R6yx4lk_m4iB5DBsvWuOA9heCz4M9qd3\/edit?usp=drive_link&amp;ouid=116203931739458345668&amp;rtpof=true&amp;sd=true\">PDF<\/a><br><\/td><td class=\"has-text-align-center\" data-align=\"center\"><a href=\"https:\/\/docs.google.com\/document\/d\/1uPd3KscNZHz2-lXDwASOm5qnnCWYSHir\/edit?usp=drive_link&amp;ouid=116203931739458345668&amp;rtpof=true&amp;sd=true\">PDF<\/a><br>\u00a0<\/td><\/tr><tr><td>AVISO DE PRIVACIDAD PARA EL REGISTRO DE VISITAS, ENTRADAS Y SALIDAS EN LAS INSTALACIONES DEL CONSEJO QUINTANARROENSE DE HUMANIDADES, CIENCIAS Y TECNOLOG\u00cdAS<\/td><td class=\"has-text-align-center\" data-align=\"center\"><a href=\"https:\/\/docs.google.com\/document\/d\/1pc60b3qJX40kibxePWRnj9HxsrFDRqbk\/edit?usp=drive_link&amp;ouid=116203931739458345668&amp;rtpof=true&amp;sd=true\">\u00a0PDF<\/a><\/td><td class=\"has-text-align-center\" data-align=\"center\"><a href=\"https:\/\/docs.google.com\/document\/d\/11MsG264D9xKaoXLlYGr8DEeZhmWmipXW\/edit?usp=drive_link&amp;ouid=116203931739458345668&amp;rtpof=true&amp;sd=true\">PDF\u00a0<\/a><\/td><\/tr><tr><td>AVISO DE PRIVACIDAD PARA LA RECEPCI\u00d3N DE PETICIONES, OPINIONES, QUEJAS, DENUNCIAS, O SUGERENCIAS DIRIGIDAS AL CONSEJO QUINTANARROENSE DE HUMANIDADES, CIENCIAS Y TECNOLOG\u00cdAS<\/td><td class=\"has-text-align-center\" data-align=\"center\">\u00a0<a href=\"https:\/\/docs.google.com\/document\/d\/160r5QcAK0XOSyXSDLVyNwVxN6Cbx7tM7\/edit?usp=drive_link&amp;ouid=116203931739458345668&amp;rtpof=true&amp;sd=true\">PDF<\/a><\/td><td class=\"has-text-align-center\" data-align=\"center\"><a href=\"https:\/\/docs.google.com\/document\/d\/1aKsx7MP82XH4VrfQOv6Rm0uFHdAS1cdS\/edit?usp=drive_link&amp;ouid=116203931739458345668&amp;rtpof=true&amp;sd=true\">PDF<\/a>\u00a0<\/td><\/tr><tr><td>AVISO DE PRIVACIDAD PARA EL REGISTRO DE ASISTENCIA A LAS SESIONES DE LA H. JUNTA DE GOBIERNO DEL CONSEJO QUINTANARROENSE DE HUMANIDADES, CIENCIAS Y TECNOLOG\u00cdAS<\/td><td class=\"has-text-align-center\" data-align=\"center\"><a href=\"https:\/\/docs.google.com\/document\/d\/1Psso6_IgqJqhzGJE0uA4FJUwC20qfnnL\/edit?usp=drive_link&amp;ouid=116203931739458345668&amp;rtpof=true&amp;sd=true\">\u00a0PDF<\/a><\/td><td class=\"has-text-align-center\" data-align=\"center\"><a href=\"https:\/\/docs.google.com\/document\/d\/1KKf014ZC2fDJIvVdo4N3JxeqcwyEOdsw\/edit?usp=drive_link&amp;ouid=116203931739458345668&amp;rtpof=true&amp;sd=true\">PDF<\/a>\u00a0<\/td><\/tr><tr><td>AVISO DE PRIVACIDAD PARA EL REGISTRO DE ASISTENCIA A LAS SESIONES DEL COMIT\u00c9 DE TRANSPARENCIA DEL CONSEJO QUINTANARROENSE DE HUMANIDADES, CIENCIAS Y TECNOLOG\u00cdAS<\/td><td class=\"has-text-align-center\" data-align=\"center\">\u00a0<a href=\"https:\/\/docs.google.com\/document\/d\/1B8IdrJ27RBgR5F2YBRm4ByBkv6-9UBCh\/edit?usp=drive_link&amp;ouid=116203931739458345668&amp;rtpof=true&amp;sd=true\">PDF<\/a><\/td><td class=\"has-text-align-center\" data-align=\"center\"><a href=\"https:\/\/docs.google.com\/document\/d\/1DlSiZMKkmlE9cJK8wACh_uocGloi5fZQ\/edit?usp=drive_link&amp;ouid=116203931739458345668&amp;rtpof=true&amp;sd=true\">\u00a0PDF<\/a><\/td><\/tr><tr><td>AVISO DE PRIVACIDAD ESCRITO DE DELACI\u00d3N, PARA LA PRESENTACI\u00d3N DE UNA DENUNCIA ANTE EL COMIT\u00c9 DE \u00c9TICA Y PREVENCI\u00d3N DE CONFLICTO DE INTERESES DEL CONSEJO QUINTANARROENSE DE HUMANIDADES, CIENCIAS Y TECNOLOG\u00cdAS<\/td><td class=\"has-text-align-center\" data-align=\"center\">\u00a0<a href=\"https:\/\/docs.google.com\/document\/d\/1hCTRZy8NG64yT8gJFigG5qDRyuu0tDnP\/edit?usp=drive_link&amp;ouid=116203931739458345668&amp;rtpof=true&amp;sd=true\">PDF<\/a><\/td><td class=\"has-text-align-center\" data-align=\"center\"><a href=\"https:\/\/docs.google.com\/document\/d\/1U4ARd0QAwH8k7kzITdcp_tjoaH_SKx9N\/edit?usp=drive_link&amp;ouid=116203931739458345668&amp;rtpof=true&amp;sd=true\">PDF<\/a><\/td><\/tr><tr><td>AVISO DE PRIVACIDAD RECEPCI\u00d3N DE DENUNCIAS POR INCUMPLIMIENTO A LA PUBLICACI\u00d3N DE LAS OBLIGACIONES DE TRANSPARENCIA<\/td><td class=\"has-text-align-center\" data-align=\"center\">\u00a0<a href=\"https:\/\/docs.google.com\/document\/d\/1GnvR70ER4wprLh6fLjI-Sn4ewlts_Ikx\/edit?usp=drive_link&amp;ouid=116203931739458345668&amp;rtpof=true&amp;sd=true\">PDF<\/a><\/td><td class=\"has-text-align-center\" data-align=\"center\"><a href=\"https:\/\/docs.google.com\/document\/d\/1xEYlD8f3Pc-1JcLspQPlDtVNJ573IoIu\/edit?usp=drive_link&amp;ouid=116203931739458345668&amp;rtpof=true&amp;sd=true\">PDF\u00a0<\/a><\/td><\/tr><tr><td>AVISO DE PRIVACIDAD RECEPCI\u00d3N DE RECURSOS DE REVISI\u00d3N EN CONTRA DE RESPUESTAS O FALTA DE RESPUESTAS A SOLICITUDES DE INFORMACI\u00d3N P\u00daBLICA Y\/O DEL EJERCICIO DE DERECHOS DE ACCESO, RECTIFICACI\u00d3N, CANCELACI\u00d3N, OPOSICI\u00d3N DE SUS DATOS PERSONALES Y DE PORTABILIDAD<\/td><td class=\"has-text-align-center\" data-align=\"center\">\u00a0<a href=\"https:\/\/docs.google.com\/document\/d\/1PCgs1J2jU8_Uer4wuXl6OfLhEJZx6m-3\/edit?usp=drive_link&amp;ouid=116203931739458345668&amp;rtpof=true&amp;sd=true\">PDF<\/a><\/td><td class=\"has-text-align-center\" data-align=\"center\"><a href=\"https:\/\/docs.google.com\/document\/d\/1M10PIuofyKwUmWxrtBDum0RTMDGm3P2I\/edit?usp=drive_link&amp;ouid=116203931739458345668&amp;rtpof=true&amp;sd=true\">PDF\u00a0<\/a><\/td><\/tr><tr><td>AVISO DE PRIVACIDAD PARA SOLICITUDES DE ACCESO A LA INFORMACI\u00d3N P\u00daBLICA<\/td><td class=\"has-text-align-center\" data-align=\"center\"><a href=\"https:\/\/docs.google.com\/document\/d\/13OHuNdz4u8g2EAQl3l6KUacH10cp0-Gg\/edit?usp=drive_link&amp;ouid=116203931739458345668&amp;rtpof=true&amp;sd=true\">\u00a0PDF<\/a><\/td><td class=\"has-text-align-center\" data-align=\"center\"><a href=\"https:\/\/docs.google.com\/document\/d\/1JvPzf3QgR3_q7qA0rK577FSkHE3aHA6G\/edit?usp=drive_link&amp;ouid=116203931739458345668&amp;rtpof=true&amp;sd=true\">PDF\u00a0<\/a><\/td><\/tr><tr><td>AVISO DE PRIVACIDAD PARA SOLICITUDES DEL EJERCICIO DE LOS DERECHOS DE ACCESO, RECTIFICACI\u00d3N, CANCELACI\u00d3N Y OPOSICI\u00d3N (ARCO) Y PORTABILIDAD<\/td><td class=\"has-text-align-center\" data-align=\"center\"><a href=\"https:\/\/docs.google.com\/document\/d\/1AIOESZ-9AkHs4bjG0aRaq9KvSFJb7TpI\/edit?usp=drive_link&amp;ouid=116203931739458345668&amp;rtpof=true&amp;sd=true\">\u00a0PDF<\/a><\/td><td class=\"has-text-align-center\" data-align=\"center\"><a href=\"https:\/\/docs.google.com\/document\/d\/1_8p0TpJcB13_8OgUxDgxx6XzZSV6tK1M\/edit?usp=drive_link&amp;ouid=116203931739458345668&amp;rtpof=true&amp;sd=true\">PDF\u00a0<\/a><\/td><\/tr><tr><td>AVISO DE PRIVACIDAD PARA LA PARTICIPACI\u00d3N EN LAS CONVOCATORIAS DE LOS PROGRAMAS DE LA COORDINACI\u00d3N GENERAL DE ARTICULACI\u00d3N Y ACCESO UNIVERSAL AL CONOCIMIENTO DEL CONSEJO QUINTANARROENSE DE HUMANIDADES, CIENCIAS Y TECNOLOG\u00cdAS<\/td><td class=\"has-text-align-center\" data-align=\"center\"><a href=\"https:\/\/docs.google.com\/document\/d\/1pjMcvS2EvRwsMtO1enLNCpKAvdCDrKHL\/edit?usp=drive_link&amp;ouid=116203931739458345668&amp;rtpof=true&amp;sd=true\">\u00a0PDF<\/a><\/td><td class=\"has-text-align-center\" data-align=\"center\"><a href=\"https:\/\/docs.google.com\/document\/d\/1h0LGcwPJIc_ScvjF4iWJJ_lVdP7uRg0d\/edit?usp=drive_link&amp;ouid=116203931739458345668&amp;rtpof=true&amp;sd=true\">PDF\u00a0<\/a><\/td><\/tr><tr><td>AVISO DE PRIVACIDAD CARTA RESPONSIVA Y DE AUTORIZACI\u00d3N PARA CURSOS, ACTIVIDADES O EVENTOS DEL CONSEJO QUINTANARROENSE DE HUMANIDADES, CIENCIAS Y TECNOLOG\u00cdAS<\/td><td class=\"has-text-align-center\" data-align=\"center\"><a href=\"https:\/\/docs.google.com\/document\/d\/19NhhMHvg0g63NuIisyIJz1N6KyUaxzhQ\/edit?usp=drive_link&amp;ouid=116203931739458345668&amp;rtpof=true&amp;sd=true\">\u00a0PDF<\/a><\/td><td class=\"has-text-align-center\" data-align=\"center\"><a href=\"https:\/\/docs.google.com\/document\/d\/1FkoMkjyRm02c8B1fOzF6UZrMbnLnbMsc\/edit?usp=drive_link&amp;ouid=116203931739458345668&amp;rtpof=true&amp;sd=true\">PDF\u00a0<\/a><\/td><\/tr><tr><td>AVISO DE PRIVACIDAD ENCUESTA DE SATISFACCI\u00d3N VISITANTE DE LOS PLANETARIOS DEL CONSEJO QUINTANARROENSE DE HUMANIDADES, CIENCIAS Y TECNOLOG\u00cdAS<\/td><td class=\"has-text-align-center\" data-align=\"center\">\u00a0<a href=\"https:\/\/docs.google.com\/document\/d\/1BYh3M86y0tq46CvP704kX32F625sAA-v\/edit?usp=drive_link&amp;ouid=116203931739458345668&amp;rtpof=true&amp;sd=true\">PDF<\/a><\/td><td class=\"has-text-align-center\" data-align=\"center\"><a href=\"https:\/\/docs.google.com\/document\/d\/1divIsLzq9drU5KZhRC1hSWg9CgVE52t4\/edit?usp=drive_link&amp;ouid=116203931739458345668&amp;rtpof=true&amp;sd=true\">PDF\u00a0<\/a><\/td><\/tr><tr><td>AVISO DE PRIVACIDAD PARA EL REGISTRO DE ASISTENCIA A ACTIVIDADES Y EVENTOS DEL CONSEJO QUINTANARROENSE DE HUMANIDADES, CIENCIAS Y TECNOLOG\u00cdAS<\/td><td class=\"has-text-align-center\" data-align=\"center\"><a href=\"https:\/\/docs.google.com\/document\/d\/1yy6aeexi7vyc9mtVIkKtLKZksTq-I45Q\/edit?usp=drive_link&amp;ouid=116203931739458345668&amp;rtpof=true&amp;sd=true\">\u00a0PDF<\/a><\/td><td class=\"has-text-align-center\" data-align=\"center\"><a href=\"https:\/\/docs.google.com\/document\/d\/13up9eKPi_o5H0VVBIhVTZix5vvnmgmy9\/edit?usp=drive_link&amp;ouid=116203931739458345668&amp;rtpof=true&amp;sd=true\">PDF\u00a0<\/a><\/td><\/tr><tr><td>AVISO DE PRIVACIDAD PARA EL REGISTRO DE ACTIVIDADES Y EVENTOS DEL CONSEJO QUINTANARROENSE DE HUMANIDADES, CIENCIAS Y TECNOLOG\u00cdAS<\/td><td class=\"has-text-align-center\" data-align=\"center\">\u00a0<a href=\"https:\/\/docs.google.com\/document\/d\/1YoVisnq-00n3bjHVsvPgu32ktgTGWR0p\/edit?usp=drive_link&amp;ouid=116203931739458345668&amp;rtpof=true&amp;sd=true\">PDF<\/a><\/td><td class=\"has-text-align-center\" data-align=\"center\"><a href=\"https:\/\/docs.google.com\/document\/d\/16YpDfeOYPpNN7CgjA1k-Xu6laAmuHyo6\/edit?usp=drive_link&amp;ouid=116203931739458345668&amp;rtpof=true&amp;sd=true\">PDF\u00a0<\/a><\/td><\/tr><tr><td>AVISO DE PRIVACIDAD PARA LA PARTICIPACI\u00d3N EN LAS CONVOCATORIAS DE LOS PROGRAMAS DE LA DIRECCI\u00d3N DE PROMOCI\u00d3N, DIFUSI\u00d3N Y DIVULGACI\u00d3N CIENT\u00cdFICA DEL CONSEJO QUINTANARROENSE DE HUMANIDADES, CIENCIAS Y TECNOLOG\u00cdAS<\/td><td class=\"has-text-align-center\" data-align=\"center\"><a href=\"https:\/\/docs.google.com\/document\/d\/1omHFIxfKAz4ufTZsZQ02l5ayeS7MuLxd\/edit?usp=drive_link&amp;ouid=116203931739458345668&amp;rtpof=true&amp;sd=true\">\u00a0PDF<\/a><\/td><td class=\"has-text-align-center\" data-align=\"center\"><a href=\"https:\/\/docs.google.com\/document\/d\/1aRsAUiyM3xYLbWXjwhcOjq1e8AKPEPEk\/edit?usp=drive_link&amp;ouid=116203931739458345668&amp;rtpof=true&amp;sd=true\">PDF\u00a0<\/a><\/td><\/tr><tr><td>AVISO DE PRIVACIDAD PARA EL REGISTRO DE ASISTENCIA A LAS SESIONES DEL COMIT\u00c9 DE CONTROL Y DESEMPE\u00d1O INSTITUCIONAL DEL CONSEJO QUINTANARROENSE DE HUMANIDADES, CIENCIAS Y TECNOLOG\u00cdAS<\/td><td class=\"has-text-align-center\" data-align=\"center\"><a href=\"https:\/\/docs.google.com\/document\/d\/1W3P3ogXWGwczsnJHGkZcR2O4A_h28d7p\/edit?usp=drive_link&amp;ouid=116203931739458345668&amp;rtpof=true&amp;sd=true\">\u00a0PDF<\/a><\/td><td class=\"has-text-align-center\" data-align=\"center\"><a href=\"https:\/\/docs.google.com\/document\/d\/1UDkjEpQWWoSBi_ecNa8Hy40zBqqJVkyW\/edit?usp=drive_link&amp;ouid=116203931739458345668&amp;rtpof=true&amp;sd=true\">PDF\u00a0<\/a><\/td><\/tr><tr><td>AVISO DE PRIVACIDAD PARA LA PARTICIPACI\u00d3N EN LAS CONVOCATORIAS DE LOS PROGRAMAS DE LA DIRECCI\u00d3N DE INVESTIGACI\u00d3N DEL CONSEJO QUINTANARROENSE DE HUMANIDADES, CIENCIAS Y TECNOLOG\u00cdAS<\/td><td class=\"has-text-align-center\" data-align=\"center\">\u00a0<a href=\"https:\/\/docs.google.com\/document\/d\/1EGVXPoQbazqZSnKlan2CwkD6CRE_o9Ze\/edit?usp=drive_link&amp;ouid=116203931739458345668&amp;rtpof=true&amp;sd=true\">PDF<\/a><\/td><td class=\"has-text-align-center\" data-align=\"center\"><a href=\"https:\/\/docs.google.com\/document\/d\/1pgJj0oqfZ7vOo3vQ-SHDgpqP52Tun62J\/edit?usp=drive_link&amp;ouid=116203931739458345668&amp;rtpof=true&amp;sd=true\">PDF<\/a><\/td><\/tr><tr><td>AVISO DE PRIVACIDAD PARA EL PROGRAMA INTERNO DE PROTECCI\u00d3N CIVIL DEL CONSEJO QUINTANARROENSE DE HUMANIDADES, CIENCIAS Y TECNOLOG\u00cdAS<\/td><td class=\"has-text-align-center\" data-align=\"center\"><a href=\"https:\/\/docs.google.com\/document\/d\/1ytgRo2wvdybxTmKOK-nOfToNTLfZIMmR\/edit?usp=drive_link&amp;ouid=116203931739458345668&amp;rtpof=true&amp;sd=true\">\u00a0PDF<\/a><\/td><td class=\"has-text-align-center\" data-align=\"center\"><a href=\"https:\/\/docs.google.com\/document\/d\/1qjauPxrIzG_PCLFgFYY_GXyI70NPkqth\/edit?usp=drive_link&amp;ouid=116203931739458345668&amp;rtpof=true&amp;sd=true\">PDF<\/a><\/td><\/tr><tr><td>AVISO DE PRIVACIDAD PARA PROVEEDORES DEL CONSEJO QUINTANARROENSE DE HUMANIDADES, CIENCIAS Y TECNOLOG\u00cdAS<\/td><td class=\"has-text-align-center\" data-align=\"center\">\u00a0<a href=\"https:\/\/docs.google.com\/document\/d\/17GZpEfrCVq6GGSFMKvBz3B89Qt9O8EX4\/edit?usp=drive_link&amp;ouid=116203931739458345668&amp;rtpof=true&amp;sd=true\">PDF<\/a><\/td><td class=\"has-text-align-center\" data-align=\"center\"><a href=\"https:\/\/docs.google.com\/document\/d\/1aOlmPATSIOzhup115a66T5dly2-ZX9JW\/edit?usp=drive_link&amp;ouid=116203931739458345668&amp;rtpof=true&amp;sd=true\">PDF\u00a0<\/a><\/td><\/tr><tr><td>AVISO DE PRIVACIDAD DEL SISTEMA DE REGISTROS DE ENTRADAS Y SALIDAS DEL PERSONAL DEL CONSEJO QUINTANARROENSE DE HUMANIDADES, CIENCIAS Y TECNOLOG\u00cdAS<\/td><td class=\"has-text-align-center\" data-align=\"center\"><a href=\"https:\/\/docs.google.com\/document\/d\/1d-AFDjYYTQ9k9Hr68OOcgtvH0Hq9ycqr\/edit?usp=drive_link&amp;ouid=116203931739458345668&amp;rtpof=true&amp;sd=true\">\u00a0PDF<\/a><\/td><td class=\"has-text-align-center\" data-align=\"center\"><a href=\"https:\/\/docs.google.com\/document\/d\/16iIhXFT4owiBF77Cvk54-_6Wb-204RoX\/edit?usp=drive_link&amp;ouid=116203931739458345668&amp;rtpof=true&amp;sd=true\">PDF\u00a0<\/a><\/td><\/tr><tr><td>AVISO DE PRIVACIDAD PARA EXPEDIENTES DE RECURSOS HUMANOS DEL CONSEJO QUINTANARROENSE DE HUMANIDADES, CIENCIAS Y TECNOLOG\u00cdAS<\/td><td class=\"has-text-align-center\" data-align=\"center\">\u00a0<a href=\"https:\/\/docs.google.com\/document\/d\/1g4gZsI8Y_Tp0y4kGkmUbbgN7yB2Evm2F\/edit?usp=drive_link&amp;ouid=116203931739458345668&amp;rtpof=true&amp;sd=true\">PDF<\/a><\/td><td class=\"has-text-align-center\" data-align=\"center\"><a href=\"https:\/\/docs.google.com\/document\/d\/19hozRTf6_SMFVZkRIf5MYlbDtq_FAhzc\/edit?usp=drive_link&amp;ouid=116203931739458345668&amp;rtpof=true&amp;sd=true\">PDF<\/a>\u00a0<\/td><\/tr><\/tbody><\/table><\/figure>\n","protected":false},"excerpt":{"rendered":"<p>Dar click para conocer los documentos &nbsp; INTEGRAL SIMPLIFICADO AVISO DE PRIVACIDAD DE OFICIAL\u00cdA DE PARTES DEL CONSEJO QUINTANARROENSE DE HUMANIDADES, CIENCIAS Y TECNOLOG\u00cdAS PDF PDF AVISO DE PRIVACIDAD PARA LA TOMA DE FOTOGRAF\u00cdAS Y USO DE IM\u00c1GENES PARA LA DIFUSI\u00d3N INSTITUCIONAL DEL CONSEJO QUINTANARROENSE DE HUMANIDADES, CIENCIAS Y TECNOLOG\u00cdAS PDF PDF\u00a0 AVISO DE PRIVACIDAD &#8230; <a title=\"Aviso de Privacidad COQHCYT\" class=\"read-more\" href=\"https:\/\/coqhcyt.qroo.gob.mx\/index.php\/aviso-de-privacidad-coqhcyt\/\" aria-label=\"Leer m\u00e1s sobre Aviso de Privacidad COQHCYT\">Leer m\u00e1s<\/a><\/p>\n","protected":false},"author":4,"featured_media":0,"parent":0,"menu_order":0,"comment_status":"closed","ping_status":"closed","template":"","meta":{"_eb_attr":"","footnotes":""},"class_list":["post-38017","page","type-page","status-publish"],"yoast_head":"<!-- This site is optimized with the Yoast SEO plugin v27.6 - https:\/\/yoast.com\/product\/yoast-seo-wordpress\/ -->\n<title>Aviso de Privacidad COQHCYT - Consejo Quintanarroense de Humanidades, Ciencias y Tecnolog\u00edas<\/title>\n<meta name=\"robots\" content=\"index, follow, max-snippet:-1, max-image-preview:large, max-video-preview:-1\" \/>\n<link rel=\"canonical\" href=\"https:\/\/coqhcyt.qroo.gob.mx\/index.php\/aviso-de-privacidad-coqhcyt\/\" \/>\n<meta property=\"og:locale\" content=\"es_MX\" \/>\n<meta property=\"og:type\" content=\"article\" \/>\n<meta property=\"og:title\" content=\"Aviso de Privacidad COQHCYT - Consejo Quintanarroense de Humanidades, Ciencias y Tecnolog\u00edas\" \/>\n<meta property=\"og:description\" content=\"Dar click para conocer los documentos &nbsp; INTEGRAL SIMPLIFICADO AVISO DE PRIVACIDAD DE OFICIAL\u00cdA DE PARTES DEL CONSEJO QUINTANARROENSE DE HUMANIDADES, CIENCIAS Y TECNOLOG\u00cdAS PDF PDF AVISO DE PRIVACIDAD PARA LA TOMA DE FOTOGRAF\u00cdAS Y USO DE IM\u00c1GENES PARA LA DIFUSI\u00d3N INSTITUCIONAL DEL CONSEJO QUINTANARROENSE DE HUMANIDADES, CIENCIAS Y TECNOLOG\u00cdAS PDF PDF\u00a0 AVISO DE PRIVACIDAD ... Leer m\u00e1s\" \/>\n<meta property=\"og:url\" content=\"https:\/\/coqhcyt.qroo.gob.mx\/index.php\/aviso-de-privacidad-coqhcyt\/\" \/>\n<meta property=\"og:site_name\" content=\"Consejo Quintanarroense de Humanidades, Ciencias y Tecnolog\u00edas\" \/>\n<meta property=\"article:modified_time\" content=\"2026-05-14T01:40:56+00:00\" \/>\n<meta name=\"twitter:card\" content=\"summary_large_image\" \/>\n<meta name=\"twitter:label1\" content=\"Tiempo de lectura\" \/>\n\t<meta name=\"twitter:data1\" content=\"3 minutos\" \/>\n<script type=\"application\/ld+json\" class=\"yoast-schema-graph\">{\"@context\":\"https:\\\/\\\/schema.org\",\"@graph\":[{\"@type\":\"WebPage\",\"@id\":\"https:\\\/\\\/coqhcyt.qroo.gob.mx\\\/index.php\\\/aviso-de-privacidad-coqhcyt\\\/\",\"url\":\"https:\\\/\\\/coqhcyt.qroo.gob.mx\\\/index.php\\\/aviso-de-privacidad-coqhcyt\\\/\",\"name\":\"Aviso de Privacidad COQHCYT - Consejo Quintanarroense de Humanidades, Ciencias y Tecnolog\u00edas\",\"isPartOf\":{\"@id\":\"https:\\\/\\\/coqhcyt.qroo.gob.mx\\\/#website\"},\"datePublished\":\"2026-04-30T17:04:36+00:00\",\"dateModified\":\"2026-05-14T01:40:56+00:00\",\"breadcrumb\":{\"@id\":\"https:\\\/\\\/coqhcyt.qroo.gob.mx\\\/index.php\\\/aviso-de-privacidad-coqhcyt\\\/#breadcrumb\"},\"inLanguage\":\"es\",\"potentialAction\":[{\"@type\":\"ReadAction\",\"target\":[\"https:\\\/\\\/coqhcyt.qroo.gob.mx\\\/index.php\\\/aviso-de-privacidad-coqhcyt\\\/\"]}]},{\"@type\":\"BreadcrumbList\",\"@id\":\"https:\\\/\\\/coqhcyt.qroo.gob.mx\\\/index.php\\\/aviso-de-privacidad-coqhcyt\\\/#breadcrumb\",\"itemListElement\":[{\"@type\":\"ListItem\",\"position\":1,\"name\":\"Inicio\",\"item\":\"https:\\\/\\\/coqhcyt.qroo.gob.mx\\\/\"},{\"@type\":\"ListItem\",\"position\":2,\"name\":\"Aviso de Privacidad COQHCYT\"}]},{\"@type\":\"WebSite\",\"@id\":\"https:\\\/\\\/coqhcyt.qroo.gob.mx\\\/#website\",\"url\":\"https:\\\/\\\/coqhcyt.qroo.gob.mx\\\/\",\"name\":\"Consejo Quintanarroense de Humanidades, Ciencias y Tecnolog\u00edas\",\"description\":\"COQHCYT, anteriormente conocida como COQCYT Quintana Roo atendemos los estudios de las humanidades, ciencia y tecnolog\u00eda del estado de Quintana Roo\",\"publisher\":{\"@id\":\"https:\\\/\\\/coqhcyt.qroo.gob.mx\\\/#organization\"},\"potentialAction\":[{\"@type\":\"SearchAction\",\"target\":{\"@type\":\"EntryPoint\",\"urlTemplate\":\"https:\\\/\\\/coqhcyt.qroo.gob.mx\\\/?s={search_term_string}\"},\"query-input\":{\"@type\":\"PropertyValueSpecification\",\"valueRequired\":true,\"valueName\":\"search_term_string\"}}],\"inLanguage\":\"es\"},{\"@type\":\"Organization\",\"@id\":\"https:\\\/\\\/coqhcyt.qroo.gob.mx\\\/#organization\",\"name\":\"Consejo Quintanarroense de Humanidades, Ciencias y Tecnolog\u00edas\",\"url\":\"https:\\\/\\\/coqhcyt.qroo.gob.mx\\\/\",\"logo\":{\"@type\":\"ImageObject\",\"inLanguage\":\"es\",\"@id\":\"https:\\\/\\\/coqhcyt.qroo.gob.mx\\\/#\\\/schema\\\/logo\\\/image\\\/\",\"url\":\"https:\\\/\\\/coqhcyt.qroo.gob.mx\\\/wp-content\\\/uploads\\\/2024\\\/08\\\/cropped-LOGO-COQHCYT-e1724120083330.png\",\"contentUrl\":\"https:\\\/\\\/coqhcyt.qroo.gob.mx\\\/wp-content\\\/uploads\\\/2024\\\/08\\\/cropped-LOGO-COQHCYT-e1724120083330.png\",\"width\":6127,\"height\":1863,\"caption\":\"Consejo Quintanarroense de Humanidades, Ciencias y Tecnolog\u00edas\"},\"image\":{\"@id\":\"https:\\\/\\\/coqhcyt.qroo.gob.mx\\\/#\\\/schema\\\/logo\\\/image\\\/\"}}]}<\/script>\n<!-- \/ Yoast SEO plugin. -->","yoast_head_json":{"title":"Aviso de Privacidad COQHCYT - Consejo Quintanarroense de Humanidades, Ciencias y Tecnolog\u00edas","robots":{"index":"index","follow":"follow","max-snippet":"max-snippet:-1","max-image-preview":"max-image-preview:large","max-video-preview":"max-video-preview:-1"},"canonical":"https:\/\/coqhcyt.qroo.gob.mx\/index.php\/aviso-de-privacidad-coqhcyt\/","og_locale":"es_MX","og_type":"article","og_title":"Aviso de Privacidad COQHCYT - Consejo Quintanarroense de Humanidades, Ciencias y Tecnolog\u00edas","og_description":"Dar click para conocer los documentos &nbsp; INTEGRAL SIMPLIFICADO AVISO DE PRIVACIDAD DE OFICIAL\u00cdA DE PARTES DEL CONSEJO QUINTANARROENSE DE HUMANIDADES, CIENCIAS Y TECNOLOG\u00cdAS PDF PDF AVISO DE PRIVACIDAD PARA LA TOMA DE FOTOGRAF\u00cdAS Y USO DE IM\u00c1GENES PARA LA DIFUSI\u00d3N INSTITUCIONAL DEL CONSEJO QUINTANARROENSE DE HUMANIDADES, CIENCIAS Y TECNOLOG\u00cdAS PDF PDF\u00a0 AVISO DE PRIVACIDAD ... Leer m\u00e1s","og_url":"https:\/\/coqhcyt.qroo.gob.mx\/index.php\/aviso-de-privacidad-coqhcyt\/","og_site_name":"Consejo Quintanarroense de Humanidades, Ciencias y Tecnolog\u00edas","article_modified_time":"2026-05-14T01:40:56+00:00","twitter_card":"summary_large_image","twitter_misc":{"Tiempo de lectura":"3 minutos"},"schema":{"@context":"https:\/\/schema.org","@graph":[{"@type":"WebPage","@id":"https:\/\/coqhcyt.qroo.gob.mx\/index.php\/aviso-de-privacidad-coqhcyt\/","url":"https:\/\/coqhcyt.qroo.gob.mx\/index.php\/aviso-de-privacidad-coqhcyt\/","name":"Aviso de Privacidad COQHCYT - Consejo Quintanarroense de Humanidades, Ciencias y Tecnolog\u00edas","isPartOf":{"@id":"https:\/\/coqhcyt.qroo.gob.mx\/#website"},"datePublished":"2026-04-30T17:04:36+00:00","dateModified":"2026-05-14T01:40:56+00:00","breadcrumb":{"@id":"https:\/\/coqhcyt.qroo.gob.mx\/index.php\/aviso-de-privacidad-coqhcyt\/#breadcrumb"},"inLanguage":"es","potentialAction":[{"@type":"ReadAction","target":["https:\/\/coqhcyt.qroo.gob.mx\/index.php\/aviso-de-privacidad-coqhcyt\/"]}]},{"@type":"BreadcrumbList","@id":"https:\/\/coqhcyt.qroo.gob.mx\/index.php\/aviso-de-privacidad-coqhcyt\/#breadcrumb","itemListElement":[{"@type":"ListItem","position":1,"name":"Inicio","item":"https:\/\/coqhcyt.qroo.gob.mx\/"},{"@type":"ListItem","position":2,"name":"Aviso de Privacidad COQHCYT"}]},{"@type":"WebSite","@id":"https:\/\/coqhcyt.qroo.gob.mx\/#website","url":"https:\/\/coqhcyt.qroo.gob.mx\/","name":"Consejo Quintanarroense de Humanidades, Ciencias y Tecnolog\u00edas","description":"COQHCYT, anteriormente conocida como COQCYT Quintana Roo atendemos los estudios de las humanidades, ciencia y tecnolog\u00eda del estado de Quintana Roo","publisher":{"@id":"https:\/\/coqhcyt.qroo.gob.mx\/#organization"},"potentialAction":[{"@type":"SearchAction","target":{"@type":"EntryPoint","urlTemplate":"https:\/\/coqhcyt.qroo.gob.mx\/?s={search_term_string}"},"query-input":{"@type":"PropertyValueSpecification","valueRequired":true,"valueName":"search_term_string"}}],"inLanguage":"es"},{"@type":"Organization","@id":"https:\/\/coqhcyt.qroo.gob.mx\/#organization","name":"Consejo Quintanarroense de Humanidades, Ciencias y Tecnolog\u00edas","url":"https:\/\/coqhcyt.qroo.gob.mx\/","logo":{"@type":"ImageObject","inLanguage":"es","@id":"https:\/\/coqhcyt.qroo.gob.mx\/#\/schema\/logo\/image\/","url":"https:\/\/coqhcyt.qroo.gob.mx\/wp-content\/uploads\/2024\/08\/cropped-LOGO-COQHCYT-e1724120083330.png","contentUrl":"https:\/\/coqhcyt.qroo.gob.mx\/wp-content\/uploads\/2024\/08\/cropped-LOGO-COQHCYT-e1724120083330.png","width":6127,"height":1863,"caption":"Consejo Quintanarroense de Humanidades, Ciencias y Tecnolog\u00edas"},"image":{"@id":"https:\/\/coqhcyt.qroo.gob.mx\/#\/schema\/logo\/image\/"}}]}},"_links":{"self":[{"href":"https:\/\/coqhcyt.qroo.gob.mx\/index.php\/wp-json\/wp\/v2\/pages\/38017","targetHints":{"allow":["GET"]}}],"collection":[{"href":"https:\/\/coqhcyt.qroo.gob.mx\/index.php\/wp-json\/wp\/v2\/pages"}],"about":[{"href":"https:\/\/coqhcyt.qroo.gob.mx\/index.php\/wp-json\/wp\/v2\/types\/page"}],"author":[{"embeddable":true,"href":"https:\/\/coqhcyt.qroo.gob.mx\/index.php\/wp-json\/wp\/v2\/users\/4"}],"replies":[{"embeddable":true,"href":"https:\/\/coqhcyt.qroo.gob.mx\/index.php\/wp-json\/wp\/v2\/comments?post=38017"}],"version-history":[{"count":4,"href":"https:\/\/coqhcyt.qroo.gob.mx\/index.php\/wp-json\/wp\/v2\/pages\/38017\/revisions"}],"predecessor-version":[{"id":38041,"href":"https:\/\/coqhcyt.qroo.gob.mx\/index.php\/wp-json\/wp\/v2\/pages\/38017\/revisions\/38041"}],"wp:attachment":[{"href":"https:\/\/coqhcyt.qroo.gob.mx\/index.php\/wp-json\/wp\/v2\/media?parent=38017"}],"curies":[{"name":"wp","href":"https:\/\/api.w.org\/{rel}","templated":true}]}}